{"id":2551,"date":"2021-12-29T12:59:00","date_gmt":"2021-12-29T09:59:00","guid":{"rendered":"https:\/\/demo.akarsolar.com.tr\/?page_id=2551"},"modified":"2022-03-06T21:46:36","modified_gmt":"2022-03-06T18:46:36","slug":"web-monitoring","status":"publish","type":"page","link":"https:\/\/akarsolar.com.tr\/tr\/sunways\/web-monitoring\/","title":{"rendered":"Sunways Web \u0130zleme"},"content":{"rendered":"<p><div class=\"fusion-fullwidth fullwidth-box fusion-builder-row-1 fusion-flex-container fusion-parallax-none sunways-hero-header nonhundred-percent-fullwidth non-hundred-percent-height-scrolling lazyload\" style=\"background-color: rgba(255,255,255,0);background-position: center center;background-repeat: no-repeat;border-width: 0px 0px 0px 0px;border-color:#eae9e9;border-style:solid;-webkit-background-size:cover;-moz-background-size:cover;-o-background-size:cover;background-size:cover;\" data-bg=\"https:\/\/akarsolar.com.tr\/wp-content\/uploads\/2021\/06\/pr1.jpeg\" ><div class=\"fusion-builder-row fusion-row fusion-flex-align-items-flex-start\" style=\"max-width:1216.8px;margin-left: calc(-4% \/ 2 );margin-right: calc(-4% \/ 2 );\"><div class=\"fusion-layout-column fusion_builder_column fusion-builder-column-0 fusion_builder_column_2_5 2_5 fusion-flex-column\"><div class=\"fusion-column-wrapper fusion-flex-justify-content-flex-start fusion-content-layout-column\" style=\"background-position:left top;background-repeat:no-repeat;-webkit-background-size:cover;-moz-background-size:cover;-o-background-size:cover;background-size:cover;padding: 0px 0px 0px 0px;\"><div class=\"fusion-slider-sc\"><div class=\"fusion-flexslider-loading flexslider flexslider-hover-type-none\" data-slideshow_autoplay=\"1\" data-slideshow_smooth_height=\"1\" data-slideshow_speed=\"7000\" style=\"max-width:100%;height:100%;\"><ul class=\"slides\"><li class=\"image\"><span class=\"fusion-image-hover-element hover-type-none\"><img decoding=\"async\" src=\"data:image\/svg+xml,%3Csvg%20xmlns%3D%27http%3A%2F%2Fwww.w3.org%2F2000%2Fsvg%27%20width%3D%27664%27%20height%3D%27433%27%20viewBox%3D%270%200%20664%20433%27%3E%3Crect%20width%3D%27664%27%20height%3D%27433%27%20fill-opacity%3D%220%22%2F%3E%3C%2Fsvg%3E\" width=\"664\" height=\"433\" class=\"wp-image-2554 lazyload\" data-orig-src=\"https:\/\/akarsolar.com.tr\/wp-content\/uploads\/2021\/12\/605860bd1fe1e.png\" \/><\/span><\/li><\/ul><\/div><\/div><\/div><style type=\"text\/css\">.fusion-body .fusion-builder-column-0{width:40% !important;margin-top : 0px;margin-bottom : 0px;}.fusion-builder-column-0 > .fusion-column-wrapper {padding-top : 0px !important;padding-right : 0px !important;margin-right : 4.8%;padding-bottom : 0px !important;padding-left : 0px !important;margin-left : 4.8%;}@media only screen and (max-width:1024px) {.fusion-body .fusion-builder-column-0{width:100% !important;order : 0;}.fusion-builder-column-0 > .fusion-column-wrapper {margin-right : 1.92%;margin-left : 1.92%;}}@media only screen and (max-width:640px) {.fusion-body .fusion-builder-column-0{width:100% !important;order : 0;}.fusion-builder-column-0 > .fusion-column-wrapper {margin-right : 1.92%;margin-left : 1.92%;}}<\/style><\/div><div class=\"fusion-layout-column fusion_builder_column fusion-builder-column-1 fusion_builder_column_3_5 3_5 fusion-flex-column\"><div class=\"fusion-column-wrapper fusion-flex-justify-content-flex-start fusion-content-layout-column\" style=\"background-position:left top;background-repeat:no-repeat;-webkit-background-size:cover;-moz-background-size:cover;-o-background-size:cover;background-size:cover;padding: 0px 0px 0px 0px;\"><div class=\"fusion-text fusion-text-1\"><h1>Web \u0130zleme<\/h1>\n<p>Sunways uzaktan izleme sistemi, m\u00fc\u015fterilerin tesislerinin h\u0131zl\u0131 kontrol\u00fcn\u00fc, acil durum te\u015fhisini ve y\u00f6netimini sunabilen ak\u0131ll\u0131 bir tesis izleme ve y\u00f6netim platformudur. Hem kurulumcular hem de bayiler i\u00e7in tesislerin ve m\u00fc\u015fterilerin y\u00f6netimi \u00e7ok \u00f6nemlidir ve hizmet maliyetlerini d\u00fc\u015f\u00fcrmelerine yard\u0131mc\u0131 olmas\u0131 i\u00e7in uygundur. Uzaktan izleme sisteminin yard\u0131m\u0131yla servis m\u00fchendisleri, yerinde servis olmadan uzaktan yap\u0131land\u0131rma ve \u00fcr\u00fcn yaz\u0131l\u0131m\u0131 g\u00fcncellemesi yoluyla neredeyse %50&#8217;den fazla sorunu \u00e7\u00f6zebilir.<\/p>\n<\/div><style type=\"text\/css\">@media only screen and (max-width:1024px) {.fusion-title.fusion-title-1{margin-top:0px!important; margin-right:0px!important;margin-bottom:20px!important;margin-left:0px!important;}}@media only screen and (max-width:640px) {.fusion-title.fusion-title-1{margin-top:0px!important; margin-right:0px!important;margin-bottom:20px!important; margin-left:0px!important;}}<\/style><div class=\"fusion-title title fusion-title-1 fusion-sep-none fusion-title-text fusion-title-size-one\" style=\"margin-top:0px;margin-right:0px;margin-bottom:20px;margin-left:0px;\"><h1 class=\"title-heading-left fusion-responsive-typography-calculated\" style=\"margin:0;--fontSize:36;line-height:1.40;\"><a class=\"fusion-button button-flat fusion-button-default-size button-default button-1 fusion-button-default-span fusion-button-default-type\" style=\"margin-right: 10px;\" href=\"http:\/\/monitor.sunways-tech.com\/login\">SUNWAYS PORTAL\u00a0<\/a><\/h1><\/div><\/div><style type=\"text\/css\">.fusion-body .fusion-builder-column-1{width:60% !important;margin-top : 0px;margin-bottom : 0px;}.fusion-builder-column-1 > .fusion-column-wrapper {padding-top : 0px !important;padding-right : 0px !important;margin-right : 3.2%;padding-bottom : 0px !important;padding-left : 0px !important;margin-left : 3.2%;}@media only screen and (max-width:1024px) {.fusion-body .fusion-builder-column-1{width:100% !important;order : 0;}.fusion-builder-column-1 > .fusion-column-wrapper {margin-right : 1.92%;margin-left : 1.92%;}}@media only screen and (max-width:640px) {.fusion-body .fusion-builder-column-1{width:100% !important;order : 0;}.fusion-builder-column-1 > .fusion-column-wrapper {margin-right : 1.92%;margin-left : 1.92%;}}<\/style><\/div><\/div><style type=\"text\/css\">.fusion-body .fusion-flex-container.fusion-builder-row-1{ padding-top : 0px;margin-top : 0px;padding-right : 0px;padding-bottom : 0px;margin-bottom : 0px;padding-left : 0px;}<\/style><\/div><div class=\"fusion-fullwidth fullwidth-box fusion-builder-row-2 fusion-flex-container nonhundred-percent-fullwidth non-hundred-percent-height-scrolling\" style=\"background-color: rgba(255,255,255,0);background-position: center center;background-repeat: no-repeat;border-width: 0px 0px 0px 0px;border-color:#eae9e9;border-style:solid;\" ><div class=\"fusion-builder-row fusion-row fusion-flex-align-items-center fusion-flex-justify-content-center\" style=\"max-width:1216.8px;margin-left: calc(-4% \/ 2 );margin-right: calc(-4% \/ 2 );\"><div class=\"fusion-layout-column fusion_builder_column fusion-builder-column-2 fusion_builder_column_1_1 1_1 fusion-flex-column fusion-flex-align-self-center\"><div class=\"fusion-column-wrapper fusion-flex-justify-content-center fusion-content-layout-column\" style=\"background-position:left top;background-repeat:no-repeat;-webkit-background-size:cover;-moz-background-size:cover;-o-background-size:cover;background-size:cover;padding: 0px 0px 0px 0px;\"><div ><span class=\" fusion-imageframe imageframe-none imageframe-1 hover-type-none\"><img decoding=\"async\" width=\"1540\" height=\"246\" title=\"web monitoring\" src=\"https:\/\/akarsolar.com.tr\/wp-content\/uploads\/2021\/12\/web-monitoring.jpg\" data-orig-src=\"https:\/\/akarsolar.com.tr\/wp-content\/uploads\/2021\/12\/web-monitoring.jpg\" alt class=\"lazyload img-responsive wp-image-2563\" srcset=\"data:image\/svg+xml,%3Csvg%20xmlns%3D%27http%3A%2F%2Fwww.w3.org%2F2000%2Fsvg%27%20width%3D%271540%27%20height%3D%27246%27%20viewBox%3D%270%200%201540%20246%27%3E%3Crect%20width%3D%271540%27%20height%3D%27246%27%20fill-opacity%3D%220%22%2F%3E%3C%2Fsvg%3E\" data-srcset=\"https:\/\/akarsolar.com.tr\/wp-content\/uploads\/2021\/12\/web-monitoring-200x32.jpg 200w, https:\/\/akarsolar.com.tr\/wp-content\/uploads\/2021\/12\/web-monitoring-400x64.jpg 400w, https:\/\/akarsolar.com.tr\/wp-content\/uploads\/2021\/12\/web-monitoring-600x96.jpg 600w, https:\/\/akarsolar.com.tr\/wp-content\/uploads\/2021\/12\/web-monitoring-800x128.jpg 800w, https:\/\/akarsolar.com.tr\/wp-content\/uploads\/2021\/12\/web-monitoring-1200x192.jpg 1200w, https:\/\/akarsolar.com.tr\/wp-content\/uploads\/2021\/12\/web-monitoring.jpg 1540w\" data-sizes=\"auto\" data-orig-sizes=\"(max-width: 1024px) 100vw, (max-width: 640px) 100vw, 1200px\" \/><\/span><\/div><\/div><style type=\"text\/css\">.fusion-body .fusion-builder-column-2{width:100% !important;margin-top : 0px;margin-bottom : 0px;}.fusion-builder-column-2 > .fusion-column-wrapper {padding-top : 0px !important;padding-right : 0px !important;margin-right : 1.92%;padding-bottom : 0px !important;padding-left : 0px !important;margin-left : 1.92%;}@media only screen and (max-width:1024px) {.fusion-body .fusion-builder-column-2{width:100% !important;order : 0;}.fusion-builder-column-2 > .fusion-column-wrapper {margin-right : 1.92%;margin-left : 1.92%;}}@media only screen and (max-width:640px) {.fusion-body .fusion-builder-column-2{width:100% !important;order : 0;}.fusion-builder-column-2 > .fusion-column-wrapper {margin-right : 1.92%;margin-left : 1.92%;}}<\/style><\/div><\/div><style type=\"text\/css\">.fusion-body .fusion-flex-container.fusion-builder-row-2{ padding-top : 0px;margin-top : 0px;padding-right : 0px;padding-bottom : 0px;margin-bottom : 0px;padding-left : 0px;}<\/style><\/div><div class=\"fusion-fullwidth fullwidth-box fusion-builder-row-3 fusion-flex-container fusion-parallax-none nonhundred-percent-fullwidth non-hundred-percent-height-scrolling lazyload\" style=\"background-color: #ffffff;background-position: center center;background-repeat: no-repeat;border-width: 0px 0px 0px 0px;border-color:#eae9e9;border-style:solid;-webkit-background-size:cover;-moz-background-size:cover;-o-background-size:cover;background-size:cover;\" data-bg=\"https:\/\/akarsolar.com.tr\/wp-content\/uploads\/2021\/12\/5fd32e38c868ssc.jpg\" ><div class=\"fusion-builder-row fusion-row fusion-flex-align-items-flex-start\" style=\"max-width:1216.8px;margin-left: calc(-4% \/ 2 );margin-right: calc(-4% \/ 2 );\"><div class=\"fusion-layout-column fusion_builder_column fusion-builder-column-3 fusion_builder_column_1_2 1_2 fusion-flex-column\"><div class=\"fusion-column-wrapper fusion-flex-justify-content-flex-start fusion-content-layout-column\" style=\"background-position:left top;background-repeat:no-repeat;-webkit-background-size:cover;-moz-background-size:cover;-o-background-size:cover;background-size:cover;padding: 0px 0px 0px 0px;\"><div ><span class=\" fusion-imageframe imageframe-none imageframe-2 hover-type-none\"><img decoding=\"async\" width=\"761\" height=\"694\" title=\"5fd32e38c868c\" src=\"https:\/\/akarsolar.com.tr\/wp-content\/uploads\/2021\/12\/5fd32e38c868c.jpg\" data-orig-src=\"https:\/\/akarsolar.com.tr\/wp-content\/uploads\/2021\/12\/5fd32e38c868c.jpg\" alt class=\"lazyload img-responsive wp-image-2552\" srcset=\"data:image\/svg+xml,%3Csvg%20xmlns%3D%27http%3A%2F%2Fwww.w3.org%2F2000%2Fsvg%27%20width%3D%27761%27%20height%3D%27694%27%20viewBox%3D%270%200%20761%20694%27%3E%3Crect%20width%3D%27761%27%20height%3D%27694%27%20fill-opacity%3D%220%22%2F%3E%3C%2Fsvg%3E\" data-srcset=\"https:\/\/akarsolar.com.tr\/wp-content\/uploads\/2021\/12\/5fd32e38c868c-200x182.jpg 200w, https:\/\/akarsolar.com.tr\/wp-content\/uploads\/2021\/12\/5fd32e38c868c-400x365.jpg 400w, https:\/\/akarsolar.com.tr\/wp-content\/uploads\/2021\/12\/5fd32e38c868c-600x547.jpg 600w, https:\/\/akarsolar.com.tr\/wp-content\/uploads\/2021\/12\/5fd32e38c868c.jpg 761w\" data-sizes=\"auto\" data-orig-sizes=\"(max-width: 1024px) 100vw, (max-width: 640px) 100vw, 600px\" \/><\/span><\/div><\/div><style type=\"text\/css\">.fusion-body .fusion-builder-column-3{width:50% !important;margin-top : 0px;margin-bottom : 0px;}.fusion-builder-column-3 > .fusion-column-wrapper {padding-top : 0px !important;padding-right : 0px !important;margin-right : 3.84%;padding-bottom : 0px !important;padding-left : 0px !important;margin-left : 3.84%;}@media only screen and (max-width:1024px) {.fusion-body .fusion-builder-column-3{width:100% !important;order : 0;}.fusion-builder-column-3 > .fusion-column-wrapper {margin-right : 1.92%;margin-left : 1.92%;}}@media only screen and (max-width:640px) {.fusion-body .fusion-builder-column-3{width:100% !important;order : 0;}.fusion-builder-column-3 > .fusion-column-wrapper {margin-right : 1.92%;margin-left : 1.92%;}}<\/style><\/div><div class=\"fusion-layout-column fusion_builder_column fusion-builder-column-4 fusion_builder_column_1_2 1_2 fusion-flex-column\"><div class=\"fusion-column-wrapper fusion-flex-justify-content-flex-start fusion-content-layout-column\" style=\"background-position:left top;background-repeat:no-repeat;-webkit-background-size:cover;-moz-background-size:cover;-o-background-size:cover;background-size:cover;padding: 0px 0px 0px 0px;\"><style type=\"text\/css\">@media only screen and (max-width:1024px) {.fusion-title.fusion-title-2{margin-top:0px!important; margin-right:0px!important;margin-bottom:20px!important;margin-left:0px!important;}}@media only screen and (max-width:640px) {.fusion-title.fusion-title-2{margin-top:0px!important; margin-right:0px!important;margin-bottom:20px!important; margin-left:0px!important;}}<\/style><div class=\"fusion-title title fusion-title-2 fusion-sep-none fusion-title-text fusion-title-size-one\" style=\"margin-top:0px;margin-right:0px;margin-bottom:20px;margin-left:0px;\"><h1 class=\"title-heading-left fusion-responsive-typography-calculated\" style=\"margin:0;--fontSize:36;line-height:1.40;\"><h1>Leading Features<\/h1>\n<ul>\n<li>Automatic alarm notification<\/li>\n<li>Multiple language operation supportable<\/li>\n<li>Breakingpoints data recovery up to 14 days<\/li>\n<li>Multiple level sub-organization management<\/li>\n<li>User-friendly display of the current energy flows<\/li>\n<li>Remote updates and configuration of all Sunways products<\/li>\n<li>Super fancy main dashboard creates interesting visual effect<\/li>\n<li>Toggle themes from dark mode and white mode according to your preference<\/li>\n<li>Plant\/Device\/Report checking, diagnosing and management any time anywhere<\/li>\n<\/ul><\/h1><\/div><style type=\"text\/css\">@media only screen and (max-width:1024px) {.fusion-title.fusion-title-3{margin-top:0px!important; margin-right:0px!important;margin-bottom:20px!important;margin-left:0px!important;}}@media only screen and (max-width:640px) {.fusion-title.fusion-title-3{margin-top:0px!important; margin-right:0px!important;margin-bottom:20px!important; margin-left:0px!important;}}<\/style><div class=\"fusion-title title fusion-title-3 fusion-sep-none fusion-title-text fusion-title-size-one\" style=\"margin-top:0px;margin-right:0px;margin-bottom:20px;margin-left:0px;\"><h1 class=\"title-heading-left fusion-responsive-typography-calculated\" style=\"margin:0;--fontSize:36;line-height:1.40;\"><a class=\"fusion-button button-flat fusion-button-default-size button-default button-1 fusion-button-default-span fusion-button-default-type\" style=\"margin-right: 10px;\" href=\"http:\/\/monitor.sunways-tech.com\/login\">Sunways portal\u00a0<\/a><\/h1><\/div><\/div><style type=\"text\/css\">.fusion-body .fusion-builder-column-4{width:50% !important;margin-top : 0px;margin-bottom : 0px;}.fusion-builder-column-4 > .fusion-column-wrapper {padding-top : 0px !important;padding-right : 0px !important;margin-right : 3.84%;padding-bottom : 0px !important;padding-left : 0px !important;margin-left : 3.84%;}@media only screen and (max-width:1024px) {.fusion-body .fusion-builder-column-4{width:100% !important;order : 0;}.fusion-builder-column-4 > .fusion-column-wrapper {margin-right : 1.92%;margin-left : 1.92%;}}@media only screen and (max-width:640px) {.fusion-body .fusion-builder-column-4{width:100% !important;order : 0;}.fusion-builder-column-4 > .fusion-column-wrapper {margin-right : 1.92%;margin-left : 1.92%;}}<\/style><\/div><\/div><style type=\"text\/css\">.fusion-body .fusion-flex-container.fusion-builder-row-3{ padding-top : 0px;margin-top : 0px;padding-right : 0px;padding-bottom : 0px;margin-bottom : 0px;padding-left : 0px;}<\/style><\/div><\/p>\n","protected":false},"excerpt":{"rendered":"","protected":false},"author":1,"featured_media":0,"parent":1463,"menu_order":0,"comment_status":"closed","ping_status":"closed","template":"100-width.php","meta":{"footnotes":""},"yoast_head":"<!-- This site is optimized with the Yoast SEO plugin v21.4 - https:\/\/yoast.com\/wordpress\/plugins\/seo\/ -->\n<title>Sunways Web \u0130zleme - Akar Solar Enerji Sistemleri<\/title>\n<meta name=\"robots\" content=\"index, follow, max-snippet:-1, max-image-preview:large, max-video-preview:-1\" \/>\n<link rel=\"canonical\" href=\"https:\/\/akarsolar.com.tr\/tr\/sunways\/web-monitoring\/\" \/>\n<meta property=\"og:locale\" content=\"tr_TR\" \/>\n<meta property=\"og:type\" content=\"article\" \/>\n<meta property=\"og:title\" content=\"Sunways Web \u0130zleme - Akar Solar Enerji Sistemleri\" \/>\n<meta property=\"og:url\" content=\"https:\/\/akarsolar.com.tr\/tr\/sunways\/web-monitoring\/\" \/>\n<meta property=\"og:site_name\" content=\"Akar Solar Enerji Sistemleri\" \/>\n<meta property=\"article:modified_time\" content=\"2022-03-06T18:46:36+00:00\" \/>\n<meta name=\"twitter:card\" content=\"summary_large_image\" \/>\n<meta name=\"twitter:label1\" content=\"Tahmini okuma s\u00fcresi\" \/>\n\t<meta name=\"twitter:data1\" content=\"18 dakika\" \/>\n<script type=\"application\/ld+json\" class=\"yoast-schema-graph\">{\"@context\":\"https:\/\/schema.org\",\"@graph\":[{\"@type\":\"WebPage\",\"@id\":\"https:\/\/akarsolar.com.tr\/tr\/sunways\/web-monitoring\/\",\"url\":\"https:\/\/akarsolar.com.tr\/tr\/sunways\/web-monitoring\/\",\"name\":\"Sunways Web \u0130zleme - Akar Solar Enerji Sistemleri\",\"isPartOf\":{\"@id\":\"https:\/\/akarsolar.com.tr\/tr\/#website\"},\"datePublished\":\"2021-12-29T09:59:00+00:00\",\"dateModified\":\"2022-03-06T18:46:36+00:00\",\"breadcrumb\":{\"@id\":\"https:\/\/akarsolar.com.tr\/tr\/sunways\/web-monitoring\/#breadcrumb\"},\"inLanguage\":\"tr\",\"potentialAction\":[{\"@type\":\"ReadAction\",\"target\":[\"https:\/\/akarsolar.com.tr\/tr\/sunways\/web-monitoring\/\"]}]},{\"@type\":\"BreadcrumbList\",\"@id\":\"https:\/\/akarsolar.com.tr\/tr\/sunways\/web-monitoring\/#breadcrumb\",\"itemListElement\":[{\"@type\":\"ListItem\",\"position\":1,\"name\":\"Anasayfa\",\"item\":\"https:\/\/akarsolar.com.tr\/tr\/\"},{\"@type\":\"ListItem\",\"position\":2,\"name\":\"Sunways\",\"item\":\"https:\/\/akarsolar.com.tr\/tr\/sunways\/\"},{\"@type\":\"ListItem\",\"position\":3,\"name\":\"Sunways Web \u0130zleme\"}]},{\"@type\":\"WebSite\",\"@id\":\"https:\/\/akarsolar.com.tr\/tr\/#website\",\"url\":\"https:\/\/akarsolar.com.tr\/tr\/\",\"name\":\"Akar Solar Enerji Sistemleri\",\"description\":\"G\u00fcne\u015f Enerjisi\",\"publisher\":{\"@id\":\"https:\/\/akarsolar.com.tr\/tr\/#organization\"},\"potentialAction\":[{\"@type\":\"SearchAction\",\"target\":{\"@type\":\"EntryPoint\",\"urlTemplate\":\"https:\/\/akarsolar.com.tr\/tr\/?s={search_term_string}\"},\"query-input\":\"required name=search_term_string\"}],\"inLanguage\":\"tr\"},{\"@type\":\"Organization\",\"@id\":\"https:\/\/akarsolar.com.tr\/tr\/#organization\",\"name\":\"Akar Solar Enerji Sistemleri\",\"url\":\"https:\/\/akarsolar.com.tr\/tr\/\",\"logo\":{\"@type\":\"ImageObject\",\"inLanguage\":\"tr\",\"@id\":\"https:\/\/akarsolar.com.tr\/tr\/#\/schema\/logo\/image\/\",\"url\":\"https:\/\/akarsolar.com.tr\/wp-content\/uploads\/2022\/01\/akarsolar_logo_v6.png\",\"contentUrl\":\"https:\/\/akarsolar.com.tr\/wp-content\/uploads\/2022\/01\/akarsolar_logo_v6.png\",\"width\":648,\"height\":156,\"caption\":\"Akar Solar Enerji Sistemleri\"},\"image\":{\"@id\":\"https:\/\/akarsolar.com.tr\/tr\/#\/schema\/logo\/image\/\"},\"sameAs\":[\"https:\/\/www.linkedin.com\/company\/akarsolar\/\"]}]}<\/script>\n<!-- \/ Yoast SEO plugin. -->","yoast_head_json":{"title":"Sunways Web \u0130zleme - Akar Solar Enerji Sistemleri","robots":{"index":"index","follow":"follow","max-snippet":"max-snippet:-1","max-image-preview":"max-image-preview:large","max-video-preview":"max-video-preview:-1"},"canonical":"https:\/\/akarsolar.com.tr\/tr\/sunways\/web-monitoring\/","og_locale":"tr_TR","og_type":"article","og_title":"Sunways Web \u0130zleme - Akar Solar Enerji Sistemleri","og_url":"https:\/\/akarsolar.com.tr\/tr\/sunways\/web-monitoring\/","og_site_name":"Akar Solar Enerji Sistemleri","article_modified_time":"2022-03-06T18:46:36+00:00","twitter_card":"summary_large_image","twitter_misc":{"Tahmini okuma s\u00fcresi":"18 dakika"},"schema":{"@context":"https:\/\/schema.org","@graph":[{"@type":"WebPage","@id":"https:\/\/akarsolar.com.tr\/tr\/sunways\/web-monitoring\/","url":"https:\/\/akarsolar.com.tr\/tr\/sunways\/web-monitoring\/","name":"Sunways Web \u0130zleme - Akar Solar Enerji Sistemleri","isPartOf":{"@id":"https:\/\/akarsolar.com.tr\/tr\/#website"},"datePublished":"2021-12-29T09:59:00+00:00","dateModified":"2022-03-06T18:46:36+00:00","breadcrumb":{"@id":"https:\/\/akarsolar.com.tr\/tr\/sunways\/web-monitoring\/#breadcrumb"},"inLanguage":"tr","potentialAction":[{"@type":"ReadAction","target":["https:\/\/akarsolar.com.tr\/tr\/sunways\/web-monitoring\/"]}]},{"@type":"BreadcrumbList","@id":"https:\/\/akarsolar.com.tr\/tr\/sunways\/web-monitoring\/#breadcrumb","itemListElement":[{"@type":"ListItem","position":1,"name":"Anasayfa","item":"https:\/\/akarsolar.com.tr\/tr\/"},{"@type":"ListItem","position":2,"name":"Sunways","item":"https:\/\/akarsolar.com.tr\/tr\/sunways\/"},{"@type":"ListItem","position":3,"name":"Sunways Web \u0130zleme"}]},{"@type":"WebSite","@id":"https:\/\/akarsolar.com.tr\/tr\/#website","url":"https:\/\/akarsolar.com.tr\/tr\/","name":"Akar Solar Enerji Sistemleri","description":"G\u00fcne\u015f Enerjisi","publisher":{"@id":"https:\/\/akarsolar.com.tr\/tr\/#organization"},"potentialAction":[{"@type":"SearchAction","target":{"@type":"EntryPoint","urlTemplate":"https:\/\/akarsolar.com.tr\/tr\/?s={search_term_string}"},"query-input":"required name=search_term_string"}],"inLanguage":"tr"},{"@type":"Organization","@id":"https:\/\/akarsolar.com.tr\/tr\/#organization","name":"Akar Solar Enerji Sistemleri","url":"https:\/\/akarsolar.com.tr\/tr\/","logo":{"@type":"ImageObject","inLanguage":"tr","@id":"https:\/\/akarsolar.com.tr\/tr\/#\/schema\/logo\/image\/","url":"https:\/\/akarsolar.com.tr\/wp-content\/uploads\/2022\/01\/akarsolar_logo_v6.png","contentUrl":"https:\/\/akarsolar.com.tr\/wp-content\/uploads\/2022\/01\/akarsolar_logo_v6.png","width":648,"height":156,"caption":"Akar Solar Enerji Sistemleri"},"image":{"@id":"https:\/\/akarsolar.com.tr\/tr\/#\/schema\/logo\/image\/"},"sameAs":["https:\/\/www.linkedin.com\/company\/akarsolar\/"]}]}},"_links":{"self":[{"href":"https:\/\/akarsolar.com.tr\/tr\/wp-json\/wp\/v2\/pages\/2551"}],"collection":[{"href":"https:\/\/akarsolar.com.tr\/tr\/wp-json\/wp\/v2\/pages"}],"about":[{"href":"https:\/\/akarsolar.com.tr\/tr\/wp-json\/wp\/v2\/types\/page"}],"author":[{"embeddable":true,"href":"https:\/\/akarsolar.com.tr\/tr\/wp-json\/wp\/v2\/users\/1"}],"replies":[{"embeddable":true,"href":"https:\/\/akarsolar.com.tr\/tr\/wp-json\/wp\/v2\/comments?post=2551"}],"version-history":[{"count":14,"href":"https:\/\/akarsolar.com.tr\/tr\/wp-json\/wp\/v2\/pages\/2551\/revisions"}],"predecessor-version":[{"id":3902,"href":"https:\/\/akarsolar.com.tr\/tr\/wp-json\/wp\/v2\/pages\/2551\/revisions\/3902"}],"up":[{"embeddable":true,"href":"https:\/\/akarsolar.com.tr\/tr\/wp-json\/wp\/v2\/pages\/1463"}],"wp:attachment":[{"href":"https:\/\/akarsolar.com.tr\/tr\/wp-json\/wp\/v2\/media?parent=2551"}],"curies":[{"name":"wp","href":"https:\/\/api.w.org\/{rel}","templated":true}]}}