{"id":2441,"date":"2021-12-27T16:43:04","date_gmt":"2021-12-27T13:43:04","guid":{"rendered":"http:\/\/demo.akarsolar.com.tr\/?page_id=2441"},"modified":"2022-03-06T21:30:52","modified_gmt":"2022-03-06T18:30:52","slug":"sth-15-33ktl-ht","status":"publish","type":"page","link":"https:\/\/akarsolar.com.tr\/tr\/sunways\/sth-15-33ktl-ht\/","title":{"rendered":"Sunways STH 15~33 KTL-HT"},"content":{"rendered":"<p><div class=\"fusion-fullwidth fullwidth-box fusion-builder-row-1 fusion-flex-container fusion-parallax-none sunways-hero-header nonhundred-percent-fullwidth non-hundred-percent-height-scrolling lazyload\" style=\"background-color: rgba(255,255,255,0);background-position: center center;background-repeat: no-repeat;border-width: 0px 0px 0px 0px;border-color:#eae9e9;border-style:solid;-webkit-background-size:cover;-moz-background-size:cover;-o-background-size:cover;background-size:cover;\" data-bg=\"https:\/\/akarsolar.com.tr\/wp-content\/uploads\/2021\/06\/pr1.jpeg\" ><div class=\"fusion-builder-row fusion-row fusion-flex-align-items-flex-start\" style=\"max-width:1216.8px;margin-left: calc(-4% \/ 2 );margin-right: calc(-4% \/ 2 );\"><div class=\"fusion-layout-column fusion_builder_column fusion-builder-column-0 fusion_builder_column_2_5 2_5 fusion-flex-column\"><div class=\"fusion-column-wrapper fusion-flex-justify-content-flex-start fusion-content-layout-column\" style=\"background-position:left top;background-repeat:no-repeat;-webkit-background-size:cover;-moz-background-size:cover;-o-background-size:cover;background-size:cover;padding: 0px 0px 0px 0px;\"><div class=\"fusion-slider-sc\"><div class=\"fusion-flexslider-loading flexslider flexslider-hover-type-none\" data-slideshow_autoplay=\"1\" data-slideshow_smooth_height=\"1\" data-slideshow_speed=\"7000\" style=\"max-width:100%;height:100%;\"><ul class=\"slides\"><li class=\"image\"><span class=\"fusion-image-hover-element hover-type-none\"><img decoding=\"async\" src=\"data:image\/svg+xml,%3Csvg%20xmlns%3D%27http%3A%2F%2Fwww.w3.org%2F2000%2Fsvg%27%20width%3D%27839%27%20height%3D%27656%27%20viewBox%3D%270%200%20839%20656%27%3E%3Crect%20width%3D%27839%27%20height%3D%27656%27%20fill-opacity%3D%220%22%2F%3E%3C%2Fsvg%3E\" width=\"300\" height=\"235\" class=\"wp-image-2437 lazyload\" data-orig-src=\"https:\/\/akarsolar.com.tr\/wp-content\/uploads\/2021\/12\/61b6dbf0e86e7-300x235.png\" \/><\/span><\/li><li class=\"image\"><span class=\"fusion-image-hover-element hover-type-none\"><img decoding=\"async\" src=\"data:image\/svg+xml,%3Csvg%20xmlns%3D%27http%3A%2F%2Fwww.w3.org%2F2000%2Fsvg%27%20width%3D%27794%27%20height%3D%27643%27%20viewBox%3D%270%200%20794%20643%27%3E%3Crect%20width%3D%27794%27%20height%3D%27643%27%20fill-opacity%3D%220%22%2F%3E%3C%2Fsvg%3E\" width=\"300\" height=\"243\" class=\"wp-image-2435 lazyload\" data-orig-src=\"https:\/\/akarsolar.com.tr\/wp-content\/uploads\/2021\/12\/61b6dbe9a9709-300x243.png\" \/><\/span><\/li><li class=\"image\"><span class=\"fusion-image-hover-element hover-type-none\"><img decoding=\"async\" src=\"data:image\/svg+xml,%3Csvg%20xmlns%3D%27http%3A%2F%2Fwww.w3.org%2F2000%2Fsvg%27%20width%3D%27620%27%20height%3D%27480%27%20viewBox%3D%270%200%20620%20480%27%3E%3Crect%20width%3D%27620%27%20height%3D%27480%27%20fill-opacity%3D%220%22%2F%3E%3C%2Fsvg%3E\" width=\"300\" height=\"232\" class=\"wp-image-2439 lazyload\" data-orig-src=\"https:\/\/akarsolar.com.tr\/wp-content\/uploads\/2021\/12\/61b6dbf53f5e9-300x232.png\" \/><\/span><\/li><\/ul><\/div><\/div><\/div><style type=\"text\/css\">.fusion-body .fusion-builder-column-0{width:40% !important;margin-top : 0px;margin-bottom : 0px;}.fusion-builder-column-0 > .fusion-column-wrapper {padding-top : 0px !important;padding-right : 0px !important;margin-right : 4.8%;padding-bottom : 0px !important;padding-left : 0px !important;margin-left : 4.8%;}@media only screen and (max-width:1024px) {.fusion-body .fusion-builder-column-0{width:100% !important;order : 0;}.fusion-builder-column-0 > .fusion-column-wrapper {margin-right : 1.92%;margin-left : 1.92%;}}@media only screen and (max-width:640px) {.fusion-body .fusion-builder-column-0{width:100% !important;order : 0;}.fusion-builder-column-0 > .fusion-column-wrapper {margin-right : 1.92%;margin-left : 1.92%;}}<\/style><\/div><div class=\"fusion-layout-column fusion_builder_column fusion-builder-column-1 fusion_builder_column_3_5 3_5 fusion-flex-column\"><div class=\"fusion-column-wrapper fusion-flex-justify-content-flex-start fusion-content-layout-column\" style=\"background-position:left top;background-repeat:no-repeat;-webkit-background-size:cover;-moz-background-size:cover;-o-background-size:cover;background-size:cover;padding: 0px 0px 0px 0px;\"><div class=\"fusion-text fusion-text-1\"><h1><span class=\"title\">STH 15~33 KTL-HT<\/span><\/h1>\n<p><span class=\"short-title\">ENERJ\u0130 DEPOLAMALI H\u0130BR\u0130D SER\u0130<\/span><br \/>\n<span class=\"short-title\">STH 15K\/17K\/20K\/25K\/29.9K\/30\/33KTL-HT<\/span><\/p>\n<p><strong>Maksimum Verimlilik 98.2%<\/strong><br \/>\n<strong>IP66 Koruma S\u0131n\u0131f\u0131<\/strong><\/p>\n<\/div><div class=\"fusion-text fusion-text-2\"><p><a class=\"fusion-button button-flat fusion-button-default-size button-default button-1 fusion-button-default-span fusion-button-default-type\" style=\"margin-right: 10px;\" href=\"https:\/\/akarsolar.com.tr\/wp-content\/uploads\/2021\/12\/STH-15_33KTL-HT-Datasheet-EN.pdf\">TEKN\u0130K DOK\u00dcMAN<\/a><a class=\"fusion-button button-flat fusion-button-default-size button-default button-1 fusion-button-default-span fusion-button-default-type\" href=\"#\">SERT\u0130F\u0130KALAR<\/a><\/p>\n<\/div><div class=\"fusion-text fusion-text-3\" style=\"text-align:left;\"><\/div><\/div><style type=\"text\/css\">.fusion-body .fusion-builder-column-1{width:60% !important;margin-top : 0px;margin-bottom : 0px;}.fusion-builder-column-1 > .fusion-column-wrapper {padding-top : 0px !important;padding-right : 0px !important;margin-right : 3.2%;padding-bottom : 0px !important;padding-left : 0px !important;margin-left : 3.2%;}@media only screen and (max-width:1024px) {.fusion-body .fusion-builder-column-1{width:100% !important;order : 0;}.fusion-builder-column-1 > .fusion-column-wrapper {margin-right : 1.92%;margin-left : 1.92%;}}@media only screen and (max-width:640px) {.fusion-body .fusion-builder-column-1{width:100% !important;order : 0;}.fusion-builder-column-1 > .fusion-column-wrapper {margin-right : 1.92%;margin-left : 1.92%;}}<\/style><\/div><\/div><style type=\"text\/css\">.fusion-body .fusion-flex-container.fusion-builder-row-1{ padding-top : 0px;margin-top : 0px;padding-right : 0px;padding-bottom : 0px;margin-bottom : 0px;padding-left : 0px;}<\/style><\/div><div class=\"fusion-fullwidth fullwidth-box fusion-builder-row-2 fusion-flex-container nonhundred-percent-fullwidth non-hundred-percent-height-scrolling\" style=\"background-color: rgba(255,255,255,0);background-position: center center;background-repeat: no-repeat;border-width: 0px 0px 0px 0px;border-color:#eae9e9;border-style:solid;\" ><div class=\"fusion-builder-row fusion-row fusion-flex-align-items-flex-start\" style=\"max-width:1216.8px;margin-left: calc(-4% \/ 2 );margin-right: calc(-4% \/ 2 );\"><div class=\"fusion-layout-column fusion_builder_column fusion-builder-column-2 fusion_builder_column_1_1 1_1 fusion-flex-column\"><div class=\"fusion-column-wrapper fusion-flex-justify-content-flex-start fusion-content-layout-column\" style=\"background-position:left top;background-repeat:no-repeat;-webkit-background-size:cover;-moz-background-size:cover;-o-background-size:cover;background-size:cover;padding: 0px 0px 0px 0px;\"><div ><span class=\" fusion-imageframe imageframe-none imageframe-1 hover-type-none\"><img decoding=\"async\" width=\"2041\" height=\"2560\" title=\"STH-15_33KTL-HT Datasheet EN-2\" src=\"data:image\/svg+xml,%3Csvg%20xmlns%3D%27http%3A%2F%2Fwww.w3.org%2F2000%2Fsvg%27%20width%3D%272041%27%20height%3D%272560%27%20viewBox%3D%270%200%202041%202560%27%3E%3Crect%20width%3D%272041%27%20height%3D%272560%27%20fill-opacity%3D%220%22%2F%3E%3C%2Fsvg%3E\" data-orig-src=\"https:\/\/akarsolar.com.tr\/wp-content\/uploads\/2021\/12\/STH-15_33KTL-HT-Datasheet-EN-2-scaled.jpg\" alt class=\"lazyload img-responsive wp-image-2442\"\/><\/span><\/div><\/div><style type=\"text\/css\">.fusion-body .fusion-builder-column-2{width:100% !important;margin-top : 0px;margin-bottom : 0px;}.fusion-builder-column-2 > .fusion-column-wrapper {padding-top : 0px !important;padding-right : 0px !important;margin-right : 1.92%;padding-bottom : 0px !important;padding-left : 0px !important;margin-left : 1.92%;}@media only screen and (max-width:1024px) {.fusion-body .fusion-builder-column-2{width:100% !important;order : 0;}.fusion-builder-column-2 > .fusion-column-wrapper {margin-right : 1.92%;margin-left : 1.92%;}}@media only screen and (max-width:640px) {.fusion-body .fusion-builder-column-2{width:100% !important;order : 0;}.fusion-builder-column-2 > .fusion-column-wrapper {margin-right : 1.92%;margin-left : 1.92%;}}<\/style><\/div><\/div><style type=\"text\/css\">.fusion-body .fusion-flex-container.fusion-builder-row-2{ padding-top : 0px;margin-top : 0px;padding-right : 0px;padding-bottom : 0px;margin-bottom : 0px;padding-left : 0px;}<\/style><\/div><\/p>\n","protected":false},"excerpt":{"rendered":"","protected":false},"author":1,"featured_media":0,"parent":1463,"menu_order":0,"comment_status":"closed","ping_status":"closed","template":"100-width.php","meta":{"footnotes":""},"yoast_head":"<!-- This site is optimized with the Yoast SEO plugin v21.4 - https:\/\/yoast.com\/wordpress\/plugins\/seo\/ -->\n<title>Sunways STH 15~33 KTL-HT - Akar Solar Enerji Sistemleri<\/title>\n<meta name=\"robots\" content=\"index, follow, max-snippet:-1, max-image-preview:large, max-video-preview:-1\" \/>\n<link rel=\"canonical\" href=\"https:\/\/akarsolar.com.tr\/tr\/sunways\/sth-15-33ktl-ht\/\" \/>\n<meta property=\"og:locale\" content=\"tr_TR\" \/>\n<meta property=\"og:type\" content=\"article\" \/>\n<meta property=\"og:title\" content=\"Sunways STH 15~33 KTL-HT - Akar Solar Enerji Sistemleri\" \/>\n<meta property=\"og:url\" content=\"https:\/\/akarsolar.com.tr\/tr\/sunways\/sth-15-33ktl-ht\/\" \/>\n<meta property=\"og:site_name\" content=\"Akar Solar Enerji Sistemleri\" \/>\n<meta property=\"article:modified_time\" content=\"2022-03-06T18:30:52+00:00\" \/>\n<meta name=\"twitter:card\" content=\"summary_large_image\" \/>\n<meta name=\"twitter:label1\" content=\"Tahmini okuma s\u00fcresi\" \/>\n\t<meta name=\"twitter:data1\" content=\"9 dakika\" \/>\n<script type=\"application\/ld+json\" class=\"yoast-schema-graph\">{\"@context\":\"https:\/\/schema.org\",\"@graph\":[{\"@type\":\"WebPage\",\"@id\":\"https:\/\/akarsolar.com.tr\/tr\/sunways\/sth-15-33ktl-ht\/\",\"url\":\"https:\/\/akarsolar.com.tr\/tr\/sunways\/sth-15-33ktl-ht\/\",\"name\":\"Sunways STH 15~33 KTL-HT - Akar Solar Enerji Sistemleri\",\"isPartOf\":{\"@id\":\"https:\/\/akarsolar.com.tr\/tr\/#website\"},\"datePublished\":\"2021-12-27T13:43:04+00:00\",\"dateModified\":\"2022-03-06T18:30:52+00:00\",\"breadcrumb\":{\"@id\":\"https:\/\/akarsolar.com.tr\/tr\/sunways\/sth-15-33ktl-ht\/#breadcrumb\"},\"inLanguage\":\"tr\",\"potentialAction\":[{\"@type\":\"ReadAction\",\"target\":[\"https:\/\/akarsolar.com.tr\/tr\/sunways\/sth-15-33ktl-ht\/\"]}]},{\"@type\":\"BreadcrumbList\",\"@id\":\"https:\/\/akarsolar.com.tr\/tr\/sunways\/sth-15-33ktl-ht\/#breadcrumb\",\"itemListElement\":[{\"@type\":\"ListItem\",\"position\":1,\"name\":\"Anasayfa\",\"item\":\"https:\/\/akarsolar.com.tr\/tr\/\"},{\"@type\":\"ListItem\",\"position\":2,\"name\":\"Sunways\",\"item\":\"https:\/\/akarsolar.com.tr\/tr\/sunways\/\"},{\"@type\":\"ListItem\",\"position\":3,\"name\":\"Sunways STH 15~33 KTL-HT\"}]},{\"@type\":\"WebSite\",\"@id\":\"https:\/\/akarsolar.com.tr\/tr\/#website\",\"url\":\"https:\/\/akarsolar.com.tr\/tr\/\",\"name\":\"Akar Solar Enerji Sistemleri\",\"description\":\"G\u00fcne\u015f Enerjisi\",\"publisher\":{\"@id\":\"https:\/\/akarsolar.com.tr\/tr\/#organization\"},\"potentialAction\":[{\"@type\":\"SearchAction\",\"target\":{\"@type\":\"EntryPoint\",\"urlTemplate\":\"https:\/\/akarsolar.com.tr\/tr\/?s={search_term_string}\"},\"query-input\":\"required name=search_term_string\"}],\"inLanguage\":\"tr\"},{\"@type\":\"Organization\",\"@id\":\"https:\/\/akarsolar.com.tr\/tr\/#organization\",\"name\":\"Akar Solar Enerji Sistemleri\",\"url\":\"https:\/\/akarsolar.com.tr\/tr\/\",\"logo\":{\"@type\":\"ImageObject\",\"inLanguage\":\"tr\",\"@id\":\"https:\/\/akarsolar.com.tr\/tr\/#\/schema\/logo\/image\/\",\"url\":\"https:\/\/akarsolar.com.tr\/wp-content\/uploads\/2022\/01\/akarsolar_logo_v6.png\",\"contentUrl\":\"https:\/\/akarsolar.com.tr\/wp-content\/uploads\/2022\/01\/akarsolar_logo_v6.png\",\"width\":648,\"height\":156,\"caption\":\"Akar Solar Enerji Sistemleri\"},\"image\":{\"@id\":\"https:\/\/akarsolar.com.tr\/tr\/#\/schema\/logo\/image\/\"},\"sameAs\":[\"https:\/\/www.linkedin.com\/company\/akarsolar\/\"]}]}<\/script>\n<!-- \/ Yoast SEO plugin. -->","yoast_head_json":{"title":"Sunways STH 15~33 KTL-HT - Akar Solar Enerji Sistemleri","robots":{"index":"index","follow":"follow","max-snippet":"max-snippet:-1","max-image-preview":"max-image-preview:large","max-video-preview":"max-video-preview:-1"},"canonical":"https:\/\/akarsolar.com.tr\/tr\/sunways\/sth-15-33ktl-ht\/","og_locale":"tr_TR","og_type":"article","og_title":"Sunways STH 15~33 KTL-HT - Akar Solar Enerji Sistemleri","og_url":"https:\/\/akarsolar.com.tr\/tr\/sunways\/sth-15-33ktl-ht\/","og_site_name":"Akar Solar Enerji Sistemleri","article_modified_time":"2022-03-06T18:30:52+00:00","twitter_card":"summary_large_image","twitter_misc":{"Tahmini okuma s\u00fcresi":"9 dakika"},"schema":{"@context":"https:\/\/schema.org","@graph":[{"@type":"WebPage","@id":"https:\/\/akarsolar.com.tr\/tr\/sunways\/sth-15-33ktl-ht\/","url":"https:\/\/akarsolar.com.tr\/tr\/sunways\/sth-15-33ktl-ht\/","name":"Sunways STH 15~33 KTL-HT - Akar Solar Enerji Sistemleri","isPartOf":{"@id":"https:\/\/akarsolar.com.tr\/tr\/#website"},"datePublished":"2021-12-27T13:43:04+00:00","dateModified":"2022-03-06T18:30:52+00:00","breadcrumb":{"@id":"https:\/\/akarsolar.com.tr\/tr\/sunways\/sth-15-33ktl-ht\/#breadcrumb"},"inLanguage":"tr","potentialAction":[{"@type":"ReadAction","target":["https:\/\/akarsolar.com.tr\/tr\/sunways\/sth-15-33ktl-ht\/"]}]},{"@type":"BreadcrumbList","@id":"https:\/\/akarsolar.com.tr\/tr\/sunways\/sth-15-33ktl-ht\/#breadcrumb","itemListElement":[{"@type":"ListItem","position":1,"name":"Anasayfa","item":"https:\/\/akarsolar.com.tr\/tr\/"},{"@type":"ListItem","position":2,"name":"Sunways","item":"https:\/\/akarsolar.com.tr\/tr\/sunways\/"},{"@type":"ListItem","position":3,"name":"Sunways STH 15~33 KTL-HT"}]},{"@type":"WebSite","@id":"https:\/\/akarsolar.com.tr\/tr\/#website","url":"https:\/\/akarsolar.com.tr\/tr\/","name":"Akar Solar Enerji Sistemleri","description":"G\u00fcne\u015f Enerjisi","publisher":{"@id":"https:\/\/akarsolar.com.tr\/tr\/#organization"},"potentialAction":[{"@type":"SearchAction","target":{"@type":"EntryPoint","urlTemplate":"https:\/\/akarsolar.com.tr\/tr\/?s={search_term_string}"},"query-input":"required name=search_term_string"}],"inLanguage":"tr"},{"@type":"Organization","@id":"https:\/\/akarsolar.com.tr\/tr\/#organization","name":"Akar Solar Enerji Sistemleri","url":"https:\/\/akarsolar.com.tr\/tr\/","logo":{"@type":"ImageObject","inLanguage":"tr","@id":"https:\/\/akarsolar.com.tr\/tr\/#\/schema\/logo\/image\/","url":"https:\/\/akarsolar.com.tr\/wp-content\/uploads\/2022\/01\/akarsolar_logo_v6.png","contentUrl":"https:\/\/akarsolar.com.tr\/wp-content\/uploads\/2022\/01\/akarsolar_logo_v6.png","width":648,"height":156,"caption":"Akar Solar Enerji Sistemleri"},"image":{"@id":"https:\/\/akarsolar.com.tr\/tr\/#\/schema\/logo\/image\/"},"sameAs":["https:\/\/www.linkedin.com\/company\/akarsolar\/"]}]}},"_links":{"self":[{"href":"https:\/\/akarsolar.com.tr\/tr\/wp-json\/wp\/v2\/pages\/2441"}],"collection":[{"href":"https:\/\/akarsolar.com.tr\/tr\/wp-json\/wp\/v2\/pages"}],"about":[{"href":"https:\/\/akarsolar.com.tr\/tr\/wp-json\/wp\/v2\/types\/page"}],"author":[{"embeddable":true,"href":"https:\/\/akarsolar.com.tr\/tr\/wp-json\/wp\/v2\/users\/1"}],"replies":[{"embeddable":true,"href":"https:\/\/akarsolar.com.tr\/tr\/wp-json\/wp\/v2\/comments?post=2441"}],"version-history":[{"count":11,"href":"https:\/\/akarsolar.com.tr\/tr\/wp-json\/wp\/v2\/pages\/2441\/revisions"}],"predecessor-version":[{"id":3888,"href":"https:\/\/akarsolar.com.tr\/tr\/wp-json\/wp\/v2\/pages\/2441\/revisions\/3888"}],"up":[{"embeddable":true,"href":"https:\/\/akarsolar.com.tr\/tr\/wp-json\/wp\/v2\/pages\/1463"}],"wp:attachment":[{"href":"https:\/\/akarsolar.com.tr\/tr\/wp-json\/wp\/v2\/media?parent=2441"}],"curies":[{"name":"wp","href":"https:\/\/api.w.org\/{rel}","templated":true}]}}