{"id":2324,"date":"2021-12-25T11:34:13","date_gmt":"2021-12-25T08:34:13","guid":{"rendered":"https:\/\/demo.akarsolar.com.tr\/?page_id=2324"},"modified":"2022-03-06T21:45:15","modified_gmt":"2022-03-06T18:45:15","slug":"sts-7-11ktl","status":"publish","type":"page","link":"https:\/\/akarsolar.com.tr\/tr\/sunways\/sts-7-11ktl\/","title":{"rendered":"Sunways STS 7~11 KTL"},"content":{"rendered":"<p><div class=\"fusion-fullwidth fullwidth-box fusion-builder-row-1 fusion-flex-container fusion-parallax-none sunways-hero-header nonhundred-percent-fullwidth non-hundred-percent-height-scrolling lazyload\" style=\"background-color: rgba(255,255,255,0);background-position: center center;background-repeat: no-repeat;border-width: 0px 0px 0px 0px;border-color:#eae9e9;border-style:solid;-webkit-background-size:cover;-moz-background-size:cover;-o-background-size:cover;background-size:cover;\" data-bg=\"https:\/\/akarsolar.com.tr\/wp-content\/uploads\/2021\/06\/pr1.jpeg\" ><div class=\"fusion-builder-row fusion-row fusion-flex-align-items-flex-start\" style=\"max-width:calc( 1170px + );margin-left: calc(- \/ 2 );margin-right: calc(- \/ 2 );\"><div class=\"fusion-layout-column fusion_builder_column fusion-builder-column-0 fusion_builder_column_2_5 2_5 fusion-flex-column\"><div class=\"fusion-column-wrapper fusion-flex-justify-content-flex-start fusion-content-layout-column\" style=\"background-position:left top;background-repeat:no-repeat;-webkit-background-size:cover;-moz-background-size:cover;-o-background-size:cover;background-size:cover;padding: 0px 0px 0px 0px;\"><div class=\"fusion-slider-sc\"><div class=\"fusion-flexslider-loading flexslider flexslider-hover-type-none\" data-slideshow_autoplay=\"1\" data-slideshow_smooth_height=\"1\" data-slideshow_speed=\"7000\" style=\"max-width:100%;height:100%;\"><ul class=\"slides\"><li class=\"image\"><span class=\"fusion-image-hover-element hover-type-none\"><img decoding=\"async\" src=\"data:image\/svg+xml,%3Csvg%20xmlns%3D%27http%3A%2F%2Fwww.w3.org%2F2000%2Fsvg%27%20width%3D%27652%27%20height%3D%27658%27%20viewBox%3D%270%200%20652%20658%27%3E%3Crect%20width%3D%27652%27%20height%3D%27658%27%20fill-opacity%3D%220%22%2F%3E%3C%2Fsvg%3E\" width=\"652\" height=\"658\" class=\"wp-image-1731 lazyload\" data-orig-src=\"https:\/\/akarsolar.com.tr\/wp-content\/uploads\/2021\/06\/5e994a81d2146.png\" \/><\/span><\/li><li class=\"image\"><span class=\"fusion-image-hover-element hover-type-none\"><img decoding=\"async\" src=\"data:image\/svg+xml,%3Csvg%20xmlns%3D%27http%3A%2F%2Fwww.w3.org%2F2000%2Fsvg%27%20width%3D%27629%27%20height%3D%27630%27%20viewBox%3D%270%200%20629%20630%27%3E%3Crect%20width%3D%27629%27%20height%3D%27630%27%20fill-opacity%3D%220%22%2F%3E%3C%2Fsvg%3E\" width=\"629\" height=\"630\" class=\"wp-image-1735 lazyload\" data-orig-src=\"https:\/\/akarsolar.com.tr\/wp-content\/uploads\/2021\/06\/5e99858b9136d.png\" \/><\/span><\/li><li class=\"image\"><span class=\"fusion-image-hover-element hover-type-none\"><img decoding=\"async\" src=\"data:image\/svg+xml,%3Csvg%20xmlns%3D%27http%3A%2F%2Fwww.w3.org%2F2000%2Fsvg%27%20width%3D%27629%27%20height%3D%27630%27%20viewBox%3D%270%200%20629%20630%27%3E%3Crect%20width%3D%27629%27%20height%3D%27630%27%20fill-opacity%3D%220%22%2F%3E%3C%2Fsvg%3E\" width=\"629\" height=\"630\" class=\"wp-image-1733 lazyload\" data-orig-src=\"https:\/\/akarsolar.com.tr\/wp-content\/uploads\/2021\/06\/5e994de463538.png\" \/><\/span><\/li><\/ul><\/div><\/div><\/div><style type=\"text\/css\">.fusion-body .fusion-builder-column-0{width:40% !important;margin-top : 0px;margin-bottom : 0px;}.fusion-builder-column-0 > .fusion-column-wrapper {padding-top : 0px !important;padding-right : 0px !important;margin-right : sunways-hero-header;padding-bottom : 0px !important;padding-left : 0px !important;margin-left : sunways-hero-header;}@media only screen and (max-width:1024px) {.fusion-body .fusion-builder-column-0{width:100% !important;order : 0;}.fusion-builder-column-0 > .fusion-column-wrapper {margin-right : sunways-hero-header;margin-left : sunways-hero-header;}}@media only screen and (max-width:640px) {.fusion-body .fusion-builder-column-0{width:100% !important;order : 0;}.fusion-builder-column-0 > .fusion-column-wrapper {margin-right : sunways-hero-header;margin-left : sunways-hero-header;}}<\/style><\/div><div class=\"fusion-layout-column fusion_builder_column fusion-builder-column-1 fusion_builder_column_3_5 3_5 fusion-flex-column\"><div class=\"fusion-column-wrapper fusion-flex-justify-content-flex-start fusion-content-layout-column\" style=\"background-position:left top;background-repeat:no-repeat;-webkit-background-size:cover;-moz-background-size:cover;-o-background-size:cover;background-size:cover;padding: 0px 0px 0px 0px;\"><div class=\"fusion-text fusion-text-1\"><h1 style=\"text-align: left;\"><span class=\"title\">STS 7~11 KTL<\/span><\/h1>\n<p style=\"text-align: left;\">KONUT SER\u0130S\u0130<br \/>\nSTS 7K\/\/8K\/9K\/10K\/11KTL<\/p>\n<p><strong>Maksimum Verimlilik 98.1%<\/strong><br \/>\n<strong>IP65 Koruma S\u0131n\u0131f\u0131<\/strong><\/p>\n<\/div><div class=\"fusion-text fusion-text-2\"><p><a class=\"fusion-button button-flat fusion-button-default-size button-default button-1 fusion-button-default-span fusion-button-default-type\" style=\"margin-right: 10px; margin-bottom: 10px;\" href=\"https:\/\/akarsolar.com.tr\/wp-content\/uploads\/2022\/01\/STS-7_11KTL-User-Manual-EN.pdf\">KULLANIM KILAVUZU<\/a><a class=\"fusion-button button-flat fusion-button-default-size button-default button-1 fusion-button-default-span fusion-button-default-type\" style=\"margin-right: 10px;\" href=\"https:\/\/akarsolar.com.tr\/wp-content\/uploads\/2021\/12\/STS-7_11KTL-Datasheet-EN-1.pdf\">TEKN\u0130K DOK\u00dcMAN\u00a0<\/a><span class=\"custom-dropdown\"><select id=\"certificate-files\" class=\"SERT\u0130F\u0130KALAR-files\"><option disabled=\"disabled\" selected=\"selected\" value=\"\">SERT\u0130F\u0130KALAR<\/option><option value=\"https:\/\/akarsolar.com.tr\/wp-content\/uploads\/2022\/01\/1-IS-16169-IS-16221-2India-BIS.pdf\">IS 16169 &#8211; IS 16221-2(India BIS)<\/option><option value=\"https:\/\/akarsolar.com.tr\/wp-content\/uploads\/2022\/01\/2-STS-7-11KTL-EN62109-N8ACE.pdf\">STS 7-11KTL EN62109 N8A(CE)<\/option><option value=\"https:\/\/akarsolar.com.tr\/wp-content\/uploads\/2022\/01\/3-STS-7-11KTL-IEC62109-B.pdf\">STS 7-11KTL IEC62109 B<\/option><option value=\"https:\/\/akarsolar.com.tr\/wp-content\/uploads\/2022\/01\/4-STS-8KTL-NBRBrazil.pdf\">STS 8KTL NBR(Brazil)<\/option><option value=\"https:\/\/akarsolar.com.tr\/wp-content\/uploads\/2022\/01\/5-STS-10KTL-NBRBrazil.pdf\">STS 10KTL NBR(Brazil)<\/option><option value=\"https:\/\/akarsolar.com.tr\/wp-content\/uploads\/2022\/01\/6-STS-8KTL-NBR16149-NBR16150-IEC62106-INMETROBrazil.pdf\">STS-8KTL NBR16149 NBR16150 IEC62106 INMETRO(Brazil)<\/option><option value=\"https:\/\/akarsolar.com.tr\/wp-content\/uploads\/2022\/01\/7-STS-10KTL-NBR16149-NBR16150-IEC62106-INMETROBrazil.pdf\">STS-10KTL NBR16149 NBR16150 IEC62106 INMETRO(Brazil)<\/option><option value=\"https:\/\/akarsolar.com.tr\/wp-content\/uploads\/2022\/01\/8-STS-7_11KTL-EN61000EMC.pdf\">STS-7_11KTL EN61000(EMC)<\/option><\/select><\/span><\/p>\n<\/div><div class=\"fusion-text fusion-text-3\" style=\"text-align:left;\"><\/div><\/div><style type=\"text\/css\">.fusion-body .fusion-builder-column-1{width:60% !important;margin-top : 0px;margin-bottom : 0px;}.fusion-builder-column-1 > .fusion-column-wrapper {padding-top : 0px !important;padding-right : 0px !important;margin-right : sunways-hero-header;padding-bottom : 0px !important;padding-left : 0px !important;margin-left : sunways-hero-header;}@media only screen and (max-width:1024px) {.fusion-body .fusion-builder-column-1{width:100% !important;order : 0;}.fusion-builder-column-1 > .fusion-column-wrapper {margin-right : sunways-hero-header;margin-left : sunways-hero-header;}}@media only screen and (max-width:640px) {.fusion-body .fusion-builder-column-1{width:100% !important;order : 0;}.fusion-builder-column-1 > .fusion-column-wrapper {margin-right : sunways-hero-header;margin-left : sunways-hero-header;}}<\/style><\/div><\/div><style type=\"text\/css\">.fusion-body .fusion-flex-container.fusion-builder-row-1{ padding-top : 0px;margin-top : 0px;padding-right : 0px;padding-bottom : 0px;margin-bottom : 0px;padding-left : 0px;}<\/style><\/div><div class=\"fusion-fullwidth fullwidth-box fusion-builder-row-2 fusion-flex-container nonhundred-percent-fullwidth non-hundred-percent-height-scrolling\" style=\"background-color: rgba(255,255,255,0);background-position: center center;background-repeat: no-repeat;border-width: 0px 0px 0px 0px;border-color:#eae9e9;border-style:solid;\" ><div class=\"fusion-builder-row fusion-row fusion-flex-align-items-flex-start\" style=\"max-width:1216.8px;margin-left: calc(-4% \/ 2 );margin-right: calc(-4% \/ 2 );\"><div class=\"fusion-layout-column fusion_builder_column fusion-builder-column-2 fusion_builder_column_1_1 1_1 fusion-flex-column\"><div class=\"fusion-column-wrapper fusion-flex-justify-content-flex-start fusion-content-layout-column\" style=\"background-position:left top;background-repeat:no-repeat;-webkit-background-size:cover;-moz-background-size:cover;-o-background-size:cover;background-size:cover;padding: 0px 0px 0px 0px;\"><div ><span class=\" fusion-imageframe imageframe-none imageframe-1 hover-type-none\"><img decoding=\"async\" width=\"1991\" height=\"2560\" title=\"STS-7_11KTL Datasheet EN-2\" src=\"data:image\/svg+xml,%3Csvg%20xmlns%3D%27http%3A%2F%2Fwww.w3.org%2F2000%2Fsvg%27%20width%3D%271991%27%20height%3D%272560%27%20viewBox%3D%270%200%201991%202560%27%3E%3Crect%20width%3D%271991%27%20height%3D%272560%27%20fill-opacity%3D%220%22%2F%3E%3C%2Fsvg%3E\" data-orig-src=\"https:\/\/akarsolar.com.tr\/wp-content\/uploads\/2021\/12\/STS-7_11KTL-Datasheet-EN-2-scaled.jpg\" alt class=\"lazyload img-responsive wp-image-2328\"\/><\/span><\/div><\/div><style type=\"text\/css\">.fusion-body .fusion-builder-column-2{width:100% !important;margin-top : 0px;margin-bottom : 0px;}.fusion-builder-column-2 > .fusion-column-wrapper {padding-top : 0px !important;padding-right : 0px !important;margin-right : 1.92%;padding-bottom : 0px !important;padding-left : 0px !important;margin-left : 1.92%;}@media only screen and (max-width:1024px) {.fusion-body .fusion-builder-column-2{width:100% !important;order : 0;}.fusion-builder-column-2 > .fusion-column-wrapper {margin-right : 1.92%;margin-left : 1.92%;}}@media only screen and (max-width:640px) {.fusion-body .fusion-builder-column-2{width:100% !important;order : 0;}.fusion-builder-column-2 > .fusion-column-wrapper {margin-right : 1.92%;margin-left : 1.92%;}}<\/style><\/div><\/div><style type=\"text\/css\">.fusion-body .fusion-flex-container.fusion-builder-row-2{ padding-top : 0px;margin-top : 0px;padding-right : 0px;padding-bottom : 0px;margin-bottom : 0px;padding-left : 0px;}<\/style><\/div><\/p>\n","protected":false},"excerpt":{"rendered":"","protected":false},"author":1,"featured_media":0,"parent":1463,"menu_order":0,"comment_status":"closed","ping_status":"closed","template":"100-width.php","meta":{"footnotes":""},"yoast_head":"<!-- This site is optimized with the Yoast SEO plugin v21.4 - https:\/\/yoast.com\/wordpress\/plugins\/seo\/ -->\n<title>Sunways STS 7~11 KTL - Akar Solar Enerji Sistemleri<\/title>\n<meta name=\"robots\" content=\"index, follow, max-snippet:-1, max-image-preview:large, max-video-preview:-1\" \/>\n<link rel=\"canonical\" href=\"https:\/\/akarsolar.com.tr\/tr\/sunways\/sts-7-11ktl\/\" \/>\n<meta property=\"og:locale\" content=\"tr_TR\" \/>\n<meta property=\"og:type\" content=\"article\" \/>\n<meta property=\"og:title\" content=\"Sunways STS 7~11 KTL - Akar Solar Enerji Sistemleri\" \/>\n<meta property=\"og:url\" content=\"https:\/\/akarsolar.com.tr\/tr\/sunways\/sts-7-11ktl\/\" \/>\n<meta property=\"og:site_name\" content=\"Akar Solar Enerji Sistemleri\" \/>\n<meta property=\"article:modified_time\" content=\"2022-03-06T18:45:15+00:00\" \/>\n<meta name=\"twitter:card\" content=\"summary_large_image\" \/>\n<meta name=\"twitter:label1\" content=\"Tahmini okuma s\u00fcresi\" \/>\n\t<meta name=\"twitter:data1\" content=\"9 dakika\" \/>\n<script type=\"application\/ld+json\" class=\"yoast-schema-graph\">{\"@context\":\"https:\/\/schema.org\",\"@graph\":[{\"@type\":\"WebPage\",\"@id\":\"https:\/\/akarsolar.com.tr\/tr\/sunways\/sts-7-11ktl\/\",\"url\":\"https:\/\/akarsolar.com.tr\/tr\/sunways\/sts-7-11ktl\/\",\"name\":\"Sunways STS 7~11 KTL - Akar Solar Enerji Sistemleri\",\"isPartOf\":{\"@id\":\"https:\/\/akarsolar.com.tr\/tr\/#website\"},\"datePublished\":\"2021-12-25T08:34:13+00:00\",\"dateModified\":\"2022-03-06T18:45:15+00:00\",\"breadcrumb\":{\"@id\":\"https:\/\/akarsolar.com.tr\/tr\/sunways\/sts-7-11ktl\/#breadcrumb\"},\"inLanguage\":\"tr\",\"potentialAction\":[{\"@type\":\"ReadAction\",\"target\":[\"https:\/\/akarsolar.com.tr\/tr\/sunways\/sts-7-11ktl\/\"]}]},{\"@type\":\"BreadcrumbList\",\"@id\":\"https:\/\/akarsolar.com.tr\/tr\/sunways\/sts-7-11ktl\/#breadcrumb\",\"itemListElement\":[{\"@type\":\"ListItem\",\"position\":1,\"name\":\"Anasayfa\",\"item\":\"https:\/\/akarsolar.com.tr\/tr\/\"},{\"@type\":\"ListItem\",\"position\":2,\"name\":\"Sunways\",\"item\":\"https:\/\/akarsolar.com.tr\/tr\/sunways\/\"},{\"@type\":\"ListItem\",\"position\":3,\"name\":\"Sunways STS 7~11 KTL\"}]},{\"@type\":\"WebSite\",\"@id\":\"https:\/\/akarsolar.com.tr\/tr\/#website\",\"url\":\"https:\/\/akarsolar.com.tr\/tr\/\",\"name\":\"Akar Solar Enerji Sistemleri\",\"description\":\"G\u00fcne\u015f Enerjisi\",\"publisher\":{\"@id\":\"https:\/\/akarsolar.com.tr\/tr\/#organization\"},\"potentialAction\":[{\"@type\":\"SearchAction\",\"target\":{\"@type\":\"EntryPoint\",\"urlTemplate\":\"https:\/\/akarsolar.com.tr\/tr\/?s={search_term_string}\"},\"query-input\":\"required name=search_term_string\"}],\"inLanguage\":\"tr\"},{\"@type\":\"Organization\",\"@id\":\"https:\/\/akarsolar.com.tr\/tr\/#organization\",\"name\":\"Akar Solar Enerji Sistemleri\",\"url\":\"https:\/\/akarsolar.com.tr\/tr\/\",\"logo\":{\"@type\":\"ImageObject\",\"inLanguage\":\"tr\",\"@id\":\"https:\/\/akarsolar.com.tr\/tr\/#\/schema\/logo\/image\/\",\"url\":\"https:\/\/akarsolar.com.tr\/wp-content\/uploads\/2022\/01\/akarsolar_logo_v6.png\",\"contentUrl\":\"https:\/\/akarsolar.com.tr\/wp-content\/uploads\/2022\/01\/akarsolar_logo_v6.png\",\"width\":648,\"height\":156,\"caption\":\"Akar Solar Enerji Sistemleri\"},\"image\":{\"@id\":\"https:\/\/akarsolar.com.tr\/tr\/#\/schema\/logo\/image\/\"},\"sameAs\":[\"https:\/\/www.linkedin.com\/company\/akarsolar\/\"]}]}<\/script>\n<!-- \/ Yoast SEO plugin. -->","yoast_head_json":{"title":"Sunways STS 7~11 KTL - Akar Solar Enerji Sistemleri","robots":{"index":"index","follow":"follow","max-snippet":"max-snippet:-1","max-image-preview":"max-image-preview:large","max-video-preview":"max-video-preview:-1"},"canonical":"https:\/\/akarsolar.com.tr\/tr\/sunways\/sts-7-11ktl\/","og_locale":"tr_TR","og_type":"article","og_title":"Sunways STS 7~11 KTL - Akar Solar Enerji Sistemleri","og_url":"https:\/\/akarsolar.com.tr\/tr\/sunways\/sts-7-11ktl\/","og_site_name":"Akar Solar Enerji Sistemleri","article_modified_time":"2022-03-06T18:45:15+00:00","twitter_card":"summary_large_image","twitter_misc":{"Tahmini okuma s\u00fcresi":"9 dakika"},"schema":{"@context":"https:\/\/schema.org","@graph":[{"@type":"WebPage","@id":"https:\/\/akarsolar.com.tr\/tr\/sunways\/sts-7-11ktl\/","url":"https:\/\/akarsolar.com.tr\/tr\/sunways\/sts-7-11ktl\/","name":"Sunways STS 7~11 KTL - Akar Solar Enerji Sistemleri","isPartOf":{"@id":"https:\/\/akarsolar.com.tr\/tr\/#website"},"datePublished":"2021-12-25T08:34:13+00:00","dateModified":"2022-03-06T18:45:15+00:00","breadcrumb":{"@id":"https:\/\/akarsolar.com.tr\/tr\/sunways\/sts-7-11ktl\/#breadcrumb"},"inLanguage":"tr","potentialAction":[{"@type":"ReadAction","target":["https:\/\/akarsolar.com.tr\/tr\/sunways\/sts-7-11ktl\/"]}]},{"@type":"BreadcrumbList","@id":"https:\/\/akarsolar.com.tr\/tr\/sunways\/sts-7-11ktl\/#breadcrumb","itemListElement":[{"@type":"ListItem","position":1,"name":"Anasayfa","item":"https:\/\/akarsolar.com.tr\/tr\/"},{"@type":"ListItem","position":2,"name":"Sunways","item":"https:\/\/akarsolar.com.tr\/tr\/sunways\/"},{"@type":"ListItem","position":3,"name":"Sunways STS 7~11 KTL"}]},{"@type":"WebSite","@id":"https:\/\/akarsolar.com.tr\/tr\/#website","url":"https:\/\/akarsolar.com.tr\/tr\/","name":"Akar Solar Enerji Sistemleri","description":"G\u00fcne\u015f Enerjisi","publisher":{"@id":"https:\/\/akarsolar.com.tr\/tr\/#organization"},"potentialAction":[{"@type":"SearchAction","target":{"@type":"EntryPoint","urlTemplate":"https:\/\/akarsolar.com.tr\/tr\/?s={search_term_string}"},"query-input":"required name=search_term_string"}],"inLanguage":"tr"},{"@type":"Organization","@id":"https:\/\/akarsolar.com.tr\/tr\/#organization","name":"Akar Solar Enerji Sistemleri","url":"https:\/\/akarsolar.com.tr\/tr\/","logo":{"@type":"ImageObject","inLanguage":"tr","@id":"https:\/\/akarsolar.com.tr\/tr\/#\/schema\/logo\/image\/","url":"https:\/\/akarsolar.com.tr\/wp-content\/uploads\/2022\/01\/akarsolar_logo_v6.png","contentUrl":"https:\/\/akarsolar.com.tr\/wp-content\/uploads\/2022\/01\/akarsolar_logo_v6.png","width":648,"height":156,"caption":"Akar Solar Enerji Sistemleri"},"image":{"@id":"https:\/\/akarsolar.com.tr\/tr\/#\/schema\/logo\/image\/"},"sameAs":["https:\/\/www.linkedin.com\/company\/akarsolar\/"]}]}},"_links":{"self":[{"href":"https:\/\/akarsolar.com.tr\/tr\/wp-json\/wp\/v2\/pages\/2324"}],"collection":[{"href":"https:\/\/akarsolar.com.tr\/tr\/wp-json\/wp\/v2\/pages"}],"about":[{"href":"https:\/\/akarsolar.com.tr\/tr\/wp-json\/wp\/v2\/types\/page"}],"author":[{"embeddable":true,"href":"https:\/\/akarsolar.com.tr\/tr\/wp-json\/wp\/v2\/users\/1"}],"replies":[{"embeddable":true,"href":"https:\/\/akarsolar.com.tr\/tr\/wp-json\/wp\/v2\/comments?post=2324"}],"version-history":[{"count":13,"href":"https:\/\/akarsolar.com.tr\/tr\/wp-json\/wp\/v2\/pages\/2324\/revisions"}],"predecessor-version":[{"id":3897,"href":"https:\/\/akarsolar.com.tr\/tr\/wp-json\/wp\/v2\/pages\/2324\/revisions\/3897"}],"up":[{"embeddable":true,"href":"https:\/\/akarsolar.com.tr\/tr\/wp-json\/wp\/v2\/pages\/1463"}],"wp:attachment":[{"href":"https:\/\/akarsolar.com.tr\/tr\/wp-json\/wp\/v2\/media?parent=2324"}],"curies":[{"name":"wp","href":"https:\/\/api.w.org\/{rel}","templated":true}]}}