{"id":2321,"date":"2021-12-25T11:26:55","date_gmt":"2021-12-25T08:26:55","guid":{"rendered":"https:\/\/demo.akarsolar.com.tr\/?page_id=2321"},"modified":"2022-03-19T12:25:52","modified_gmt":"2022-03-19T09:25:52","slug":"sts-3-6ktl-p","status":"publish","type":"page","link":"https:\/\/akarsolar.com.tr\/tr\/sts-3-6ktl-p\/","title":{"rendered":"Sunways STS 3~6 KTL-P"},"content":{"rendered":"<p><div class=\"fusion-fullwidth fullwidth-box fusion-builder-row-1 fusion-flex-container fusion-parallax-none sunways-hero-header nonhundred-percent-fullwidth non-hundred-percent-height-scrolling lazyload\" style=\"background-color: rgba(255,255,255,0);background-position: center center;background-repeat: no-repeat;border-width: 0px 0px 0px 0px;border-color:#eae9e9;border-style:solid;-webkit-background-size:cover;-moz-background-size:cover;-o-background-size:cover;background-size:cover;\" data-bg=\"https:\/\/akarsolar.com.tr\/wp-content\/uploads\/2021\/06\/pr1.jpeg\" ><div class=\"fusion-builder-row fusion-row fusion-flex-align-items-flex-start\" style=\"max-width:1216.8px;margin-left: calc(-4% \/ 2 );margin-right: calc(-4% \/ 2 );\"><div class=\"fusion-layout-column fusion_builder_column fusion-builder-column-0 fusion_builder_column_2_5 2_5 fusion-flex-column\"><div class=\"fusion-column-wrapper fusion-flex-justify-content-flex-start fusion-content-layout-column\" style=\"background-position:left top;background-repeat:no-repeat;-webkit-background-size:cover;-moz-background-size:cover;-o-background-size:cover;background-size:cover;padding: 0px 0px 0px 0px;\"><div class=\"fusion-slider-sc\"><div class=\"fusion-flexslider-loading flexslider flexslider-hover-type-none\" data-slideshow_autoplay=\"1\" data-slideshow_smooth_height=\"1\" data-slideshow_speed=\"7000\" style=\"max-width:100%;height:100%;\"><ul class=\"slides\"><li class=\"image\"><span class=\"fusion-image-hover-element hover-type-none\"><img decoding=\"async\" src=\"data:image\/svg+xml,%3Csvg%20xmlns%3D%27http%3A%2F%2Fwww.w3.org%2F2000%2Fsvg%27%20width%3D%27652%27%20height%3D%27658%27%20viewBox%3D%270%200%20652%20658%27%3E%3Crect%20width%3D%27652%27%20height%3D%27658%27%20fill-opacity%3D%220%22%2F%3E%3C%2Fsvg%3E\" width=\"652\" height=\"658\" class=\"wp-image-1731 lazyload\" data-orig-src=\"https:\/\/akarsolar.com.tr\/wp-content\/uploads\/2021\/06\/5e994a81d2146.png\" \/><\/span><\/li><li class=\"image\"><span class=\"fusion-image-hover-element hover-type-none\"><img decoding=\"async\" src=\"data:image\/svg+xml,%3Csvg%20xmlns%3D%27http%3A%2F%2Fwww.w3.org%2F2000%2Fsvg%27%20width%3D%27629%27%20height%3D%27630%27%20viewBox%3D%270%200%20629%20630%27%3E%3Crect%20width%3D%27629%27%20height%3D%27630%27%20fill-opacity%3D%220%22%2F%3E%3C%2Fsvg%3E\" width=\"629\" height=\"630\" class=\"wp-image-1735 lazyload\" data-orig-src=\"https:\/\/akarsolar.com.tr\/wp-content\/uploads\/2021\/06\/5e99858b9136d.png\" \/><\/span><\/li><li class=\"image\"><span class=\"fusion-image-hover-element hover-type-none\"><img decoding=\"async\" src=\"data:image\/svg+xml,%3Csvg%20xmlns%3D%27http%3A%2F%2Fwww.w3.org%2F2000%2Fsvg%27%20width%3D%27629%27%20height%3D%27630%27%20viewBox%3D%270%200%20629%20630%27%3E%3Crect%20width%3D%27629%27%20height%3D%27630%27%20fill-opacity%3D%220%22%2F%3E%3C%2Fsvg%3E\" width=\"629\" height=\"630\" class=\"wp-image-1733 lazyload\" data-orig-src=\"https:\/\/akarsolar.com.tr\/wp-content\/uploads\/2021\/06\/5e994de463538.png\" \/><\/span><\/li><\/ul><\/div><\/div><\/div><style type=\"text\/css\">.fusion-body .fusion-builder-column-0{width:40% !important;margin-top : 0px;margin-bottom : 0px;}.fusion-builder-column-0 > .fusion-column-wrapper {padding-top : 0px !important;padding-right : 0px !important;margin-right : 4.8%;padding-bottom : 0px !important;padding-left : 0px !important;margin-left : 4.8%;}@media only screen and (max-width:1024px) {.fusion-body .fusion-builder-column-0{width:100% !important;order : 0;}.fusion-builder-column-0 > .fusion-column-wrapper {margin-right : 1.92%;margin-left : 1.92%;}}@media only screen and (max-width:640px) {.fusion-body .fusion-builder-column-0{width:100% !important;order : 0;}.fusion-builder-column-0 > .fusion-column-wrapper {margin-right : 1.92%;margin-left : 1.92%;}}<\/style><\/div><div class=\"fusion-layout-column fusion_builder_column fusion-builder-column-1 fusion_builder_column_3_5 3_5 fusion-flex-column\"><div class=\"fusion-column-wrapper fusion-flex-justify-content-flex-start fusion-content-layout-column\" style=\"background-position:left top;background-repeat:no-repeat;-webkit-background-size:cover;-moz-background-size:cover;-o-background-size:cover;background-size:cover;padding: 0px 0px 0px 0px;\"><div class=\"fusion-text fusion-text-1\"><h1><span class=\"title\">STS 3~6 KTL-P<\/span><\/h1>\n<p><span class=\"short-title\">KONUT SER\u0130S\u0130<\/span><br \/>\n<span class=\"short-title\">STS 3K\/3.6K\/4.2K\/4.6K\/5K\/6KTL-P<\/span><\/p>\n<p><strong>Maksimum Verimlilik 98.1%<\/strong><br \/>\n<strong>IP65 Koruma S\u0131n\u0131f\u0131<\/strong><\/p>\n<\/div><div class=\"fusion-text fusion-text-2\" style=\"text-align:left;\"><\/div><p style=\"text-align: left;\">\n    <a class=\"fusion-button button\/-flat fusion-button-default-size button-default button-1 fusion-button-default-span fusion-button-default-type\" style=\"margin-right: 10px; margin-bottom: 10px;\" href=\"http:\/\/demo.akarsolar.com.tr\/wp-content\/uploads\/2022\/01\/STS-3_6KTL-User-Manual-EN.pdf\">KULLANIM KILAVUZU<\/a><a class=\"fusion-button button-flat fusion-button-default-size button-default button-1 fusion-button-default-span fusion-button-default-type\" style=\"margin-right: 10px;\" href=\"http:\/\/demo.akarsolar.com.tr\/wp-content\/uploads\/2021\/12\/STS-3_6KTL-P-Datasheet-EN.pdf\">TEKN\u0130K DOK\u00dcMAN\u00a0<\/a>\n    <span style=\"display:inline-block;width:210px;\">\n        <select name=\"certificate-files\" id=\"certificate-files\">\n            <option disabled=\"disabled\" selected=\"selected\" value=\"\">SERT\u0130F\u0130KALAR<\/option>\n            <option value=\"http:\/\/demo.akarsolar.com.tr\/wp-content\/uploads\/2022\/01\/1-STS-3_4.6KTL-VDE-AR-N4015-EN.pdf\">STS-3_4.6KTL VDE-AR-N4015 EN<\/option>\n            <option value=\"http:\/\/demo.akarsolar.com.tr\/wp-content\/uploads\/2022\/01\/2-STS-3_5KTL-RD1699.pdf\">STS-3_5KTL RD1699<\/option>\n            <option value=\"http:\/\/demo.akarsolar.com.tr\/wp-content\/uploads\/2022\/01\/3-STS-3_6KTL-IEC6172750-60Hz.pdf\">STS-3_6KTL IEC61727(50-60Hz)<\/option>\n            <option value=\"http:\/\/demo.akarsolar.com.tr\/wp-content\/uploads\/2022\/01\/4-Factory-TUV-SUD.pdf\">Factory TUV SUD<\/option>\n            <option value=\"http:\/\/demo.akarsolar.com.tr\/wp-content\/uploads\/2022\/01\/5-STS-3_5KTL-AS-NZS-4777.pdf\">STS-3_5KTL AS-NZS 4777<\/option>\n            <option value=\"http:\/\/demo.akarsolar.com.tr\/wp-content\/uploads\/2022\/01\/6-STS-3-6KTL-UL-1741IEEE-1547.pdf\">STS-3-6KTL UL 1741&IEEE 1547<\/option>\n            <option value=\"http:\/\/demo.akarsolar.com.tr\/wp-content\/uploads\/2022\/01\/7-STS-3_6KTL-EN50549_2019.pdf\">STS-3_6KTL EN50549_2019<\/option>\n            <option value=\"http:\/\/demo.akarsolar.com.tr\/wp-content\/uploads\/2022\/01\/8-STS-3_6KTL-CEI-0-21_2019.pdf\">STS-3_6KTL CEI 0-21_2019<\/option>\n            <option value=\"http:\/\/demo.akarsolar.com.tr\/wp-content\/uploads\/2022\/01\/9-STS-3_5KTL-C10-11_2019.pdf\">STS-3_5KTL C10-11_2019<\/option>\n            <option value=\"http:\/\/demo.akarsolar.com.tr\/wp-content\/uploads\/2022\/01\/10-STS-3_6KTL-VDE0126_2013.pdf\">STS-3_6KTL VDE0126_2013<\/option>\n            <option value=\"http:\/\/demo.akarsolar.com.tr\/wp-content\/uploads\/2022\/01\/11-STS-3_6KTL-VFR2019-VDE0126-UTE_2013.pdf\">STS-3_6KTL VFR2019 VDE0126 UTE_2013<\/option>\n            <option value=\"http:\/\/demo.akarsolar.com.tr\/wp-content\/uploads\/2022\/01\/12-STS-3_6KTL-VFR2019-VDE0126-UTE_2013.pdf\">STS-3_6KTL VFR2019 VDE0126 UTE_2013<\/option>\n            <option value=\"http:\/\/demo.akarsolar.com.tr\/wp-content\/uploads\/2022\/01\/13-STS-3-3.6KTL-G98-1-4-2019.pdf\">STS-3-3.6KTL G98 1-4 2019<\/option>\n            <option value=\"http:\/\/demo.akarsolar.com.tr\/wp-content\/uploads\/2022\/01\/14-STS-4.2-6KTL-G99-1-6-2020.pdf\">STS-4.2-6KTL G99 1-6-2020<\/option>\n            <option value=\"http:\/\/demo.akarsolar.com.tr\/wp-content\/uploads\/2022\/01\/15-STS-5KTL-NBR-Brazil.pdf\">STS-5KTL NBR Brazil<\/option>\n            <option value=\"http:\/\/demo.akarsolar.com.tr\/wp-content\/uploads\/2022\/01\/16-STS-6KTL-NBR-Brazil.pdf\">STS-6KTL NBR Brazil<\/option>\n            <option value=\"http:\/\/demo.akarsolar.com.tr\/wp-content\/uploads\/2022\/01\/17-IS-16169-IS-16221-2India-BIS.pdf\">IS 16169 - IS 16221-2(India BIS)<\/option>\n            <option value=\"http:\/\/demo.akarsolar.com.tr\/wp-content\/uploads\/2022\/01\/18-STS-3-6KTL-P-EN62109-N8ACE.pdf\">STS-3-6KTL(-P) EN62109 N8A(CE)<\/option>\n            <option value=\"http:\/\/demo.akarsolar.com.tr\/wp-content\/uploads\/2022\/01\/19-STS-3-6KTL-P-IEC62109-B.pdf\">STS 3-6KTL(-P ) IEC62109 B<\/option>\n            <option value=\"http:\/\/demo.akarsolar.com.tr\/wp-content\/uploads\/2022\/01\/20-STS-3-6KTL-P-EN61000EMC.pdf\">STS-3-6KTL(-P) EN61000(EMC)<\/option>\n        <\/select>\n    <\/span>\n<\/p><\/div><style type=\"text\/css\">.fusion-body .fusion-builder-column-1{width:60% !important;margin-top : 0px;margin-bottom : 0px;}.fusion-builder-column-1 > .fusion-column-wrapper {padding-top : 0px !important;padding-right : 0px !important;margin-right : 3.2%;padding-bottom : 0px !important;padding-left : 0px !important;margin-left : 3.2%;}@media only screen and (max-width:1024px) {.fusion-body .fusion-builder-column-1{width:100% !important;order : 0;}.fusion-builder-column-1 > .fusion-column-wrapper {margin-right : 1.92%;margin-left : 1.92%;}}@media only screen and (max-width:640px) {.fusion-body .fusion-builder-column-1{width:100% !important;order : 0;}.fusion-builder-column-1 > .fusion-column-wrapper {margin-right : 1.92%;margin-left : 1.92%;}}<\/style><\/div><\/div><style type=\"text\/css\">.fusion-body .fusion-flex-container.fusion-builder-row-1{ padding-top : 0px;margin-top : 0px;padding-right : 0px;padding-bottom : 0px;margin-bottom : 0px;padding-left : 0px;}<\/style><\/div><div class=\"fusion-fullwidth fullwidth-box fusion-builder-row-2 fusion-flex-container nonhundred-percent-fullwidth non-hundred-percent-height-scrolling\" style=\"background-color: rgba(255,255,255,0);background-position: center center;background-repeat: no-repeat;border-width: 0px 0px 0px 0px;border-color:#eae9e9;border-style:solid;\" ><div class=\"fusion-builder-row fusion-row fusion-flex-align-items-flex-start\" style=\"max-width:1216.8px;margin-left: calc(-4% \/ 2 );margin-right: calc(-4% \/ 2 );\"><div class=\"fusion-layout-column fusion_builder_column fusion-builder-column-2 fusion_builder_column_1_1 1_1 fusion-flex-column\"><div class=\"fusion-column-wrapper fusion-flex-justify-content-flex-start fusion-content-layout-column\" style=\"background-position:left top;background-repeat:no-repeat;-webkit-background-size:cover;-moz-background-size:cover;-o-background-size:cover;background-size:cover;padding: 0px 0px 0px 0px;\"><div ><span class=\" fusion-imageframe imageframe-none imageframe-1 hover-type-none\"><img decoding=\"async\" width=\"2113\" height=\"2560\" title=\"STS-3_6KTL-P Datasheet EN-2\" src=\"data:image\/svg+xml,%3Csvg%20xmlns%3D%27http%3A%2F%2Fwww.w3.org%2F2000%2Fsvg%27%20width%3D%272113%27%20height%3D%272560%27%20viewBox%3D%270%200%202113%202560%27%3E%3Crect%20width%3D%272113%27%20height%3D%272560%27%20fill-opacity%3D%220%22%2F%3E%3C%2Fsvg%3E\" data-orig-src=\"https:\/\/akarsolar.com.tr\/wp-content\/uploads\/2021\/12\/STS-3_6KTL-P-Datasheet-EN-2-1-scaled.jpg\" alt class=\"lazyload img-responsive wp-image-2346\"\/><\/span><\/div><\/div><style type=\"text\/css\">.fusion-body .fusion-builder-column-2{width:100% !important;margin-top : 0px;margin-bottom : 0px;}.fusion-builder-column-2 > .fusion-column-wrapper {padding-top : 0px !important;padding-right : 0px !important;margin-right : 1.92%;padding-bottom : 0px !important;padding-left : 0px !important;margin-left : 1.92%;}@media only screen and (max-width:1024px) {.fusion-body .fusion-builder-column-2{width:100% !important;order : 0;}.fusion-builder-column-2 > .fusion-column-wrapper {margin-right : 1.92%;margin-left : 1.92%;}}@media only screen and (max-width:640px) {.fusion-body .fusion-builder-column-2{width:100% !important;order : 0;}.fusion-builder-column-2 > .fusion-column-wrapper {margin-right : 1.92%;margin-left : 1.92%;}}<\/style><\/div><\/div><style type=\"text\/css\">.fusion-body .fusion-flex-container.fusion-builder-row-2{ padding-top : 0px;margin-top : 0px;padding-right : 0px;padding-bottom : 0px;margin-bottom : 0px;padding-left : 0px;}<\/style><\/div><div class=\"fusion-fullwidth fullwidth-box fusion-builder-row-3 fusion-flex-container nonhundred-percent-fullwidth non-hundred-percent-height-scrolling\" style=\"background-color: rgba(255,255,255,0);background-position: center center;background-repeat: no-repeat;border-width: 0px 0px 0px 0px;border-color:#eae9e9;border-style:solid;\" ><div class=\"fusion-builder-row fusion-row fusion-flex-align-items-flex-start\" style=\"max-width:1216.8px;margin-left: calc(-4% \/ 2 );margin-right: calc(-4% \/ 2 );\"><div class=\"fusion-layout-column fusion_builder_column fusion-builder-column-3 fusion_builder_column_1_1 1_1 fusion-flex-column\"><div class=\"fusion-column-wrapper fusion-flex-justify-content-flex-start fusion-content-layout-column\" style=\"background-position:left top;background-repeat:no-repeat;-webkit-background-size:cover;-moz-background-size:cover;-o-background-size:cover;background-size:cover;padding: 0px 0px 0px 0px;\"><div class=\"fusion-text fusion-text-3\"><\/div><\/div><style type=\"text\/css\">.fusion-body .fusion-builder-column-3{width:100% !important;margin-top : 0px;margin-bottom : 0px;}.fusion-builder-column-3 > .fusion-column-wrapper {padding-top : 0px !important;padding-right : 0px !important;margin-right : 1.92%;padding-bottom : 0px !important;padding-left : 0px !important;margin-left : 1.92%;}@media only screen and (max-width:1024px) {.fusion-body .fusion-builder-column-3{width:100% !important;}.fusion-builder-column-3 > .fusion-column-wrapper {margin-right : 1.92%;margin-left : 1.92%;}}@media only screen and (max-width:640px) {.fusion-body .fusion-builder-column-3{width:100% !important;}.fusion-builder-column-3 > .fusion-column-wrapper {margin-right : 1.92%;margin-left : 1.92%;}}<\/style><\/div><\/div><style type=\"text\/css\">.fusion-body .fusion-flex-container.fusion-builder-row-3{ padding-top : 0px;margin-top : 0px;padding-right : 0px;padding-bottom : 0px;margin-bottom : 0px;padding-left : 0px;}<\/style><\/div><\/p>\n","protected":false},"excerpt":{"rendered":"","protected":false},"author":1,"featured_media":0,"parent":0,"menu_order":0,"comment_status":"closed","ping_status":"closed","template":"100-width.php","meta":{"footnotes":""},"yoast_head":"<!-- This site is optimized with the Yoast SEO plugin v21.4 - https:\/\/yoast.com\/wordpress\/plugins\/seo\/ -->\n<title>Sunways STS 3~6 KTL-P - Akar Solar Enerji Sistemleri<\/title>\n<meta name=\"robots\" content=\"index, follow, max-snippet:-1, max-image-preview:large, max-video-preview:-1\" \/>\n<link rel=\"canonical\" href=\"https:\/\/akarsolar.com.tr\/tr\/sts-3-6ktl-p\/\" \/>\n<meta property=\"og:locale\" content=\"tr_TR\" \/>\n<meta property=\"og:type\" content=\"article\" \/>\n<meta property=\"og:title\" content=\"Sunways STS 3~6 KTL-P - Akar Solar Enerji Sistemleri\" \/>\n<meta property=\"og:url\" content=\"https:\/\/akarsolar.com.tr\/tr\/sts-3-6ktl-p\/\" \/>\n<meta property=\"og:site_name\" content=\"Akar Solar Enerji Sistemleri\" \/>\n<meta property=\"article:modified_time\" content=\"2022-03-19T09:25:52+00:00\" \/>\n<meta name=\"twitter:card\" content=\"summary_large_image\" \/>\n<meta name=\"twitter:label1\" content=\"Tahmini okuma s\u00fcresi\" \/>\n\t<meta name=\"twitter:data1\" content=\"12 dakika\" \/>\n<script type=\"application\/ld+json\" class=\"yoast-schema-graph\">{\"@context\":\"https:\/\/schema.org\",\"@graph\":[{\"@type\":\"WebPage\",\"@id\":\"https:\/\/akarsolar.com.tr\/tr\/sts-3-6ktl-p\/\",\"url\":\"https:\/\/akarsolar.com.tr\/tr\/sts-3-6ktl-p\/\",\"name\":\"Sunways STS 3~6 KTL-P - Akar Solar Enerji Sistemleri\",\"isPartOf\":{\"@id\":\"https:\/\/akarsolar.com.tr\/tr\/#website\"},\"datePublished\":\"2021-12-25T08:26:55+00:00\",\"dateModified\":\"2022-03-19T09:25:52+00:00\",\"breadcrumb\":{\"@id\":\"https:\/\/akarsolar.com.tr\/tr\/sts-3-6ktl-p\/#breadcrumb\"},\"inLanguage\":\"tr\",\"potentialAction\":[{\"@type\":\"ReadAction\",\"target\":[\"https:\/\/akarsolar.com.tr\/tr\/sts-3-6ktl-p\/\"]}]},{\"@type\":\"BreadcrumbList\",\"@id\":\"https:\/\/akarsolar.com.tr\/tr\/sts-3-6ktl-p\/#breadcrumb\",\"itemListElement\":[{\"@type\":\"ListItem\",\"position\":1,\"name\":\"Anasayfa\",\"item\":\"https:\/\/akarsolar.com.tr\/tr\/\"},{\"@type\":\"ListItem\",\"position\":2,\"name\":\"Sunways STS 3~6 KTL-P\"}]},{\"@type\":\"WebSite\",\"@id\":\"https:\/\/akarsolar.com.tr\/tr\/#website\",\"url\":\"https:\/\/akarsolar.com.tr\/tr\/\",\"name\":\"Akar Solar Enerji Sistemleri\",\"description\":\"G\u00fcne\u015f Enerjisi\",\"publisher\":{\"@id\":\"https:\/\/akarsolar.com.tr\/tr\/#organization\"},\"potentialAction\":[{\"@type\":\"SearchAction\",\"target\":{\"@type\":\"EntryPoint\",\"urlTemplate\":\"https:\/\/akarsolar.com.tr\/tr\/?s={search_term_string}\"},\"query-input\":\"required name=search_term_string\"}],\"inLanguage\":\"tr\"},{\"@type\":\"Organization\",\"@id\":\"https:\/\/akarsolar.com.tr\/tr\/#organization\",\"name\":\"Akar Solar Enerji Sistemleri\",\"url\":\"https:\/\/akarsolar.com.tr\/tr\/\",\"logo\":{\"@type\":\"ImageObject\",\"inLanguage\":\"tr\",\"@id\":\"https:\/\/akarsolar.com.tr\/tr\/#\/schema\/logo\/image\/\",\"url\":\"https:\/\/akarsolar.com.tr\/wp-content\/uploads\/2022\/01\/akarsolar_logo_v6.png\",\"contentUrl\":\"https:\/\/akarsolar.com.tr\/wp-content\/uploads\/2022\/01\/akarsolar_logo_v6.png\",\"width\":648,\"height\":156,\"caption\":\"Akar Solar Enerji Sistemleri\"},\"image\":{\"@id\":\"https:\/\/akarsolar.com.tr\/tr\/#\/schema\/logo\/image\/\"},\"sameAs\":[\"https:\/\/www.linkedin.com\/company\/akarsolar\/\"]}]}<\/script>\n<!-- \/ Yoast SEO plugin. -->","yoast_head_json":{"title":"Sunways STS 3~6 KTL-P - Akar Solar Enerji Sistemleri","robots":{"index":"index","follow":"follow","max-snippet":"max-snippet:-1","max-image-preview":"max-image-preview:large","max-video-preview":"max-video-preview:-1"},"canonical":"https:\/\/akarsolar.com.tr\/tr\/sts-3-6ktl-p\/","og_locale":"tr_TR","og_type":"article","og_title":"Sunways STS 3~6 KTL-P - Akar Solar Enerji Sistemleri","og_url":"https:\/\/akarsolar.com.tr\/tr\/sts-3-6ktl-p\/","og_site_name":"Akar Solar Enerji Sistemleri","article_modified_time":"2022-03-19T09:25:52+00:00","twitter_card":"summary_large_image","twitter_misc":{"Tahmini okuma s\u00fcresi":"12 dakika"},"schema":{"@context":"https:\/\/schema.org","@graph":[{"@type":"WebPage","@id":"https:\/\/akarsolar.com.tr\/tr\/sts-3-6ktl-p\/","url":"https:\/\/akarsolar.com.tr\/tr\/sts-3-6ktl-p\/","name":"Sunways STS 3~6 KTL-P - Akar Solar Enerji Sistemleri","isPartOf":{"@id":"https:\/\/akarsolar.com.tr\/tr\/#website"},"datePublished":"2021-12-25T08:26:55+00:00","dateModified":"2022-03-19T09:25:52+00:00","breadcrumb":{"@id":"https:\/\/akarsolar.com.tr\/tr\/sts-3-6ktl-p\/#breadcrumb"},"inLanguage":"tr","potentialAction":[{"@type":"ReadAction","target":["https:\/\/akarsolar.com.tr\/tr\/sts-3-6ktl-p\/"]}]},{"@type":"BreadcrumbList","@id":"https:\/\/akarsolar.com.tr\/tr\/sts-3-6ktl-p\/#breadcrumb","itemListElement":[{"@type":"ListItem","position":1,"name":"Anasayfa","item":"https:\/\/akarsolar.com.tr\/tr\/"},{"@type":"ListItem","position":2,"name":"Sunways STS 3~6 KTL-P"}]},{"@type":"WebSite","@id":"https:\/\/akarsolar.com.tr\/tr\/#website","url":"https:\/\/akarsolar.com.tr\/tr\/","name":"Akar Solar Enerji Sistemleri","description":"G\u00fcne\u015f Enerjisi","publisher":{"@id":"https:\/\/akarsolar.com.tr\/tr\/#organization"},"potentialAction":[{"@type":"SearchAction","target":{"@type":"EntryPoint","urlTemplate":"https:\/\/akarsolar.com.tr\/tr\/?s={search_term_string}"},"query-input":"required name=search_term_string"}],"inLanguage":"tr"},{"@type":"Organization","@id":"https:\/\/akarsolar.com.tr\/tr\/#organization","name":"Akar Solar Enerji Sistemleri","url":"https:\/\/akarsolar.com.tr\/tr\/","logo":{"@type":"ImageObject","inLanguage":"tr","@id":"https:\/\/akarsolar.com.tr\/tr\/#\/schema\/logo\/image\/","url":"https:\/\/akarsolar.com.tr\/wp-content\/uploads\/2022\/01\/akarsolar_logo_v6.png","contentUrl":"https:\/\/akarsolar.com.tr\/wp-content\/uploads\/2022\/01\/akarsolar_logo_v6.png","width":648,"height":156,"caption":"Akar Solar Enerji Sistemleri"},"image":{"@id":"https:\/\/akarsolar.com.tr\/tr\/#\/schema\/logo\/image\/"},"sameAs":["https:\/\/www.linkedin.com\/company\/akarsolar\/"]}]}},"_links":{"self":[{"href":"https:\/\/akarsolar.com.tr\/tr\/wp-json\/wp\/v2\/pages\/2321"}],"collection":[{"href":"https:\/\/akarsolar.com.tr\/tr\/wp-json\/wp\/v2\/pages"}],"about":[{"href":"https:\/\/akarsolar.com.tr\/tr\/wp-json\/wp\/v2\/types\/page"}],"author":[{"embeddable":true,"href":"https:\/\/akarsolar.com.tr\/tr\/wp-json\/wp\/v2\/users\/1"}],"replies":[{"embeddable":true,"href":"https:\/\/akarsolar.com.tr\/tr\/wp-json\/wp\/v2\/comments?post=2321"}],"version-history":[{"count":22,"href":"https:\/\/akarsolar.com.tr\/tr\/wp-json\/wp\/v2\/pages\/2321\/revisions"}],"predecessor-version":[{"id":3940,"href":"https:\/\/akarsolar.com.tr\/tr\/wp-json\/wp\/v2\/pages\/2321\/revisions\/3940"}],"wp:attachment":[{"href":"https:\/\/akarsolar.com.tr\/tr\/wp-json\/wp\/v2\/media?parent=2321"}],"curies":[{"name":"wp","href":"https:\/\/api.w.org\/{rel}","templated":true}]}}