{"id":1636,"date":"2021-06-17T00:48:54","date_gmt":"2021-06-16T21:48:54","guid":{"rendered":"http:\/\/demo.akarsolar.com.tr\/?page_id=1636"},"modified":"2022-01-28T14:13:58","modified_gmt":"2022-01-28T11:13:58","slug":"isletme-bakim-ve-servis","status":"publish","type":"page","link":"https:\/\/akarsolar.com.tr\/tr\/hizmetlerimiz\/isletme-bakim-ve-servis\/","title":{"rendered":"\u0130\u015fletme, Bak\u0131m Ve Servis"},"content":{"rendered":"<p><div class=\"fusion-fullwidth fullwidth-box fusion-builder-row-1 fusion-flex-container nonhundred-percent-fullwidth non-hundred-percent-height-scrolling\" style=\"background-color: #ffffff;background-position: left top;background-repeat: no-repeat;border-width: 0px 0px 0px 0px;border-color:#eae9e9;border-style:solid;\" ><div class=\"fusion-builder-row fusion-row fusion-flex-align-items-flex-start\" style=\"max-width:1216.8px;margin-left: calc(-4% \/ 2 );margin-right: calc(-4% \/ 2 );\"><div class=\"fusion-layout-column fusion_builder_column fusion-builder-column-0 fusion_builder_column_1_3 1_3 fusion-flex-column\"><div class=\"fusion-column-wrapper fusion-flex-justify-content-flex-start fusion-content-layout-column\" style=\"background-position:left top;background-repeat:no-repeat;-webkit-background-size:cover;-moz-background-size:cover;-o-background-size:cover;background-size:cover;padding: 0px 0px 0px 0px;\"><div ><style>.fusion-imageframe.imageframe-1{ margin-bottom : 15px;}<\/style><span class=\" fusion-imageframe imageframe-none imageframe-1 hover-type-none\"><img decoding=\"async\" width=\"379\" height=\"390\" title=\"isletme-bakim-servis-sol-ust\" src=\"https:\/\/akarsolar.com.tr\/wp-content\/uploads\/2021\/09\/isletme-bakim-servis-sol-ust.png\" data-orig-src=\"https:\/\/akarsolar.com.tr\/wp-content\/uploads\/2021\/09\/isletme-bakim-servis-sol-ust.png\" alt class=\"lazyload img-responsive wp-image-1995\" srcset=\"data:image\/svg+xml,%3Csvg%20xmlns%3D%27http%3A%2F%2Fwww.w3.org%2F2000%2Fsvg%27%20width%3D%27379%27%20height%3D%27390%27%20viewBox%3D%270%200%20379%20390%27%3E%3Crect%20width%3D%27379%27%20height%3D%27390%27%20fill-opacity%3D%220%22%2F%3E%3C%2Fsvg%3E\" data-srcset=\"https:\/\/akarsolar.com.tr\/wp-content\/uploads\/2021\/09\/isletme-bakim-servis-sol-ust-200x206.png 200w, https:\/\/akarsolar.com.tr\/wp-content\/uploads\/2021\/09\/isletme-bakim-servis-sol-ust.png 379w\" data-sizes=\"auto\" data-orig-sizes=\"(max-width: 1024px) 100vw, (max-width: 640px) 100vw, 379px\" \/><\/span><\/div><\/div><style type=\"text\/css\">.fusion-body .fusion-builder-column-0{width:33.333333333333% !important;margin-top : 0px;margin-bottom : 0px;}.fusion-builder-column-0 > .fusion-column-wrapper {padding-top : 0px !important;padding-right : 0px !important;margin-right : 5.76%;padding-bottom : 0px !important;padding-left : 0px !important;margin-left : 5.76%;}@media only screen and (max-width:1024px) {.fusion-body .fusion-builder-column-0{width:100% !important;order : 0;}.fusion-builder-column-0 > .fusion-column-wrapper {margin-right : 1.92%;margin-left : 1.92%;}}@media only screen and (max-width:640px) {.fusion-body .fusion-builder-column-0{width:100% !important;order : 0;}.fusion-builder-column-0 > .fusion-column-wrapper {margin-right : 1.92%;margin-left : 1.92%;}}<\/style><\/div><div class=\"fusion-layout-column fusion_builder_column fusion-builder-column-1 fusion_builder_column_2_3 2_3 fusion-flex-column\"><div class=\"fusion-column-wrapper fusion-flex-justify-content-flex-start fusion-content-layout-column\" style=\"background-position:left top;background-blend-mode: overlay;background-repeat:no-repeat;-webkit-background-size:cover;-moz-background-size:cover;-o-background-size:cover;background-size:cover;padding: 0px 0px 0px 0px;\"><style type=\"text\/css\">@media only screen and (max-width:1024px) {.fusion-title.fusion-title-1{margin-top:0px!important; margin-right:0px!important;margin-bottom:20px!important;margin-left:0px!important;}}@media only screen and (max-width:640px) {.fusion-title.fusion-title-1{margin-top:0px!important; margin-right:0px!important;margin-bottom:20px!important; margin-left:0px!important;}}<\/style><div class=\"fusion-title title fusion-title-1 fusion-sep-none fusion-title-text fusion-title-size-one\" style=\"margin-top:0px;margin-right:0px;margin-bottom:20px;margin-left:0px;\"><h1 class=\"title-heading-left fusion-responsive-typography-calculated\" style=\"font-family:&quot;Ruda&quot;;font-weight:700;margin:0;letter-spacing:1px;color:#2f7d36;--fontSize:36;line-height:1.40;\"><strong>\u0130\u015fletme, Bak\u0131m ve Servis<\/strong><\/h1><\/div><div class=\"fusion-text fusion-text-1\" style=\"color:#000000;\"><p>Akar Solar olarak m\u00fc\u015fterilerimize kapsaml\u0131 bir i\u015fletme ve bak\u0131m hizmeti sunuyoruz. Farkl\u0131 tip ve kapasitede kurulu olan fotovoltaik g\u00fcne\u015f enerjisi santralleri i\u00e7in ar\u0131za \u00f6nleyici, onar\u0131c\u0131, koruyucu bak\u0131m hizmetleri sa\u011fl\u0131yoruz. \u0130\u015fletme ve bak\u0131m hizmet portf\u00f6y\u00fcm\u00fczde santralinizin performans\u0131n\u0131n takibi, tesisinizin idari ve teknik y\u00f6netimi, sahan\u0131n uzaktan izlenmesi gibi bir santralin ihtiyac\u0131 olan t\u00fcm i\u015fletme ve bak\u0131m kriterleri mevcuttur.<\/p>\n<p>Uzaktan Takip Sistemi ile \u00fcretimin ve t\u00fcketimin bir \u00f6nceki g\u00fcne, haftaya, aya ve y\u0131la g\u00f6re kar\u015f\u0131la\u015ft\u0131r\u0131lmal\u0131 de\u011fi\u015fimleri vb. bilgiler elde edilir. Uzaktan Takip Sistemleri ile bilgisayar, tablet ve ak\u0131ll\u0131 telefon \u00fczerinden sisteminizde ne kadar \u00fcretim yap\u0131l\u0131yor, hava durumu nas\u0131l, r\u00fczgar h\u0131z\u0131 ne oranda gibi bilgileri ve Solar Sistemin \u00fcretti\u011fi enerji ile ilgili anl\u0131k raporlar\u0131 al\u0131n\u0131r ve analizi m\u00fc\u015fteri ile payla\u015f\u0131l\u0131r.<\/p>\n<p>Elde edilen bilgiler sistem performans\u0131n\u0131n de\u011fi\u015fiminin g\u00f6zlenmesini sa\u011flar. Sistemde \u00fcretimi etkileyebilecek olu\u015fmu\u015f hatalar\u0131n erken tespiti sa\u011flanarak \u00fcretimde verimlilik maksimize edilir.<\/p>\n<\/div><\/div><style type=\"text\/css\">.fusion-body .fusion-builder-column-1{width:66.666666666667% !important;margin-top : 0px;margin-bottom : 25px;}.fusion-builder-column-1 > .fusion-column-wrapper {padding-top : 0px !important;padding-right : 0px !important;margin-right : 2.88%;padding-bottom : 0px !important;padding-left : 0px !important;margin-left : 2.88%;}@media only screen and (max-width:1024px) {.fusion-body .fusion-builder-column-1{width:100% !important;margin-top : 30px;}.fusion-builder-column-1 > .fusion-column-wrapper {margin-right : 1.92%;margin-left : 1.92%;}}@media only screen and (max-width:640px) {.fusion-body .fusion-builder-column-1{width:100% !important;margin-top : 10px;}.fusion-builder-column-1 > .fusion-column-wrapper {margin-right : 1.92%;margin-left : 1.92%;}}<\/style><\/div><\/div><style type=\"text\/css\">.fusion-body .fusion-flex-container.fusion-builder-row-1{ padding-top : 3%;margin-top : 0px;padding-right : 0px;padding-bottom : 2%;margin-bottom : 0px;padding-left : 0px;}<\/style><\/div><div class=\"fusion-fullwidth fullwidth-box fusion-builder-row-2 fusion-flex-container nonhundred-percent-fullwidth non-hundred-percent-height-scrolling\" style=\"background-color: rgba(196,196,196,0.24);background-position: center center;background-repeat: no-repeat;border-width: 0px 0px 0px 0px;border-color:#eae9e9;border-style:solid;\" ><div class=\"fusion-builder-row fusion-row fusion-flex-align-items-flex-start\" style=\"max-width:1216.8px;margin-left: calc(-4% \/ 2 );margin-right: calc(-4% \/ 2 );\"><div class=\"fusion-layout-column fusion_builder_column fusion-builder-column-2 fusion_builder_column_1_2 1_2 fusion-flex-column fusion-no-medium-visibility fusion-no-large-visibility\"><div class=\"fusion-column-wrapper fusion-flex-justify-content-flex-start fusion-content-layout-column\" style=\"background-position:left top;background-repeat:no-repeat;-webkit-background-size:cover;-moz-background-size:cover;-o-background-size:cover;background-size:cover;padding: 0px 0px 0px 0px;\"><div ><style>.fusion-imageframe.imageframe-2{ margin-bottom : 15px;}<\/style><span class=\" fusion-imageframe imageframe-none imageframe-2 hover-type-none\"><img decoding=\"async\" width=\"452\" height=\"448\" title=\"isletme-bakim-servis-sag-alt\" src=\"https:\/\/akarsolar.com.tr\/wp-content\/uploads\/2021\/09\/isletme-bakim-servis-sag-alt.png\" data-orig-src=\"https:\/\/akarsolar.com.tr\/wp-content\/uploads\/2021\/09\/isletme-bakim-servis-sag-alt.png\" alt class=\"lazyload img-responsive wp-image-1993\" srcset=\"data:image\/svg+xml,%3Csvg%20xmlns%3D%27http%3A%2F%2Fwww.w3.org%2F2000%2Fsvg%27%20width%3D%27452%27%20height%3D%27448%27%20viewBox%3D%270%200%20452%20448%27%3E%3Crect%20width%3D%27452%27%20height%3D%27448%27%20fill-opacity%3D%220%22%2F%3E%3C%2Fsvg%3E\" data-srcset=\"https:\/\/akarsolar.com.tr\/wp-content\/uploads\/2021\/09\/isletme-bakim-servis-sag-alt-200x198.png 200w, https:\/\/akarsolar.com.tr\/wp-content\/uploads\/2021\/09\/isletme-bakim-servis-sag-alt-400x396.png 400w, https:\/\/akarsolar.com.tr\/wp-content\/uploads\/2021\/09\/isletme-bakim-servis-sag-alt.png 452w\" data-sizes=\"auto\" data-orig-sizes=\"(max-width: 1024px) 100vw, (max-width: 640px) 100vw, 452px\" \/><\/span><\/div><\/div><style type=\"text\/css\">.fusion-body .fusion-builder-column-2{width:50% !important;margin-top : 0px;margin-bottom : 0px;}.fusion-builder-column-2 > .fusion-column-wrapper {padding-top : 0px !important;padding-right : 0px !important;margin-right : 3.84%;padding-bottom : 0px !important;padding-left : 0px !important;margin-left : 3.84%;}@media only screen and (max-width:1024px) {.fusion-body .fusion-builder-column-2{width:100% !important;order : 0;}.fusion-builder-column-2 > .fusion-column-wrapper {margin-right : 1.92%;margin-left : 1.92%;}}@media only screen and (max-width:640px) {.fusion-body .fusion-builder-column-2{width:100% !important;order : 0;}.fusion-builder-column-2 > .fusion-column-wrapper {margin-right : 1.92%;margin-left : 1.92%;}}<\/style><\/div><div class=\"fusion-layout-column fusion_builder_column fusion-builder-column-3 fusion_builder_column_1_2 1_2 fusion-flex-column\"><div class=\"fusion-column-wrapper fusion-flex-justify-content-flex-start fusion-content-layout-column\" style=\"background-position:left top;background-repeat:no-repeat;-webkit-background-size:cover;-moz-background-size:cover;-o-background-size:cover;background-size:cover;padding: 0px 0px 0px 0px;\"><style type=\"text\/css\">@media only screen and (max-width:1024px) {.fusion-title.fusion-title-2{margin-top:0px!important; margin-right:0px!important;margin-bottom:20px!important;margin-left:0px!important;}}@media only screen and (max-width:640px) {.fusion-title.fusion-title-2{margin-top:0px!important; margin-right:0px!important;margin-bottom:20px!important; margin-left:0px!important;}}<\/style><div class=\"fusion-title title fusion-title-2 fusion-sep-none fusion-title-text fusion-title-size-three\" style=\"margin-top:0px;margin-right:0px;margin-bottom:20px;margin-left:0px;\"><h3 class=\"title-heading-left fusion-responsive-typography-calculated\" style=\"font-family:&quot;Ruda&quot;;font-weight:700;margin:0;color:#2f7d36;--fontSize:20;line-height:1.45;\"><strong>Koruyucu ve \u00d6nleyici Bak\u0131m Hizmetleri<\/strong><\/h3><\/div><div class=\"fusion-text fusion-text-2\" style=\"color:#000000;\"><ul>\n<li>Koruyucu ve \u00f6nleyici bak\u0131m planlamas\u0131<\/li>\n<li>Koruyucu ve \u00f6nleyici m\u00fcdahaleler<\/li>\n<li>Performans geli\u015ftirme imk\u00e2nlar\u0131 aranmas\u0131<\/li>\n<li>Bak\u0131m hizmetlerinin rapor edilmesi<\/li>\n<\/ul>\n<\/div><style type=\"text\/css\">@media only screen and (max-width:1024px) {.fusion-title.fusion-title-3{margin-top:0px!important; margin-right:0px!important;margin-bottom:20px!important;margin-left:0px!important;}}@media only screen and (max-width:640px) {.fusion-title.fusion-title-3{margin-top:0px!important; margin-right:0px!important;margin-bottom:20px!important; margin-left:0px!important;}}<\/style><div class=\"fusion-title title fusion-title-3 fusion-sep-none fusion-title-text fusion-title-size-three\" style=\"margin-top:0px;margin-right:0px;margin-bottom:20px;margin-left:0px;\"><h3 class=\"title-heading-left fusion-responsive-typography-calculated\" style=\"font-family:&quot;Ruda&quot;;font-weight:700;margin:0;color:#2f7d36;--fontSize:20;line-height:1.45;\"><strong>Onar\u0131c\u0131 Bak\u0131m Hizmetleri<\/strong><\/h3><\/div><div class=\"fusion-text fusion-text-3\" style=\"color:#000000;\"><ul>\n<li>Ar\u0131za te\u015fhisi<\/li>\n<li>Onar\u0131mlar\u0131n yap\u0131lmas\u0131<\/li>\n<li>Sistem onar\u0131mlar\u0131n\u0131n optimizasyonu<\/li>\n<li>Sistem onar\u0131mlar\u0131n\u0131n raporlanmas\u0131<\/li>\n<\/ul>\n<\/div><style type=\"text\/css\">@media only screen and (max-width:1024px) {.fusion-title.fusion-title-4{margin-top:0px!important; margin-right:0px!important;margin-bottom:15px!important;margin-left:0px!important;}}@media only screen and (max-width:640px) {.fusion-title.fusion-title-4{margin-top:0px!important; margin-right:0px!important;margin-bottom:20px!important; margin-left:0px!important;}}<\/style><div class=\"fusion-title title fusion-title-4 fusion-sep-none fusion-title-text fusion-title-size-three\" style=\"font-size:20px;margin-top:0px;margin-right:0px;margin-bottom:15px;margin-left:0px;\"><h3 class=\"title-heading-left fusion-responsive-typography-calculated\" style=\"font-family:&quot;Ruda&quot;;font-weight:800;margin:0;font-size:1em;color:#2f7d36;--fontSize:20;line-height:1.45;\"><strong>Servis<\/strong><\/h3><\/div><div class=\"fusion-text fusion-text-4\" style=\"color:#000000;\"><p>Akar Solar, y\u0131llar\u0131n verdi\u011fi birikim, tecr\u00fcbe ve deneyimli kadrosuyla t\u00fcm marka ve model fotovoltaik enerji \u00fcr\u00fcnlerine servis verebilmektedir. Garanti kapsam\u0131nda ki t\u00fcm \u00fcr\u00fcnlerimize \u00fccretsiz hizmet vermenin yan\u0131 s\u0131ra, garanti kapsam\u0131 d\u0131\u015f\u0131nda kalan veya di\u011fer firma \u00fcreticilerinin \u00fcr\u00fcnlerine de \u00fccreti kar\u015f\u0131l\u0131\u011f\u0131 servis sa\u011fl\u0131yoruz.<\/p>\n<\/div><div ><style>.fusion-button.button-1{border-radius:10px 10px 10px 10px;}.fusion-button.button-1 .fusion-button-text{text-transform:none;}<\/style><a class=\"fusion-button button-flat fusion-button-default-size button-default button-1 fusion-button-default-span fusion-button-default-type\" target=\"_self\" href=\"https:\/\/akarsolar.com.tr\/tr\/iletisim\/\"><span class=\"fusion-button-text\">\u0130leti\u015fime Ge\u00e7in<\/span><\/a><\/div><\/div><style type=\"text\/css\">.fusion-body .fusion-builder-column-3{width:50% !important;margin-top : 0px;margin-bottom : 0px;}.fusion-builder-column-3 > .fusion-column-wrapper {padding-top : 0px !important;padding-right : 0px !important;margin-right : 3.84%;padding-bottom : 0px !important;padding-left : 0px !important;margin-left : 3.84%;}@media only screen and (max-width:1024px) {.fusion-body .fusion-builder-column-3{width:100% !important;order : 0;}.fusion-builder-column-3 > .fusion-column-wrapper {margin-right : 1.92%;margin-left : 1.92%;}}@media only screen and (max-width:640px) {.fusion-body .fusion-builder-column-3{width:100% !important;order : 0;}.fusion-builder-column-3 > .fusion-column-wrapper {margin-right : 1.92%;margin-left : 1.92%;}}<\/style><\/div><div class=\"fusion-layout-column fusion_builder_column fusion-builder-column-4 fusion_builder_column_1_2 1_2 fusion-flex-column fusion-no-small-visibility\"><div class=\"fusion-column-wrapper fusion-flex-justify-content-flex-start fusion-content-layout-column\" style=\"background-position:left top;background-repeat:no-repeat;-webkit-background-size:cover;-moz-background-size:cover;-o-background-size:cover;background-size:cover;padding: 0px 0px 0px 0px;\"><div ><span class=\" fusion-imageframe imageframe-none imageframe-3 hover-type-none\"><img decoding=\"async\" width=\"452\" height=\"448\" title=\"isletme-bakim-servis-sag-alt\" src=\"https:\/\/akarsolar.com.tr\/wp-content\/uploads\/2021\/09\/isletme-bakim-servis-sag-alt.png\" data-orig-src=\"https:\/\/akarsolar.com.tr\/wp-content\/uploads\/2021\/09\/isletme-bakim-servis-sag-alt.png\" alt class=\"lazyload img-responsive wp-image-1993\" srcset=\"data:image\/svg+xml,%3Csvg%20xmlns%3D%27http%3A%2F%2Fwww.w3.org%2F2000%2Fsvg%27%20width%3D%27452%27%20height%3D%27448%27%20viewBox%3D%270%200%20452%20448%27%3E%3Crect%20width%3D%27452%27%20height%3D%27448%27%20fill-opacity%3D%220%22%2F%3E%3C%2Fsvg%3E\" data-srcset=\"https:\/\/akarsolar.com.tr\/wp-content\/uploads\/2021\/09\/isletme-bakim-servis-sag-alt-200x198.png 200w, https:\/\/akarsolar.com.tr\/wp-content\/uploads\/2021\/09\/isletme-bakim-servis-sag-alt-400x396.png 400w, https:\/\/akarsolar.com.tr\/wp-content\/uploads\/2021\/09\/isletme-bakim-servis-sag-alt.png 452w\" data-sizes=\"auto\" data-orig-sizes=\"(max-width: 1024px) 100vw, (max-width: 640px) 100vw, 452px\" \/><\/span><\/div><\/div><style type=\"text\/css\">.fusion-body .fusion-builder-column-4{width:50% !important;margin-top : 0px;margin-bottom : 0px;}.fusion-builder-column-4 > .fusion-column-wrapper {padding-top : 0px !important;padding-right : 0px !important;margin-right : 3.84%;padding-bottom : 0px !important;padding-left : 0px !important;margin-left : 3.84%;}@media only screen and (max-width:1024px) {.fusion-body .fusion-builder-column-4{width:100% !important;order : 0;}.fusion-builder-column-4 > .fusion-column-wrapper {margin-right : 1.92%;margin-left : 1.92%;}}@media only screen and (max-width:640px) {.fusion-body .fusion-builder-column-4{width:100% !important;order : 0;}.fusion-builder-column-4 > .fusion-column-wrapper {margin-right : 1.92%;margin-left : 1.92%;}}<\/style><\/div><\/div><style type=\"text\/css\">.fusion-body .fusion-flex-container.fusion-builder-row-2{ padding-top : 50px;margin-top : 0px;padding-right : 0px;padding-bottom : 50px;margin-bottom : 0px;padding-left : 0px;}<\/style><\/div><\/p>\n","protected":false},"excerpt":{"rendered":"","protected":false},"author":1,"featured_media":0,"parent":9,"menu_order":0,"comment_status":"closed","ping_status":"closed","template":"100-width.php","meta":{"footnotes":""},"yoast_head":"<!-- This site is optimized with the Yoast SEO plugin v21.4 - https:\/\/yoast.com\/wordpress\/plugins\/seo\/ -->\n<title>\u0130\u015fletme, Bak\u0131m Ve Servis - Akar Solar Enerji Sistemleri<\/title>\n<meta name=\"robots\" content=\"index, follow, max-snippet:-1, max-image-preview:large, max-video-preview:-1\" \/>\n<link rel=\"canonical\" href=\"https:\/\/akarsolar.com.tr\/tr\/hizmetlerimiz\/isletme-bakim-ve-servis\/\" \/>\n<meta property=\"og:locale\" content=\"tr_TR\" \/>\n<meta property=\"og:type\" content=\"article\" \/>\n<meta property=\"og:title\" content=\"\u0130\u015fletme, Bak\u0131m Ve Servis - Akar Solar Enerji Sistemleri\" \/>\n<meta property=\"og:url\" content=\"https:\/\/akarsolar.com.tr\/tr\/hizmetlerimiz\/isletme-bakim-ve-servis\/\" \/>\n<meta property=\"og:site_name\" content=\"Akar Solar Enerji Sistemleri\" \/>\n<meta property=\"article:modified_time\" content=\"2022-01-28T11:13:58+00:00\" \/>\n<meta name=\"twitter:card\" content=\"summary_large_image\" \/>\n<meta name=\"twitter:label1\" content=\"Tahmini okuma s\u00fcresi\" \/>\n\t<meta name=\"twitter:data1\" content=\"13 dakika\" \/>\n<script type=\"application\/ld+json\" class=\"yoast-schema-graph\">{\"@context\":\"https:\/\/schema.org\",\"@graph\":[{\"@type\":\"WebPage\",\"@id\":\"https:\/\/akarsolar.com.tr\/tr\/hizmetlerimiz\/isletme-bakim-ve-servis\/\",\"url\":\"https:\/\/akarsolar.com.tr\/tr\/hizmetlerimiz\/isletme-bakim-ve-servis\/\",\"name\":\"\u0130\u015fletme, Bak\u0131m Ve Servis - Akar Solar Enerji Sistemleri\",\"isPartOf\":{\"@id\":\"https:\/\/akarsolar.com.tr\/tr\/#website\"},\"datePublished\":\"2021-06-16T21:48:54+00:00\",\"dateModified\":\"2022-01-28T11:13:58+00:00\",\"breadcrumb\":{\"@id\":\"https:\/\/akarsolar.com.tr\/tr\/hizmetlerimiz\/isletme-bakim-ve-servis\/#breadcrumb\"},\"inLanguage\":\"tr\",\"potentialAction\":[{\"@type\":\"ReadAction\",\"target\":[\"https:\/\/akarsolar.com.tr\/tr\/hizmetlerimiz\/isletme-bakim-ve-servis\/\"]}]},{\"@type\":\"BreadcrumbList\",\"@id\":\"https:\/\/akarsolar.com.tr\/tr\/hizmetlerimiz\/isletme-bakim-ve-servis\/#breadcrumb\",\"itemListElement\":[{\"@type\":\"ListItem\",\"position\":1,\"name\":\"Anasayfa\",\"item\":\"https:\/\/akarsolar.com.tr\/tr\/\"},{\"@type\":\"ListItem\",\"position\":2,\"name\":\"Hizmetlerimiz\",\"item\":\"https:\/\/akarsolar.com.tr\/tr\/hizmetlerimiz\/\"},{\"@type\":\"ListItem\",\"position\":3,\"name\":\"\u0130\u015fletme, Bak\u0131m Ve Servis\"}]},{\"@type\":\"WebSite\",\"@id\":\"https:\/\/akarsolar.com.tr\/tr\/#website\",\"url\":\"https:\/\/akarsolar.com.tr\/tr\/\",\"name\":\"Akar Solar Enerji Sistemleri\",\"description\":\"G\u00fcne\u015f Enerjisi\",\"publisher\":{\"@id\":\"https:\/\/akarsolar.com.tr\/tr\/#organization\"},\"potentialAction\":[{\"@type\":\"SearchAction\",\"target\":{\"@type\":\"EntryPoint\",\"urlTemplate\":\"https:\/\/akarsolar.com.tr\/tr\/?s={search_term_string}\"},\"query-input\":\"required name=search_term_string\"}],\"inLanguage\":\"tr\"},{\"@type\":\"Organization\",\"@id\":\"https:\/\/akarsolar.com.tr\/tr\/#organization\",\"name\":\"Akar Solar Enerji Sistemleri\",\"url\":\"https:\/\/akarsolar.com.tr\/tr\/\",\"logo\":{\"@type\":\"ImageObject\",\"inLanguage\":\"tr\",\"@id\":\"https:\/\/akarsolar.com.tr\/tr\/#\/schema\/logo\/image\/\",\"url\":\"https:\/\/akarsolar.com.tr\/wp-content\/uploads\/2022\/01\/akarsolar_logo_v6.png\",\"contentUrl\":\"https:\/\/akarsolar.com.tr\/wp-content\/uploads\/2022\/01\/akarsolar_logo_v6.png\",\"width\":648,\"height\":156,\"caption\":\"Akar Solar Enerji Sistemleri\"},\"image\":{\"@id\":\"https:\/\/akarsolar.com.tr\/tr\/#\/schema\/logo\/image\/\"},\"sameAs\":[\"https:\/\/www.linkedin.com\/company\/akarsolar\/\"]}]}<\/script>\n<!-- \/ Yoast SEO plugin. -->","yoast_head_json":{"title":"\u0130\u015fletme, Bak\u0131m Ve Servis - Akar Solar Enerji Sistemleri","robots":{"index":"index","follow":"follow","max-snippet":"max-snippet:-1","max-image-preview":"max-image-preview:large","max-video-preview":"max-video-preview:-1"},"canonical":"https:\/\/akarsolar.com.tr\/tr\/hizmetlerimiz\/isletme-bakim-ve-servis\/","og_locale":"tr_TR","og_type":"article","og_title":"\u0130\u015fletme, Bak\u0131m Ve Servis - Akar Solar Enerji Sistemleri","og_url":"https:\/\/akarsolar.com.tr\/tr\/hizmetlerimiz\/isletme-bakim-ve-servis\/","og_site_name":"Akar Solar Enerji Sistemleri","article_modified_time":"2022-01-28T11:13:58+00:00","twitter_card":"summary_large_image","twitter_misc":{"Tahmini okuma s\u00fcresi":"13 dakika"},"schema":{"@context":"https:\/\/schema.org","@graph":[{"@type":"WebPage","@id":"https:\/\/akarsolar.com.tr\/tr\/hizmetlerimiz\/isletme-bakim-ve-servis\/","url":"https:\/\/akarsolar.com.tr\/tr\/hizmetlerimiz\/isletme-bakim-ve-servis\/","name":"\u0130\u015fletme, Bak\u0131m Ve Servis - Akar Solar Enerji Sistemleri","isPartOf":{"@id":"https:\/\/akarsolar.com.tr\/tr\/#website"},"datePublished":"2021-06-16T21:48:54+00:00","dateModified":"2022-01-28T11:13:58+00:00","breadcrumb":{"@id":"https:\/\/akarsolar.com.tr\/tr\/hizmetlerimiz\/isletme-bakim-ve-servis\/#breadcrumb"},"inLanguage":"tr","potentialAction":[{"@type":"ReadAction","target":["https:\/\/akarsolar.com.tr\/tr\/hizmetlerimiz\/isletme-bakim-ve-servis\/"]}]},{"@type":"BreadcrumbList","@id":"https:\/\/akarsolar.com.tr\/tr\/hizmetlerimiz\/isletme-bakim-ve-servis\/#breadcrumb","itemListElement":[{"@type":"ListItem","position":1,"name":"Anasayfa","item":"https:\/\/akarsolar.com.tr\/tr\/"},{"@type":"ListItem","position":2,"name":"Hizmetlerimiz","item":"https:\/\/akarsolar.com.tr\/tr\/hizmetlerimiz\/"},{"@type":"ListItem","position":3,"name":"\u0130\u015fletme, Bak\u0131m Ve Servis"}]},{"@type":"WebSite","@id":"https:\/\/akarsolar.com.tr\/tr\/#website","url":"https:\/\/akarsolar.com.tr\/tr\/","name":"Akar Solar Enerji Sistemleri","description":"G\u00fcne\u015f Enerjisi","publisher":{"@id":"https:\/\/akarsolar.com.tr\/tr\/#organization"},"potentialAction":[{"@type":"SearchAction","target":{"@type":"EntryPoint","urlTemplate":"https:\/\/akarsolar.com.tr\/tr\/?s={search_term_string}"},"query-input":"required name=search_term_string"}],"inLanguage":"tr"},{"@type":"Organization","@id":"https:\/\/akarsolar.com.tr\/tr\/#organization","name":"Akar Solar Enerji Sistemleri","url":"https:\/\/akarsolar.com.tr\/tr\/","logo":{"@type":"ImageObject","inLanguage":"tr","@id":"https:\/\/akarsolar.com.tr\/tr\/#\/schema\/logo\/image\/","url":"https:\/\/akarsolar.com.tr\/wp-content\/uploads\/2022\/01\/akarsolar_logo_v6.png","contentUrl":"https:\/\/akarsolar.com.tr\/wp-content\/uploads\/2022\/01\/akarsolar_logo_v6.png","width":648,"height":156,"caption":"Akar Solar Enerji Sistemleri"},"image":{"@id":"https:\/\/akarsolar.com.tr\/tr\/#\/schema\/logo\/image\/"},"sameAs":["https:\/\/www.linkedin.com\/company\/akarsolar\/"]}]}},"_links":{"self":[{"href":"https:\/\/akarsolar.com.tr\/tr\/wp-json\/wp\/v2\/pages\/1636"}],"collection":[{"href":"https:\/\/akarsolar.com.tr\/tr\/wp-json\/wp\/v2\/pages"}],"about":[{"href":"https:\/\/akarsolar.com.tr\/tr\/wp-json\/wp\/v2\/types\/page"}],"author":[{"embeddable":true,"href":"https:\/\/akarsolar.com.tr\/tr\/wp-json\/wp\/v2\/users\/1"}],"replies":[{"embeddable":true,"href":"https:\/\/akarsolar.com.tr\/tr\/wp-json\/wp\/v2\/comments?post=1636"}],"version-history":[{"count":22,"href":"https:\/\/akarsolar.com.tr\/tr\/wp-json\/wp\/v2\/pages\/1636\/revisions"}],"predecessor-version":[{"id":3480,"href":"https:\/\/akarsolar.com.tr\/tr\/wp-json\/wp\/v2\/pages\/1636\/revisions\/3480"}],"up":[{"embeddable":true,"href":"https:\/\/akarsolar.com.tr\/tr\/wp-json\/wp\/v2\/pages\/9"}],"wp:attachment":[{"href":"https:\/\/akarsolar.com.tr\/tr\/wp-json\/wp\/v2\/media?parent=1636"}],"curies":[{"name":"wp","href":"https:\/\/api.w.org\/{rel}","templated":true}]}}