{"id":1628,"date":"2021-06-17T00:45:49","date_gmt":"2021-06-16T21:45:49","guid":{"rendered":"http:\/\/demo.akarsolar.com.tr\/?page_id=1628"},"modified":"2022-01-28T13:59:54","modified_gmt":"2022-01-28T10:59:54","slug":"arazi-tipi-gunes-enerjisi-santralleri-epc-hizmeti","status":"publish","type":"page","link":"https:\/\/akarsolar.com.tr\/tr\/hizmetlerimiz\/arazi-tipi-gunes-enerjisi-santralleri-epc-hizmeti\/","title":{"rendered":"Arazi Tipi G\u00fcne\u015f Enerjisi Santralleri (EPC Hizmeti)"},"content":{"rendered":"<div class=\"fusion-fullwidth fullwidth-box fusion-builder-row-1 fusion-flex-container nonhundred-percent-fullwidth non-hundred-percent-height-scrolling\" style=\"background-color: #ffffff;background-position: left top;background-repeat: no-repeat;border-width: 0px 0px 0px 0px;border-color:#eae9e9;border-style:solid;\" ><div class=\"fusion-builder-row fusion-row fusion-flex-align-items-flex-start\" style=\"max-width:1216.8px;margin-left: calc(-4% \/ 2 );margin-right: calc(-4% \/ 2 );\"><div class=\"fusion-layout-column fusion_builder_column fusion-builder-column-0 fusion_builder_column_1_3 1_3 fusion-flex-column\"><div class=\"fusion-column-wrapper fusion-flex-justify-content-flex-start fusion-content-layout-column\" style=\"background-position:left top;background-repeat:no-repeat;-webkit-background-size:cover;-moz-background-size:cover;-o-background-size:cover;background-size:cover;padding: 0px 0px 0px 0px;\"><div ><style>.fusion-imageframe.imageframe-1{ margin-bottom : 15px;}<\/style><span class=\" fusion-imageframe imageframe-none imageframe-1 hover-type-none fusion-animated fusion-no-small-visibility\" data-animationType=\"slideInLeft\" data-animationDuration=\"0.3\" data-animationOffset=\"top-into-view\"><img decoding=\"async\" width=\"689\" height=\"974\" title=\"sol-grafik-shadow\" src=\"https:\/\/akarsolar.com.tr\/wp-content\/uploads\/2021\/09\/sol-grafik-shadow.png\" data-orig-src=\"https:\/\/akarsolar.com.tr\/wp-content\/uploads\/2021\/09\/sol-grafik-shadow.png\" alt class=\"lazyload img-responsive wp-image-1952\" srcset=\"data:image\/svg+xml,%3Csvg%20xmlns%3D%27http%3A%2F%2Fwww.w3.org%2F2000%2Fsvg%27%20width%3D%27689%27%20height%3D%27974%27%20viewBox%3D%270%200%20689%20974%27%3E%3Crect%20width%3D%27689%27%20height%3D%27974%27%20fill-opacity%3D%220%22%2F%3E%3C%2Fsvg%3E\" data-srcset=\"https:\/\/akarsolar.com.tr\/wp-content\/uploads\/2021\/09\/sol-grafik-shadow-200x283.png 200w, https:\/\/akarsolar.com.tr\/wp-content\/uploads\/2021\/09\/sol-grafik-shadow-400x565.png 400w, https:\/\/akarsolar.com.tr\/wp-content\/uploads\/2021\/09\/sol-grafik-shadow-600x848.png 600w, https:\/\/akarsolar.com.tr\/wp-content\/uploads\/2021\/09\/sol-grafik-shadow.png 689w\" data-sizes=\"auto\" data-orig-sizes=\"(max-width: 1024px) 100vw, (max-width: 640px) 100vw, 400px\" \/><\/span><\/div><\/div><style type=\"text\/css\">.fusion-body .fusion-builder-column-0{width:33.333333333333% !important;margin-top : 0px;margin-bottom : 0px;}.fusion-builder-column-0 > .fusion-column-wrapper {padding-top : 0px !important;padding-right : 0px !important;margin-right : 5.76%;padding-bottom : 0px !important;padding-left : 0px !important;margin-left : 5.76%;}@media only screen and (max-width:1024px) {.fusion-body .fusion-builder-column-0{width:100% !important;order : 0;}.fusion-builder-column-0 > .fusion-column-wrapper {margin-right : 1.92%;margin-left : 1.92%;}}@media only screen and (max-width:640px) {.fusion-body .fusion-builder-column-0{width:100% !important;order : 0;}.fusion-builder-column-0 > .fusion-column-wrapper {margin-right : 1.92%;margin-left : 1.92%;}}<\/style><\/div><div class=\"fusion-layout-column fusion_builder_column fusion-builder-column-1 fusion_builder_column_2_3 2_3 fusion-flex-column\"><div class=\"fusion-column-wrapper fusion-flex-justify-content-flex-start fusion-content-layout-column\" style=\"background-position:left top;background-blend-mode: overlay;background-repeat:no-repeat;-webkit-background-size:cover;-moz-background-size:cover;-o-background-size:cover;background-size:cover;padding: 0px 0px 0px 0px;\"><style type=\"text\/css\">@media only screen and (max-width:1024px) {.fusion-title.fusion-title-1{margin-top:0px!important; margin-right:0px!important;margin-bottom:20px!important;margin-left:0px!important;}}@media only screen and (max-width:640px) {.fusion-title.fusion-title-1{margin-top:0px!important; margin-right:0px!important;margin-bottom:20px!important; margin-left:0px!important;}}<\/style><div class=\"fusion-title title fusion-title-1 fusion-sep-none fusion-title-text fusion-title-size-one fusion-animated\" style=\"margin-top:0px;margin-right:0px;margin-bottom:20px;margin-left:0px;\" data-animationType=\"slideInRight\" data-animationDuration=\"0.3\" data-animationOffset=\"top-into-view\"><h1 class=\"title-heading-left fusion-responsive-typography-calculated\" style=\"font-family:&quot;Ruda&quot;;font-weight:500;margin:0;color:#2f7d36;--fontSize:36;line-height:1.40;\"><strong>Arazi Tipi G\u00fcne\u015f Enerjisi<br \/>\n<\/strong><strong>Santralleri<\/strong> (EPC Hizmeti)<\/h1><\/div><div ><style>.fusion-imageframe.imageframe-2{ margin-bottom : 15px;}<\/style><span class=\" fusion-imageframe imageframe-none imageframe-2 hover-type-none fusion-animated fusion-no-medium-visibility fusion-no-large-visibility\" data-animationType=\"slideInLeft\" data-animationDuration=\"0.3\" data-animationOffset=\"top-into-view\"><img decoding=\"async\" width=\"689\" height=\"974\" title=\"sol-grafik-shadow\" src=\"https:\/\/akarsolar.com.tr\/wp-content\/uploads\/2021\/09\/sol-grafik-shadow.png\" data-orig-src=\"https:\/\/akarsolar.com.tr\/wp-content\/uploads\/2021\/09\/sol-grafik-shadow.png\" alt class=\"lazyload img-responsive wp-image-1952\" srcset=\"data:image\/svg+xml,%3Csvg%20xmlns%3D%27http%3A%2F%2Fwww.w3.org%2F2000%2Fsvg%27%20width%3D%27689%27%20height%3D%27974%27%20viewBox%3D%270%200%20689%20974%27%3E%3Crect%20width%3D%27689%27%20height%3D%27974%27%20fill-opacity%3D%220%22%2F%3E%3C%2Fsvg%3E\" data-srcset=\"https:\/\/akarsolar.com.tr\/wp-content\/uploads\/2021\/09\/sol-grafik-shadow-200x283.png 200w, https:\/\/akarsolar.com.tr\/wp-content\/uploads\/2021\/09\/sol-grafik-shadow-400x565.png 400w, https:\/\/akarsolar.com.tr\/wp-content\/uploads\/2021\/09\/sol-grafik-shadow-600x848.png 600w, https:\/\/akarsolar.com.tr\/wp-content\/uploads\/2021\/09\/sol-grafik-shadow.png 689w\" data-sizes=\"auto\" data-orig-sizes=\"(max-width: 1024px) 100vw, (max-width: 640px) 100vw, 689px\" \/><\/span><\/div><div class=\"fusion-text fusion-text-1 fusion-animated\" style=\"color:#000000;\" data-animationType=\"slideInRight\" data-animationDuration=\"0.3\" data-animationOffset=\"top-into-view\"><p>Arazi Tipi G\u00fcne\u015f Enerjisi Santralleri (EPC Hizmeti) Anahtar teslim taahh\u00fct hizmeti; di\u011fer bir ifadeyle EPC (Engineering Procurement and Construction) hizmeti, projenin detayl\u0131 m\u00fchendislik tasar\u0131m\u0131n\u0131, gerekli olan b\u00fct\u00fcn malzemelerin tedari\u011fini, tesisin in\u015fas\u0131n\u0131n yap\u0131larak m\u00fc\u015fteriye teslim edilmesine kadar olan s\u00fcre\u00e7lerinin t\u00fcm\u00fcn\u00fcn y\u00f6netilmesini i\u00e7erir. Akar Solar, uluslararas\u0131 standartlara g\u00f6re GES kurulum hizmeti vermek \u00fczere organize olmu\u015ftur. G\u00fc\u00e7l\u00fc bir finansal yap\u0131ya sahiptir. Finansman ve sigorta i\u015flemlerinde yat\u0131r\u0131mc\u0131s\u0131na yol g\u00f6sterir. Standartlar ve mevzuat kapsam\u0131nda arazi, iklim ve \u00e7evre \u015fartlar\u0131na en uygun g\u00fcne\u015f enerjisi santralini tasarlar. Akar Solar, arazi tipi fotovoltaik g\u00fcne\u015f enerjisi santralleri kuran deneyimli bir m\u00fchendislik ve taahh\u00fct firmas\u0131d\u0131r. Akar Solar, fotovoltaik g\u00fcne\u015f enerjisi projelerinde uygulama yap\u0131lacak sahan\u0131n se\u00e7iminden, projelerinin haz\u0131rlanmas\u0131na, elektriksel ve mekanik t\u00fcm sistemin tasarlanmas\u0131ndan, kullan\u0131lacak \u00fcr\u00fcnlerin teminine, tesisin kurulumundan kabul i\u015flemlerinin yap\u0131larak santralin \u00e7al\u0131\u015f\u0131r vaziyette m\u00fc\u015fteriye teslimine kadar t\u00fcm s\u00fcre\u00e7lerde A dan Z\u2019 ye hizmet sunmaktad\u0131r. Bir projeye ba\u015flarken \u00f6ncelikle, g\u00fcne\u015f enerjisi santralinin uygulanaca\u011f\u0131 arazinin teknik ve fiziki t\u00fcm \u00f6zellikleri proje y\u00fcr\u00fct\u00fcc\u00fcs\u00fc ekibimiz taraf\u0131ndan detayl\u0131ca incelenir. Elde edilen veriler arazi ko\u015fullar\u0131 da g\u00f6z \u00f6n\u00fcnde bulundurularak deneyimli m\u00fchendislerimiz taraf\u0131ndan analiz edilir ve m\u00fc\u015fteri ile payla\u015f\u0131l\u0131r. M\u00fc\u015fteri taraf\u0131ndan onay verilen projeler, Akar Solar\u2019 \u0131n deneyimli ve uzman ekibi taraf\u0131ndan m\u00fc\u015fteri ile payla\u015f\u0131lan zaman \u00e7izelgesine ve ilgili y\u00f6netmeliklere uygun \u015fekilde sahada uygulamas\u0131 yap\u0131l\u0131r. Kurulumu tamamlanan tesise gerekli testler yap\u0131larak kabule haz\u0131r hale getirilir. Ard\u0131ndan resmi teknik personel e\u015fli\u011finde tesisin kabul\u00fc yap\u0131l\u0131r, devreye al\u0131n\u0131r ve m\u00fc\u015fteriye teslim edilir.<\/p>\n<\/div><div ><style>.fusion-button.button-1{border-radius:10px 10px 10px 10px;}.fusion-button.button-1 .fusion-button-text{text-transform:none;}<\/style><a class=\"fusion-button button-flat fusion-button-default-size button-default button-1 fusion-button-default-span fusion-button-default-type\" target=\"_self\" href=\"https:\/\/akarsolar.com.tr\/tr\/iletisim\/\"><span class=\"fusion-button-text\">\u0130leti\u015fime Ge\u00e7in<\/span><\/a><\/div><\/div><style type=\"text\/css\">.fusion-body .fusion-builder-column-1{width:66.666666666667% !important;margin-top : 0px;margin-bottom : 25px;}.fusion-builder-column-1 > .fusion-column-wrapper {padding-top : 0px !important;padding-right : 0px !important;margin-right : 2.88%;padding-bottom : 0px !important;padding-left : 0px !important;margin-left : 2.88%;}@media only screen and (max-width:1024px) {.fusion-body .fusion-builder-column-1{width:100% !important;order : 0;margin-top : 30px;}.fusion-builder-column-1 > .fusion-column-wrapper {margin-right : 1.92%;margin-left : 1.92%;}}@media only screen and (max-width:640px) {.fusion-body .fusion-builder-column-1{width:100% !important;order : 0;margin-top : 10px;}.fusion-builder-column-1 > .fusion-column-wrapper {padding-top : 15px !important;padding-right : 15px !important;margin-right : 1.92%;padding-bottom : 15px !important;padding-left : 15px !important;margin-left : 1.92%;}}<\/style><\/div><\/div><style type=\"text\/css\">.fusion-body .fusion-flex-container.fusion-builder-row-1{ padding-top : 3%;margin-top : 0px;padding-right : 0px;padding-bottom : 2%;margin-bottom : 0px;padding-left : 0px;}<\/style><\/div>\n","protected":false},"excerpt":{"rendered":"","protected":false},"author":1,"featured_media":0,"parent":9,"menu_order":0,"comment_status":"closed","ping_status":"closed","template":"100-width.php","meta":{"footnotes":""},"yoast_head":"<!-- This site is optimized with the Yoast SEO plugin v21.4 - https:\/\/yoast.com\/wordpress\/plugins\/seo\/ -->\n<title>Arazi Tipi G\u00fcne\u015f Enerjisi Santralleri (EPC Hizmeti) - Akar Solar Enerji Sistemleri<\/title>\n<meta name=\"robots\" content=\"index, follow, max-snippet:-1, max-image-preview:large, max-video-preview:-1\" \/>\n<link rel=\"canonical\" href=\"https:\/\/akarsolar.com.tr\/tr\/hizmetlerimiz\/arazi-tipi-gunes-enerjisi-santralleri-epc-hizmeti\/\" \/>\n<meta property=\"og:locale\" content=\"tr_TR\" \/>\n<meta property=\"og:type\" content=\"article\" \/>\n<meta property=\"og:title\" content=\"Arazi Tipi G\u00fcne\u015f Enerjisi Santralleri (EPC Hizmeti) - Akar Solar Enerji Sistemleri\" \/>\n<meta property=\"og:url\" content=\"https:\/\/akarsolar.com.tr\/tr\/hizmetlerimiz\/arazi-tipi-gunes-enerjisi-santralleri-epc-hizmeti\/\" \/>\n<meta property=\"og:site_name\" content=\"Akar Solar Enerji Sistemleri\" \/>\n<meta property=\"article:modified_time\" content=\"2022-01-28T10:59:54+00:00\" \/>\n<meta name=\"twitter:card\" content=\"summary_large_image\" \/>\n<meta name=\"twitter:label1\" content=\"Tahmini okuma s\u00fcresi\" \/>\n\t<meta name=\"twitter:data1\" content=\"8 dakika\" \/>\n<script type=\"application\/ld+json\" class=\"yoast-schema-graph\">{\"@context\":\"https:\/\/schema.org\",\"@graph\":[{\"@type\":\"WebPage\",\"@id\":\"https:\/\/akarsolar.com.tr\/tr\/hizmetlerimiz\/arazi-tipi-gunes-enerjisi-santralleri-epc-hizmeti\/\",\"url\":\"https:\/\/akarsolar.com.tr\/tr\/hizmetlerimiz\/arazi-tipi-gunes-enerjisi-santralleri-epc-hizmeti\/\",\"name\":\"Arazi Tipi G\u00fcne\u015f Enerjisi Santralleri (EPC Hizmeti) - Akar Solar Enerji Sistemleri\",\"isPartOf\":{\"@id\":\"https:\/\/akarsolar.com.tr\/tr\/#website\"},\"datePublished\":\"2021-06-16T21:45:49+00:00\",\"dateModified\":\"2022-01-28T10:59:54+00:00\",\"breadcrumb\":{\"@id\":\"https:\/\/akarsolar.com.tr\/tr\/hizmetlerimiz\/arazi-tipi-gunes-enerjisi-santralleri-epc-hizmeti\/#breadcrumb\"},\"inLanguage\":\"tr\",\"potentialAction\":[{\"@type\":\"ReadAction\",\"target\":[\"https:\/\/akarsolar.com.tr\/tr\/hizmetlerimiz\/arazi-tipi-gunes-enerjisi-santralleri-epc-hizmeti\/\"]}]},{\"@type\":\"BreadcrumbList\",\"@id\":\"https:\/\/akarsolar.com.tr\/tr\/hizmetlerimiz\/arazi-tipi-gunes-enerjisi-santralleri-epc-hizmeti\/#breadcrumb\",\"itemListElement\":[{\"@type\":\"ListItem\",\"position\":1,\"name\":\"Anasayfa\",\"item\":\"https:\/\/akarsolar.com.tr\/tr\/\"},{\"@type\":\"ListItem\",\"position\":2,\"name\":\"Hizmetlerimiz\",\"item\":\"https:\/\/akarsolar.com.tr\/tr\/hizmetlerimiz\/\"},{\"@type\":\"ListItem\",\"position\":3,\"name\":\"Arazi Tipi G\u00fcne\u015f Enerjisi Santralleri (EPC Hizmeti)\"}]},{\"@type\":\"WebSite\",\"@id\":\"https:\/\/akarsolar.com.tr\/tr\/#website\",\"url\":\"https:\/\/akarsolar.com.tr\/tr\/\",\"name\":\"Akar Solar Enerji Sistemleri\",\"description\":\"G\u00fcne\u015f Enerjisi\",\"publisher\":{\"@id\":\"https:\/\/akarsolar.com.tr\/tr\/#organization\"},\"potentialAction\":[{\"@type\":\"SearchAction\",\"target\":{\"@type\":\"EntryPoint\",\"urlTemplate\":\"https:\/\/akarsolar.com.tr\/tr\/?s={search_term_string}\"},\"query-input\":\"required name=search_term_string\"}],\"inLanguage\":\"tr\"},{\"@type\":\"Organization\",\"@id\":\"https:\/\/akarsolar.com.tr\/tr\/#organization\",\"name\":\"Akar Solar Enerji Sistemleri\",\"url\":\"https:\/\/akarsolar.com.tr\/tr\/\",\"logo\":{\"@type\":\"ImageObject\",\"inLanguage\":\"tr\",\"@id\":\"https:\/\/akarsolar.com.tr\/tr\/#\/schema\/logo\/image\/\",\"url\":\"https:\/\/akarsolar.com.tr\/wp-content\/uploads\/2022\/01\/akarsolar_logo_v6.png\",\"contentUrl\":\"https:\/\/akarsolar.com.tr\/wp-content\/uploads\/2022\/01\/akarsolar_logo_v6.png\",\"width\":648,\"height\":156,\"caption\":\"Akar Solar Enerji Sistemleri\"},\"image\":{\"@id\":\"https:\/\/akarsolar.com.tr\/tr\/#\/schema\/logo\/image\/\"},\"sameAs\":[\"https:\/\/www.linkedin.com\/company\/akarsolar\/\"]}]}<\/script>\n<!-- \/ Yoast SEO plugin. -->","yoast_head_json":{"title":"Arazi Tipi G\u00fcne\u015f Enerjisi Santralleri (EPC Hizmeti) - Akar Solar Enerji Sistemleri","robots":{"index":"index","follow":"follow","max-snippet":"max-snippet:-1","max-image-preview":"max-image-preview:large","max-video-preview":"max-video-preview:-1"},"canonical":"https:\/\/akarsolar.com.tr\/tr\/hizmetlerimiz\/arazi-tipi-gunes-enerjisi-santralleri-epc-hizmeti\/","og_locale":"tr_TR","og_type":"article","og_title":"Arazi Tipi G\u00fcne\u015f Enerjisi Santralleri (EPC Hizmeti) - Akar Solar Enerji Sistemleri","og_url":"https:\/\/akarsolar.com.tr\/tr\/hizmetlerimiz\/arazi-tipi-gunes-enerjisi-santralleri-epc-hizmeti\/","og_site_name":"Akar Solar Enerji Sistemleri","article_modified_time":"2022-01-28T10:59:54+00:00","twitter_card":"summary_large_image","twitter_misc":{"Tahmini okuma s\u00fcresi":"8 dakika"},"schema":{"@context":"https:\/\/schema.org","@graph":[{"@type":"WebPage","@id":"https:\/\/akarsolar.com.tr\/tr\/hizmetlerimiz\/arazi-tipi-gunes-enerjisi-santralleri-epc-hizmeti\/","url":"https:\/\/akarsolar.com.tr\/tr\/hizmetlerimiz\/arazi-tipi-gunes-enerjisi-santralleri-epc-hizmeti\/","name":"Arazi Tipi G\u00fcne\u015f Enerjisi Santralleri (EPC Hizmeti) - Akar Solar Enerji Sistemleri","isPartOf":{"@id":"https:\/\/akarsolar.com.tr\/tr\/#website"},"datePublished":"2021-06-16T21:45:49+00:00","dateModified":"2022-01-28T10:59:54+00:00","breadcrumb":{"@id":"https:\/\/akarsolar.com.tr\/tr\/hizmetlerimiz\/arazi-tipi-gunes-enerjisi-santralleri-epc-hizmeti\/#breadcrumb"},"inLanguage":"tr","potentialAction":[{"@type":"ReadAction","target":["https:\/\/akarsolar.com.tr\/tr\/hizmetlerimiz\/arazi-tipi-gunes-enerjisi-santralleri-epc-hizmeti\/"]}]},{"@type":"BreadcrumbList","@id":"https:\/\/akarsolar.com.tr\/tr\/hizmetlerimiz\/arazi-tipi-gunes-enerjisi-santralleri-epc-hizmeti\/#breadcrumb","itemListElement":[{"@type":"ListItem","position":1,"name":"Anasayfa","item":"https:\/\/akarsolar.com.tr\/tr\/"},{"@type":"ListItem","position":2,"name":"Hizmetlerimiz","item":"https:\/\/akarsolar.com.tr\/tr\/hizmetlerimiz\/"},{"@type":"ListItem","position":3,"name":"Arazi Tipi G\u00fcne\u015f Enerjisi Santralleri (EPC Hizmeti)"}]},{"@type":"WebSite","@id":"https:\/\/akarsolar.com.tr\/tr\/#website","url":"https:\/\/akarsolar.com.tr\/tr\/","name":"Akar Solar Enerji Sistemleri","description":"G\u00fcne\u015f Enerjisi","publisher":{"@id":"https:\/\/akarsolar.com.tr\/tr\/#organization"},"potentialAction":[{"@type":"SearchAction","target":{"@type":"EntryPoint","urlTemplate":"https:\/\/akarsolar.com.tr\/tr\/?s={search_term_string}"},"query-input":"required name=search_term_string"}],"inLanguage":"tr"},{"@type":"Organization","@id":"https:\/\/akarsolar.com.tr\/tr\/#organization","name":"Akar Solar Enerji Sistemleri","url":"https:\/\/akarsolar.com.tr\/tr\/","logo":{"@type":"ImageObject","inLanguage":"tr","@id":"https:\/\/akarsolar.com.tr\/tr\/#\/schema\/logo\/image\/","url":"https:\/\/akarsolar.com.tr\/wp-content\/uploads\/2022\/01\/akarsolar_logo_v6.png","contentUrl":"https:\/\/akarsolar.com.tr\/wp-content\/uploads\/2022\/01\/akarsolar_logo_v6.png","width":648,"height":156,"caption":"Akar Solar Enerji Sistemleri"},"image":{"@id":"https:\/\/akarsolar.com.tr\/tr\/#\/schema\/logo\/image\/"},"sameAs":["https:\/\/www.linkedin.com\/company\/akarsolar\/"]}]}},"_links":{"self":[{"href":"https:\/\/akarsolar.com.tr\/tr\/wp-json\/wp\/v2\/pages\/1628"}],"collection":[{"href":"https:\/\/akarsolar.com.tr\/tr\/wp-json\/wp\/v2\/pages"}],"about":[{"href":"https:\/\/akarsolar.com.tr\/tr\/wp-json\/wp\/v2\/types\/page"}],"author":[{"embeddable":true,"href":"https:\/\/akarsolar.com.tr\/tr\/wp-json\/wp\/v2\/users\/1"}],"replies":[{"embeddable":true,"href":"https:\/\/akarsolar.com.tr\/tr\/wp-json\/wp\/v2\/comments?post=1628"}],"version-history":[{"count":25,"href":"https:\/\/akarsolar.com.tr\/tr\/wp-json\/wp\/v2\/pages\/1628\/revisions"}],"predecessor-version":[{"id":2969,"href":"https:\/\/akarsolar.com.tr\/tr\/wp-json\/wp\/v2\/pages\/1628\/revisions\/2969"}],"up":[{"embeddable":true,"href":"https:\/\/akarsolar.com.tr\/tr\/wp-json\/wp\/v2\/pages\/9"}],"wp:attachment":[{"href":"https:\/\/akarsolar.com.tr\/tr\/wp-json\/wp\/v2\/media?parent=1628"}],"curies":[{"name":"wp","href":"https:\/\/api.w.org\/{rel}","templated":true}]}}