{"id":1624,"date":"2021-06-17T00:43:58","date_gmt":"2021-06-16T21:43:58","guid":{"rendered":"http:\/\/demo.akarsolar.com.tr\/?page_id=1624"},"modified":"2022-01-28T13:49:30","modified_gmt":"2022-01-28T10:49:30","slug":"endustriyel-cati-uzeri-gunes-enerjisi-santralleri-epc-hizmeti","status":"publish","type":"page","link":"https:\/\/akarsolar.com.tr\/tr\/hizmetlerimiz\/endustriyel-cati-uzeri-gunes-enerjisi-santralleri-epc-hizmeti\/","title":{"rendered":"End\u00fcstriyel \u00c7at\u0131 \u00dczeri G\u00fcne\u015f Enerjisi Santralleri (EPC Hizmeti)"},"content":{"rendered":"<p><div class=\"fusion-fullwidth fullwidth-box fusion-builder-row-1 fusion-flex-container nonhundred-percent-fullwidth non-hundred-percent-height-scrolling\" style=\"background-color: #ffffff;background-position: left top;background-repeat: no-repeat;border-width: 0px 0px 0px 0px;border-color:#eae9e9;border-style:solid;\" ><div class=\"fusion-builder-row fusion-row fusion-flex-align-items-flex-start\" style=\"max-width:1216.8px;margin-left: calc(-4% \/ 2 );margin-right: calc(-4% \/ 2 );\"><div class=\"fusion-layout-column fusion_builder_column fusion-builder-column-0 fusion_builder_column_1_2 1_2 fusion-flex-column fusion-no-small-visibility\"><div class=\"fusion-column-wrapper fusion-flex-justify-content-flex-start fusion-content-layout-column\" style=\"background-position:left top;background-repeat:no-repeat;-webkit-background-size:cover;-moz-background-size:cover;-o-background-size:cover;background-size:cover;padding: 0px 0px 0px 0px;\"><div ><span class=\" fusion-imageframe imageframe-none imageframe-1 hover-type-none fusion-animated\" data-animationType=\"slideInLeft\" data-animationDuration=\"0.3\" data-animationOffset=\"top-into-view\"><img decoding=\"async\" width=\"731\" height=\"927\" title=\"ust-sol resim\" src=\"https:\/\/akarsolar.com.tr\/wp-content\/uploads\/2021\/09\/ust-sol-resim.png\" data-orig-src=\"https:\/\/akarsolar.com.tr\/wp-content\/uploads\/2021\/09\/ust-sol-resim.png\" alt class=\"lazyload img-responsive wp-image-1974\" srcset=\"data:image\/svg+xml,%3Csvg%20xmlns%3D%27http%3A%2F%2Fwww.w3.org%2F2000%2Fsvg%27%20width%3D%27731%27%20height%3D%27927%27%20viewBox%3D%270%200%20731%20927%27%3E%3Crect%20width%3D%27731%27%20height%3D%27927%27%20fill-opacity%3D%220%22%2F%3E%3C%2Fsvg%3E\" data-srcset=\"https:\/\/akarsolar.com.tr\/wp-content\/uploads\/2021\/09\/ust-sol-resim-200x254.png 200w, https:\/\/akarsolar.com.tr\/wp-content\/uploads\/2021\/09\/ust-sol-resim-400x507.png 400w, https:\/\/akarsolar.com.tr\/wp-content\/uploads\/2021\/09\/ust-sol-resim-600x761.png 600w, https:\/\/akarsolar.com.tr\/wp-content\/uploads\/2021\/09\/ust-sol-resim.png 731w\" data-sizes=\"auto\" data-orig-sizes=\"(max-width: 1024px) 100vw, (max-width: 640px) 100vw, 600px\" \/><\/span><\/div><\/div><style type=\"text\/css\">.fusion-body .fusion-builder-column-0{width:50% !important;margin-top : 0px;margin-bottom : 0px;}.fusion-builder-column-0 > .fusion-column-wrapper {padding-top : 0px !important;padding-right : 0px !important;margin-right : 3.84%;padding-bottom : 0px !important;padding-left : 0px !important;margin-left : 3.84%;}@media only screen and (max-width:1024px) {.fusion-body .fusion-builder-column-0{width:100% !important;order : 0;}.fusion-builder-column-0 > .fusion-column-wrapper {margin-right : 1.92%;margin-left : 1.92%;}}@media only screen and (max-width:640px) {.fusion-body .fusion-builder-column-0{width:100% !important;order : 0;}.fusion-builder-column-0 > .fusion-column-wrapper {margin-right : 1.92%;margin-left : 1.92%;}}<\/style><\/div><div class=\"fusion-layout-column fusion_builder_column fusion-builder-column-1 fusion_builder_column_1_2 1_2 fusion-flex-column\"><div class=\"fusion-column-wrapper fusion-flex-justify-content-flex-start fusion-content-layout-column\" style=\"background-position:left top;background-blend-mode: overlay;background-repeat:no-repeat;-webkit-background-size:cover;-moz-background-size:cover;-o-background-size:cover;background-size:cover;padding: 0px 0px 0px 0px;\"><style type=\"text\/css\">@media only screen and (max-width:1024px) {.fusion-title.fusion-title-1{margin-top:0px!important; margin-right:0px!important;margin-bottom:20px!important;margin-left:0px!important;}}@media only screen and (max-width:640px) {.fusion-title.fusion-title-1{margin-top:0px!important; margin-right:0px!important;margin-bottom:20px!important; margin-left:0px!important;}}<\/style><div class=\"fusion-title title fusion-title-1 fusion-sep-none fusion-title-text fusion-title-size-one fusion-animated\" style=\"margin-top:0px;margin-right:0px;margin-bottom:20px;margin-left:0px;\" data-animationType=\"slideInRight\" data-animationDuration=\"0.3\" data-animationOffset=\"top-into-view\"><h1 class=\"title-heading-left fusion-responsive-typography-calculated\" style=\"font-family:&quot;Ruda&quot;;font-weight:500;margin:0;color:#2f7d36;--fontSize:36;line-height:1.40;\"><b>End\u00fcstriyel \u00c7at\u0131 \u00dczeri G\u00fcne\u015f Enerjisi Santralleri<\/b> (EPC Hizmeti)<\/h1><\/div><div ><style>.fusion-imageframe.imageframe-2{ margin-bottom : 20px;}<\/style><span class=\" fusion-imageframe imageframe-none imageframe-2 hover-type-none fusion-animated fusion-no-medium-visibility fusion-no-large-visibility\" data-animationType=\"slideInLeft\" data-animationDuration=\"0.3\" data-animationOffset=\"top-into-view\"><img decoding=\"async\" width=\"731\" height=\"927\" title=\"ust-sol resim\" src=\"https:\/\/akarsolar.com.tr\/wp-content\/uploads\/2021\/09\/ust-sol-resim.png\" data-orig-src=\"https:\/\/akarsolar.com.tr\/wp-content\/uploads\/2021\/09\/ust-sol-resim.png\" alt class=\"lazyload img-responsive wp-image-1974\" srcset=\"data:image\/svg+xml,%3Csvg%20xmlns%3D%27http%3A%2F%2Fwww.w3.org%2F2000%2Fsvg%27%20width%3D%27731%27%20height%3D%27927%27%20viewBox%3D%270%200%20731%20927%27%3E%3Crect%20width%3D%27731%27%20height%3D%27927%27%20fill-opacity%3D%220%22%2F%3E%3C%2Fsvg%3E\" data-srcset=\"https:\/\/akarsolar.com.tr\/wp-content\/uploads\/2021\/09\/ust-sol-resim-200x254.png 200w, https:\/\/akarsolar.com.tr\/wp-content\/uploads\/2021\/09\/ust-sol-resim-400x507.png 400w, https:\/\/akarsolar.com.tr\/wp-content\/uploads\/2021\/09\/ust-sol-resim-600x761.png 600w, https:\/\/akarsolar.com.tr\/wp-content\/uploads\/2021\/09\/ust-sol-resim.png 731w\" data-sizes=\"auto\" data-orig-sizes=\"(max-width: 1024px) 100vw, (max-width: 640px) 100vw, 600px\" \/><\/span><\/div><div class=\"fusion-text fusion-text-1 fusion-animated\" style=\"color:#121b2d;\" data-animationType=\"slideInRight\" data-animationDuration=\"0.3\" data-animationOffset=\"top-into-view\"><p>Anahtar teslim taahh\u00fct hizmeti; di\u011fer bir ifadeyle EPC (Engineering Procurement and Construction) hizmeti, projenin detayl\u0131 m\u00fchendislik tasar\u0131m\u0131n\u0131, gerekli olan b\u00fct\u00fcn malzemelerin tedari\u011fini, tesisin in\u015fas\u0131n\u0131n yap\u0131larak m\u00fc\u015fteriye teslim edilmesine kadar olan s\u00fcre\u00e7lerinin t\u00fcm\u00fcn\u00fcn y\u00f6netilmesini i\u00e7erir.<\/p>\n<p>Akar Solar, \u00e7at\u0131 tipi fotovoltaik g\u00fcne\u015f enerjisi santralleri kuran deneyimli bir m\u00fchendislik ve taahh\u00fct firmas\u0131d\u0131r. Akar Solar, fotovoltaik g\u00fcne\u015f enerjisi projelerinde elektriksel ve mekanik t\u00fcm sistemin tasarlanmas\u0131ndan, kabul i\u015flemlerinin yap\u0131larak santralin \u00e7al\u0131\u015f\u0131r vaziyette m\u00fc\u015fteriye teslimine kadar t\u00fcm s\u00fcre\u00e7lerde A dan Z\u2019 ye hizmet sunmaktad\u0131r.<\/p>\n<p>Akar Solar Enerji Sistemleri, end\u00fcstriyel tesis, okul, kamu binas\u0131, hayvan \u00e7iftli\u011fi, so\u011fuk hava deposu ve benzeri bir\u00e7ok i\u015fletme \u00e7at\u0131s\u0131na anahtar teslim solar enerji sistemleri kurmu\u015f ve devreye alm\u0131\u015f bir epc firmas\u0131d\u0131r. \u0130\u015fletme olarak \u00e7at\u0131n\u0131za bir g\u00fcne\u015f enerjisi yat\u0131r\u0131m\u0131 d\u00fc\u015f\u00fcn\u00fcyorsan\u0131z, l\u00fctfen bizimle irtibata ge\u00e7iniz. Akabinde uzman ekibimiz i\u015fletmenizi ziyaret edecektir. Ke\u015fif sonras\u0131 sistem tasar\u0131m\u0131, fiyatland\u0131rma ve fizibilite analizi \u00fccretsiz taraf\u0131m\u0131zdan yap\u0131lacakt\u0131r ve taraf\u0131n\u0131za detayl\u0131 bir sunum haz\u0131rlanacakt\u0131r.<\/p>\n<p>M\u00fc\u015fteri taraf\u0131ndan onay verilen projeler, Akar Solar\u2019 \u0131n deneyimli ve uzman ekibi taraf\u0131ndan m\u00fc\u015fteri ile payla\u015f\u0131lan zaman \u00e7izelgesine ve ilgili y\u00f6netmeliklere uygun \u015fekilde sahada uygulamas\u0131 yap\u0131l\u0131r.<\/p>\n<p>Kurulumu tamamlanan tesise gerekli testler yap\u0131larak kabule haz\u0131r hale getirilir. Ard\u0131ndan resmi teknik personel e\u015fli\u011finde tesisin kabul\u00fc yap\u0131l\u0131r, devreye al\u0131n\u0131r ve m\u00fc\u015fteriye teslim edilir.<\/p>\n<\/div><\/div><style type=\"text\/css\">.fusion-body .fusion-builder-column-1{width:50% !important;margin-top : 0px;margin-bottom : 25px;}.fusion-builder-column-1 > .fusion-column-wrapper {padding-top : 0px !important;padding-right : 0px !important;margin-right : 3.84%;padding-bottom : 0px !important;padding-left : 0px !important;margin-left : 3.84%;}@media only screen and (max-width:1024px) {.fusion-body .fusion-builder-column-1{width:100% !important;order : 0;margin-top : 30px;}.fusion-builder-column-1 > .fusion-column-wrapper {margin-right : 1.92%;margin-left : 1.92%;}}@media only screen and (max-width:640px) {.fusion-body .fusion-builder-column-1{width:100% !important;order : 0;margin-top : 10px;}.fusion-builder-column-1 > .fusion-column-wrapper {padding-top : 15px !important;padding-right : 15px !important;margin-right : 1.92%;padding-bottom : 15px !important;padding-left : 15px !important;margin-left : 1.92%;}}<\/style><\/div><\/div><style type=\"text\/css\">.fusion-body .fusion-flex-container.fusion-builder-row-1{ padding-top : 3%;margin-top : 0px;padding-right : 0px;padding-bottom : 2%;margin-bottom : 0px;padding-left : 0px;}<\/style><\/div><div class=\"fusion-fullwidth fullwidth-box fusion-builder-row-2 fusion-flex-container nonhundred-percent-fullwidth non-hundred-percent-height-scrolling\" style=\"background-color: #ffffff;background-position: left top;background-repeat: no-repeat;border-width: 0px 0px 0px 0px;border-color:#eae9e9;border-style:solid;\" ><div class=\"fusion-builder-row fusion-row fusion-flex-align-items-flex-start\" style=\"max-width:1216.8px;margin-left: calc(-4% \/ 2 );margin-right: calc(-4% \/ 2 );\"><div class=\"fusion-layout-column fusion_builder_column fusion-builder-column-2 fusion_builder_column_2_5 2_5 fusion-flex-column fusion-no-medium-visibility fusion-no-large-visibility\"><div class=\"fusion-column-wrapper fusion-flex-justify-content-flex-start fusion-content-layout-column\" style=\"background-position:left top;background-repeat:no-repeat;-webkit-background-size:cover;-moz-background-size:cover;-o-background-size:cover;background-size:cover;padding: 0px 0px 0px 0px;\"><div ><span class=\" fusion-imageframe imageframe-none imageframe-3 hover-type-none fusion-animated\" data-animationType=\"slideInRight\" data-animationDuration=\"0.3\" data-animationOffset=\"top-into-view\"><img decoding=\"async\" width=\"757\" height=\"690\" title=\"alt-sag-resim\" src=\"https:\/\/akarsolar.com.tr\/wp-content\/uploads\/2021\/09\/alt-sag-resim-1.png\" data-orig-src=\"https:\/\/akarsolar.com.tr\/wp-content\/uploads\/2021\/09\/alt-sag-resim-1.png\" alt class=\"lazyload img-responsive wp-image-1970\" srcset=\"data:image\/svg+xml,%3Csvg%20xmlns%3D%27http%3A%2F%2Fwww.w3.org%2F2000%2Fsvg%27%20width%3D%27757%27%20height%3D%27690%27%20viewBox%3D%270%200%20757%20690%27%3E%3Crect%20width%3D%27757%27%20height%3D%27690%27%20fill-opacity%3D%220%22%2F%3E%3C%2Fsvg%3E\" data-srcset=\"https:\/\/akarsolar.com.tr\/wp-content\/uploads\/2021\/09\/alt-sag-resim-1-200x182.png 200w, https:\/\/akarsolar.com.tr\/wp-content\/uploads\/2021\/09\/alt-sag-resim-1-400x365.png 400w, https:\/\/akarsolar.com.tr\/wp-content\/uploads\/2021\/09\/alt-sag-resim-1-600x547.png 600w, https:\/\/akarsolar.com.tr\/wp-content\/uploads\/2021\/09\/alt-sag-resim-1.png 757w\" data-sizes=\"auto\" data-orig-sizes=\"(max-width: 1024px) 100vw, (max-width: 640px) 100vw, 600px\" \/><\/span><\/div><\/div><style type=\"text\/css\">.fusion-body .fusion-builder-column-2{width:40% !important;margin-top : 0px;margin-bottom : 0px;}.fusion-builder-column-2 > .fusion-column-wrapper {padding-top : 0px !important;padding-right : 0px !important;margin-right : 4.8%;padding-bottom : 0px !important;padding-left : 0px !important;margin-left : 3.84%;}@media only screen and (max-width:1024px) {.fusion-body .fusion-builder-column-2{width:100% !important;order : 0;}.fusion-builder-column-2 > .fusion-column-wrapper {margin-right : 1.92%;margin-left : 1.92%;}}@media only screen and (max-width:640px) {.fusion-body .fusion-builder-column-2{width:100% !important;order : 0;}.fusion-builder-column-2 > .fusion-column-wrapper {margin-right : 1.92%;margin-left : 1.92%;}}<\/style><\/div><div class=\"fusion-layout-column fusion_builder_column fusion-builder-column-3 fusion_builder_column_3_5 3_5 fusion-flex-column\"><div class=\"fusion-column-wrapper fusion-flex-justify-content-flex-start fusion-content-layout-column\" style=\"background-position:left top;background-blend-mode: overlay;background-repeat:no-repeat;-webkit-background-size:cover;-moz-background-size:cover;-o-background-size:cover;background-size:cover;padding: 0px 0px 0px 0px;\"><div class=\"fusion-text fusion-text-2 fusion-animated\" style=\"color:#000000;\" data-animationType=\"slideInLeft\" data-animationDuration=\"0.3\" data-animationOffset=\"top-into-view\"><p><strong style=\"color: #2f7d36;\"><br \/>\n\u00c7at\u0131 \u00dczeri G\u00fcne\u015f Enerjisi Santrallerinin Avantajlar\u0131:<\/strong><\/p>\n<ul>\n<li>K\u0131sa amortisman s\u00fcresi,<\/li>\n<li>40 y\u0131l \u00f6mr\u00fcn\u00fcn ve 25 y\u0131l solar panel \u00fcretici garantisinin olmas\u0131,<\/li>\n<li>Elektri\u011fin t\u00fcketildi\u011fi yerde \u00fcretilmesi,<\/li>\n<li>Genelde tesiste trafo ve OG ekipman\u0131n mevcut olmas\u0131ndan dolay\u0131 arazi uygulamalar\u0131na g\u00f6re daha az maliyetli olmas\u0131<\/li>\n<li>Konstr\u00fcksiyon maliyetinin arazi uygulamalar\u0131na g\u00f6re daha az olmas\u0131,<\/li>\n<li>Bak\u0131m ve servis maliyetlerinin \u00e7ok d\u00fc\u015f\u00fck olmas\u0131,<\/li>\n<li>Ayr\u0131ca bir saha i\u015fletme personeline ihtiya\u00e7 duyulmamas\u0131,<\/li>\n<li>Her hangi bir mekanik aksam\u0131 olmad\u0131\u011f\u0131 i\u00e7in bak\u0131m\u0131 kolay, masraf\u0131 az, g\u00fcr\u00fclt\u00fcs\u00fc ve at\u0131\u011f\u0131 yoktur.<\/li>\n<\/ul>\n<\/div><div ><style>.fusion-button.button-1{border-radius:20px 20px 20px 20px;}.fusion-button.button-1 .fusion-button-text{text-transform:none;}<\/style><a class=\"fusion-button button-flat button-large button-default button-1 fusion-button-default-span fusion-button-default-type fusion-animated\" data-animationType=\"slideInUp\" data-animationDuration=\"0.3\" data-animationOffset=\"top-into-view\" target=\"_self\" href=\"https:\/\/akarsolar.com.tr\/tr\/iletisim\/\"><i class=\"fa-mail-bulk fas button-icon-left\" aria-hidden=\"true\"><\/i><span class=\"fusion-button-text\">\u0130leti\u015fime Ge\u00e7in<\/span><\/a><\/div><\/div><style type=\"text\/css\">.fusion-body .fusion-builder-column-3{width:60% !important;margin-top : 0px;margin-bottom : 25px;}.fusion-builder-column-3 > .fusion-column-wrapper {padding-top : 0px !important;padding-right : 0px !important;margin-right : 3.84%;padding-bottom : 0px !important;padding-left : 0px !important;margin-left : 3.2%;}@media only screen and (max-width:1024px) {.fusion-body .fusion-builder-column-3{width:100% !important;order : 0;margin-top : 30px;}.fusion-builder-column-3 > .fusion-column-wrapper {margin-right : 1.92%;margin-left : 1.92%;}}@media only screen and (max-width:640px) {.fusion-body .fusion-builder-column-3{width:100% !important;order : 0;margin-top : 10px;}.fusion-builder-column-3 > .fusion-column-wrapper {margin-right : 1.92%;margin-left : 1.92%;}}<\/style><\/div><div class=\"fusion-layout-column fusion_builder_column fusion-builder-column-4 fusion_builder_column_2_5 2_5 fusion-flex-column fusion-no-small-visibility\"><div class=\"fusion-column-wrapper fusion-flex-justify-content-flex-start fusion-content-layout-column\" style=\"background-position:left top;background-repeat:no-repeat;-webkit-background-size:cover;-moz-background-size:cover;-o-background-size:cover;background-size:cover;padding: 0px 0px 0px 0px;\"><div ><span class=\" fusion-imageframe imageframe-none imageframe-4 hover-type-none fusion-animated\" data-animationType=\"slideInRight\" data-animationDuration=\"0.3\" data-animationOffset=\"top-into-view\"><img decoding=\"async\" width=\"757\" height=\"690\" title=\"alt-sag-resim\" src=\"https:\/\/akarsolar.com.tr\/wp-content\/uploads\/2021\/09\/alt-sag-resim-1.png\" data-orig-src=\"https:\/\/akarsolar.com.tr\/wp-content\/uploads\/2021\/09\/alt-sag-resim-1.png\" alt class=\"lazyload img-responsive wp-image-1970\" srcset=\"data:image\/svg+xml,%3Csvg%20xmlns%3D%27http%3A%2F%2Fwww.w3.org%2F2000%2Fsvg%27%20width%3D%27757%27%20height%3D%27690%27%20viewBox%3D%270%200%20757%20690%27%3E%3Crect%20width%3D%27757%27%20height%3D%27690%27%20fill-opacity%3D%220%22%2F%3E%3C%2Fsvg%3E\" data-srcset=\"https:\/\/akarsolar.com.tr\/wp-content\/uploads\/2021\/09\/alt-sag-resim-1-200x182.png 200w, https:\/\/akarsolar.com.tr\/wp-content\/uploads\/2021\/09\/alt-sag-resim-1-400x365.png 400w, https:\/\/akarsolar.com.tr\/wp-content\/uploads\/2021\/09\/alt-sag-resim-1-600x547.png 600w, https:\/\/akarsolar.com.tr\/wp-content\/uploads\/2021\/09\/alt-sag-resim-1.png 757w\" data-sizes=\"auto\" data-orig-sizes=\"(max-width: 1024px) 100vw, (max-width: 640px) 100vw, 600px\" \/><\/span><\/div><\/div><style type=\"text\/css\">.fusion-body .fusion-builder-column-4{width:40% !important;margin-top : 0px;margin-bottom : 0px;}.fusion-builder-column-4 > .fusion-column-wrapper {padding-top : 0px !important;padding-right : 0px !important;margin-right : 4.8%;padding-bottom : 0px !important;padding-left : 0px !important;margin-left : 3.84%;}@media only screen and (max-width:1024px) {.fusion-body .fusion-builder-column-4{width:100% !important;order : 0;}.fusion-builder-column-4 > .fusion-column-wrapper {margin-right : 1.92%;margin-left : 1.92%;}}@media only screen and (max-width:640px) {.fusion-body .fusion-builder-column-4{width:100% !important;order : 0;}.fusion-builder-column-4 > .fusion-column-wrapper {margin-right : 1.92%;margin-left : 1.92%;}}<\/style><\/div><\/div><style type=\"text\/css\">.fusion-body .fusion-flex-container.fusion-builder-row-2{ padding-top : 3%;margin-top : 0px;padding-right : 0px;padding-bottom : 2%;margin-bottom : 0px;padding-left : 0px;}<\/style><\/div><\/p>\n","protected":false},"excerpt":{"rendered":"","protected":false},"author":1,"featured_media":0,"parent":9,"menu_order":0,"comment_status":"closed","ping_status":"closed","template":"100-width.php","meta":{"footnotes":""},"yoast_head":"<!-- This site is optimized with the Yoast SEO plugin v21.4 - https:\/\/yoast.com\/wordpress\/plugins\/seo\/ -->\n<title>End\u00fcstriyel \u00c7at\u0131 \u00dczeri G\u00fcne\u015f Enerjisi Santralleri (EPC Hizmeti) - Akar Solar Enerji Sistemleri<\/title>\n<meta name=\"robots\" content=\"index, follow, max-snippet:-1, max-image-preview:large, max-video-preview:-1\" \/>\n<link rel=\"canonical\" href=\"https:\/\/akarsolar.com.tr\/tr\/hizmetlerimiz\/endustriyel-cati-uzeri-gunes-enerjisi-santralleri-epc-hizmeti\/\" \/>\n<meta property=\"og:locale\" content=\"tr_TR\" \/>\n<meta property=\"og:type\" content=\"article\" \/>\n<meta property=\"og:title\" content=\"End\u00fcstriyel \u00c7at\u0131 \u00dczeri G\u00fcne\u015f Enerjisi Santralleri (EPC Hizmeti) - Akar Solar Enerji Sistemleri\" \/>\n<meta property=\"og:url\" content=\"https:\/\/akarsolar.com.tr\/tr\/hizmetlerimiz\/endustriyel-cati-uzeri-gunes-enerjisi-santralleri-epc-hizmeti\/\" \/>\n<meta property=\"og:site_name\" content=\"Akar Solar Enerji Sistemleri\" \/>\n<meta property=\"article:modified_time\" content=\"2022-01-28T10:49:30+00:00\" \/>\n<meta name=\"twitter:card\" content=\"summary_large_image\" \/>\n<meta name=\"twitter:label1\" content=\"Tahmini okuma s\u00fcresi\" \/>\n\t<meta name=\"twitter:data1\" content=\"15 dakika\" \/>\n<script type=\"application\/ld+json\" class=\"yoast-schema-graph\">{\"@context\":\"https:\/\/schema.org\",\"@graph\":[{\"@type\":\"WebPage\",\"@id\":\"https:\/\/akarsolar.com.tr\/tr\/hizmetlerimiz\/endustriyel-cati-uzeri-gunes-enerjisi-santralleri-epc-hizmeti\/\",\"url\":\"https:\/\/akarsolar.com.tr\/tr\/hizmetlerimiz\/endustriyel-cati-uzeri-gunes-enerjisi-santralleri-epc-hizmeti\/\",\"name\":\"End\u00fcstriyel \u00c7at\u0131 \u00dczeri G\u00fcne\u015f Enerjisi Santralleri (EPC Hizmeti) - Akar Solar Enerji Sistemleri\",\"isPartOf\":{\"@id\":\"https:\/\/akarsolar.com.tr\/tr\/#website\"},\"datePublished\":\"2021-06-16T21:43:58+00:00\",\"dateModified\":\"2022-01-28T10:49:30+00:00\",\"breadcrumb\":{\"@id\":\"https:\/\/akarsolar.com.tr\/tr\/hizmetlerimiz\/endustriyel-cati-uzeri-gunes-enerjisi-santralleri-epc-hizmeti\/#breadcrumb\"},\"inLanguage\":\"tr\",\"potentialAction\":[{\"@type\":\"ReadAction\",\"target\":[\"https:\/\/akarsolar.com.tr\/tr\/hizmetlerimiz\/endustriyel-cati-uzeri-gunes-enerjisi-santralleri-epc-hizmeti\/\"]}]},{\"@type\":\"BreadcrumbList\",\"@id\":\"https:\/\/akarsolar.com.tr\/tr\/hizmetlerimiz\/endustriyel-cati-uzeri-gunes-enerjisi-santralleri-epc-hizmeti\/#breadcrumb\",\"itemListElement\":[{\"@type\":\"ListItem\",\"position\":1,\"name\":\"Anasayfa\",\"item\":\"https:\/\/akarsolar.com.tr\/tr\/\"},{\"@type\":\"ListItem\",\"position\":2,\"name\":\"Hizmetlerimiz\",\"item\":\"https:\/\/akarsolar.com.tr\/tr\/hizmetlerimiz\/\"},{\"@type\":\"ListItem\",\"position\":3,\"name\":\"End\u00fcstriyel \u00c7at\u0131 \u00dczeri G\u00fcne\u015f Enerjisi Santralleri (EPC Hizmeti)\"}]},{\"@type\":\"WebSite\",\"@id\":\"https:\/\/akarsolar.com.tr\/tr\/#website\",\"url\":\"https:\/\/akarsolar.com.tr\/tr\/\",\"name\":\"Akar Solar Enerji Sistemleri\",\"description\":\"G\u00fcne\u015f Enerjisi\",\"publisher\":{\"@id\":\"https:\/\/akarsolar.com.tr\/tr\/#organization\"},\"potentialAction\":[{\"@type\":\"SearchAction\",\"target\":{\"@type\":\"EntryPoint\",\"urlTemplate\":\"https:\/\/akarsolar.com.tr\/tr\/?s={search_term_string}\"},\"query-input\":\"required name=search_term_string\"}],\"inLanguage\":\"tr\"},{\"@type\":\"Organization\",\"@id\":\"https:\/\/akarsolar.com.tr\/tr\/#organization\",\"name\":\"Akar Solar Enerji Sistemleri\",\"url\":\"https:\/\/akarsolar.com.tr\/tr\/\",\"logo\":{\"@type\":\"ImageObject\",\"inLanguage\":\"tr\",\"@id\":\"https:\/\/akarsolar.com.tr\/tr\/#\/schema\/logo\/image\/\",\"url\":\"https:\/\/akarsolar.com.tr\/wp-content\/uploads\/2022\/01\/akarsolar_logo_v6.png\",\"contentUrl\":\"https:\/\/akarsolar.com.tr\/wp-content\/uploads\/2022\/01\/akarsolar_logo_v6.png\",\"width\":648,\"height\":156,\"caption\":\"Akar Solar Enerji Sistemleri\"},\"image\":{\"@id\":\"https:\/\/akarsolar.com.tr\/tr\/#\/schema\/logo\/image\/\"},\"sameAs\":[\"https:\/\/www.linkedin.com\/company\/akarsolar\/\"]}]}<\/script>\n<!-- \/ Yoast SEO plugin. -->","yoast_head_json":{"title":"End\u00fcstriyel \u00c7at\u0131 \u00dczeri G\u00fcne\u015f Enerjisi Santralleri (EPC Hizmeti) - Akar Solar Enerji Sistemleri","robots":{"index":"index","follow":"follow","max-snippet":"max-snippet:-1","max-image-preview":"max-image-preview:large","max-video-preview":"max-video-preview:-1"},"canonical":"https:\/\/akarsolar.com.tr\/tr\/hizmetlerimiz\/endustriyel-cati-uzeri-gunes-enerjisi-santralleri-epc-hizmeti\/","og_locale":"tr_TR","og_type":"article","og_title":"End\u00fcstriyel \u00c7at\u0131 \u00dczeri G\u00fcne\u015f Enerjisi Santralleri (EPC Hizmeti) - Akar Solar Enerji Sistemleri","og_url":"https:\/\/akarsolar.com.tr\/tr\/hizmetlerimiz\/endustriyel-cati-uzeri-gunes-enerjisi-santralleri-epc-hizmeti\/","og_site_name":"Akar Solar Enerji Sistemleri","article_modified_time":"2022-01-28T10:49:30+00:00","twitter_card":"summary_large_image","twitter_misc":{"Tahmini okuma s\u00fcresi":"15 dakika"},"schema":{"@context":"https:\/\/schema.org","@graph":[{"@type":"WebPage","@id":"https:\/\/akarsolar.com.tr\/tr\/hizmetlerimiz\/endustriyel-cati-uzeri-gunes-enerjisi-santralleri-epc-hizmeti\/","url":"https:\/\/akarsolar.com.tr\/tr\/hizmetlerimiz\/endustriyel-cati-uzeri-gunes-enerjisi-santralleri-epc-hizmeti\/","name":"End\u00fcstriyel \u00c7at\u0131 \u00dczeri G\u00fcne\u015f Enerjisi Santralleri (EPC Hizmeti) - Akar Solar Enerji Sistemleri","isPartOf":{"@id":"https:\/\/akarsolar.com.tr\/tr\/#website"},"datePublished":"2021-06-16T21:43:58+00:00","dateModified":"2022-01-28T10:49:30+00:00","breadcrumb":{"@id":"https:\/\/akarsolar.com.tr\/tr\/hizmetlerimiz\/endustriyel-cati-uzeri-gunes-enerjisi-santralleri-epc-hizmeti\/#breadcrumb"},"inLanguage":"tr","potentialAction":[{"@type":"ReadAction","target":["https:\/\/akarsolar.com.tr\/tr\/hizmetlerimiz\/endustriyel-cati-uzeri-gunes-enerjisi-santralleri-epc-hizmeti\/"]}]},{"@type":"BreadcrumbList","@id":"https:\/\/akarsolar.com.tr\/tr\/hizmetlerimiz\/endustriyel-cati-uzeri-gunes-enerjisi-santralleri-epc-hizmeti\/#breadcrumb","itemListElement":[{"@type":"ListItem","position":1,"name":"Anasayfa","item":"https:\/\/akarsolar.com.tr\/tr\/"},{"@type":"ListItem","position":2,"name":"Hizmetlerimiz","item":"https:\/\/akarsolar.com.tr\/tr\/hizmetlerimiz\/"},{"@type":"ListItem","position":3,"name":"End\u00fcstriyel \u00c7at\u0131 \u00dczeri G\u00fcne\u015f Enerjisi Santralleri (EPC Hizmeti)"}]},{"@type":"WebSite","@id":"https:\/\/akarsolar.com.tr\/tr\/#website","url":"https:\/\/akarsolar.com.tr\/tr\/","name":"Akar Solar Enerji Sistemleri","description":"G\u00fcne\u015f Enerjisi","publisher":{"@id":"https:\/\/akarsolar.com.tr\/tr\/#organization"},"potentialAction":[{"@type":"SearchAction","target":{"@type":"EntryPoint","urlTemplate":"https:\/\/akarsolar.com.tr\/tr\/?s={search_term_string}"},"query-input":"required name=search_term_string"}],"inLanguage":"tr"},{"@type":"Organization","@id":"https:\/\/akarsolar.com.tr\/tr\/#organization","name":"Akar Solar Enerji Sistemleri","url":"https:\/\/akarsolar.com.tr\/tr\/","logo":{"@type":"ImageObject","inLanguage":"tr","@id":"https:\/\/akarsolar.com.tr\/tr\/#\/schema\/logo\/image\/","url":"https:\/\/akarsolar.com.tr\/wp-content\/uploads\/2022\/01\/akarsolar_logo_v6.png","contentUrl":"https:\/\/akarsolar.com.tr\/wp-content\/uploads\/2022\/01\/akarsolar_logo_v6.png","width":648,"height":156,"caption":"Akar Solar Enerji Sistemleri"},"image":{"@id":"https:\/\/akarsolar.com.tr\/tr\/#\/schema\/logo\/image\/"},"sameAs":["https:\/\/www.linkedin.com\/company\/akarsolar\/"]}]}},"_links":{"self":[{"href":"https:\/\/akarsolar.com.tr\/tr\/wp-json\/wp\/v2\/pages\/1624"}],"collection":[{"href":"https:\/\/akarsolar.com.tr\/tr\/wp-json\/wp\/v2\/pages"}],"about":[{"href":"https:\/\/akarsolar.com.tr\/tr\/wp-json\/wp\/v2\/types\/page"}],"author":[{"embeddable":true,"href":"https:\/\/akarsolar.com.tr\/tr\/wp-json\/wp\/v2\/users\/1"}],"replies":[{"embeddable":true,"href":"https:\/\/akarsolar.com.tr\/tr\/wp-json\/wp\/v2\/comments?post=1624"}],"version-history":[{"count":24,"href":"https:\/\/akarsolar.com.tr\/tr\/wp-json\/wp\/v2\/pages\/1624\/revisions"}],"predecessor-version":[{"id":3467,"href":"https:\/\/akarsolar.com.tr\/tr\/wp-json\/wp\/v2\/pages\/1624\/revisions\/3467"}],"up":[{"embeddable":true,"href":"https:\/\/akarsolar.com.tr\/tr\/wp-json\/wp\/v2\/pages\/9"}],"wp:attachment":[{"href":"https:\/\/akarsolar.com.tr\/tr\/wp-json\/wp\/v2\/media?parent=1624"}],"curies":[{"name":"wp","href":"https:\/\/api.w.org\/{rel}","templated":true}]}}