{"id":1485,"date":"2021-06-05T23:13:07","date_gmt":"2021-06-05T20:13:07","guid":{"rendered":"http:\/\/demo.akarsolar.com.tr\/?page_id=1485"},"modified":"2022-01-22T23:00:18","modified_gmt":"2022-01-22T20:00:18","slug":"insan-kaynaklari","status":"publish","type":"page","link":"https:\/\/akarsolar.com.tr\/tr\/insan-kaynaklari\/","title":{"rendered":"\u0130nsan Kaynaklar\u0131"},"content":{"rendered":"<p><div class=\"fusion-fullwidth fullwidth-box fusion-builder-row-1 fusion-flex-container nonhundred-percent-fullwidth non-hundred-percent-height-scrolling\" style=\"background-color: #ffffff;background-position: left top;background-repeat: no-repeat;border-width: 0px 0px 0px 0px;border-color:#eae9e9;border-style:solid;\" ><div class=\"fusion-builder-row fusion-row fusion-flex-align-items-flex-start\" style=\"max-width:1216.8px;margin-left: calc(-4% \/ 2 );margin-right: calc(-4% \/ 2 );\"><div class=\"fusion-layout-column fusion_builder_column fusion-builder-column-0 fusion_builder_column_1_1 1_1 fusion-flex-column\"><div class=\"fusion-column-wrapper fusion-flex-justify-content-flex-start fusion-content-layout-column\" style=\"background-position:left top;background-repeat:no-repeat;-webkit-background-size:cover;-moz-background-size:cover;-o-background-size:cover;background-size:cover;padding: 0px 0px 0px 0px;\"><div ><style>.fusion-imageframe.imageframe-1{ margin-top : 0px;margin-right : 0px;margin-bottom : 0px;margin-left : 0px;}<\/style><span class=\" fusion-imageframe imageframe-none imageframe-1 hover-type-none\"><img decoding=\"async\" width=\"994\" height=\"117\" title=\"kariyer-politikamiz\" src=\"https:\/\/akarsolar.com.tr\/wp-content\/uploads\/2022\/01\/kariyer-politikamiz.png\" data-orig-src=\"https:\/\/akarsolar.com.tr\/wp-content\/uploads\/2022\/01\/kariyer-politikamiz.png\" alt class=\"lazyload img-responsive wp-image-3271\" srcset=\"data:image\/svg+xml,%3Csvg%20xmlns%3D%27http%3A%2F%2Fwww.w3.org%2F2000%2Fsvg%27%20width%3D%27994%27%20height%3D%27117%27%20viewBox%3D%270%200%20994%20117%27%3E%3Crect%20width%3D%27994%27%20height%3D%27117%27%20fill-opacity%3D%220%22%2F%3E%3C%2Fsvg%3E\" data-srcset=\"https:\/\/akarsolar.com.tr\/wp-content\/uploads\/2022\/01\/kariyer-politikamiz-200x24.png 200w, https:\/\/akarsolar.com.tr\/wp-content\/uploads\/2022\/01\/kariyer-politikamiz-400x47.png 400w, https:\/\/akarsolar.com.tr\/wp-content\/uploads\/2022\/01\/kariyer-politikamiz-600x71.png 600w, https:\/\/akarsolar.com.tr\/wp-content\/uploads\/2022\/01\/kariyer-politikamiz-800x94.png 800w, https:\/\/akarsolar.com.tr\/wp-content\/uploads\/2022\/01\/kariyer-politikamiz.png 994w\" data-sizes=\"auto\" data-orig-sizes=\"(max-width: 1024px) 100vw, (max-width: 640px) 100vw, 994px\" \/><\/span><\/div><div class=\"fusion-text fusion-text-1\" style=\"color:#000000;\"><ul>\n<li>\u00c7al\u0131\u015fanlar\u0131m\u0131z\u0131n motivasyonlar\u0131n\u0131 \u00f6n planda tutarak, etkin ve etkili bir organizasyon olu\u015fturmak,<\/li>\n<li>\u00c7al\u0131\u015fanlar\u0131m\u0131z aras\u0131nda f\u0131rsat e\u015fitli\u011fini olu\u015fturmak,<\/li>\n<li>Do\u011fru ve uygun adaylar\u0131n \u015firketimiz b\u00fcnyesine kazand\u0131r\u0131lmas\u0131n\u0131 sa\u011flamak,<\/li>\n<li>\u015eirketimizin politika ve stratejileri ile uyumlu bir insan kaynaklar\u0131 planlamas\u0131 yapmak,<\/li>\n<li>\u00c7al\u0131\u015fanlar\u0131m\u0131z\u0131n verimlili\u011fini artt\u0131rmak amac\u0131yla, kurum k\u00fclt\u00fcr\u00fc ve bilincinin olu\u015fmas\u0131n\u0131 sa\u011flamak,<\/li>\n<li>\u00c7al\u0131\u015fanlar\u0131m\u0131z\u0131n yeteneklerine uygun yeti\u015fme ve geli\u015fme olanaklar\u0131 sa\u011flayan profesyonel bir \u00e7al\u0131\u015fma ortam\u0131 sa\u011flamak,<\/li>\n<li>\u00c7al\u0131\u015fanlar\u0131m\u0131z\u0131n mesleki ve ki\u015fisel yetkinliklerini g\u00fcncel tutarak, e\u011fitim ve geli\u015fimlerini ya\u015fam boyu s\u00fcrd\u00fcrebilmelerini sa\u011flamak,<\/li>\n<li>Hedeflerimizin ve gelece\u011fimizin devaml\u0131l\u0131\u011f\u0131 i\u00e7in liderlerimizi \u015firket i\u00e7inden yeti\u015ftirmek,<\/li>\n<li>\u00c7al\u0131\u015fanlar\u0131m\u0131z\u0131n yetkinlikleri ve hedefleri do\u011frultusunda kariyer planlamas\u0131 yaparak, verimliliklerini en \u00fcst d\u00fczeye \u00e7\u0131karmak.<\/li>\n<\/ul>\n<\/div><\/div><style type=\"text\/css\">.fusion-body .fusion-builder-column-0{width:100% !important;margin-top : 0px;margin-bottom : 0px;}.fusion-builder-column-0 > .fusion-column-wrapper {padding-top : 0px !important;padding-right : 0px !important;margin-right : 0%;padding-bottom : 0px !important;padding-left : 0px !important;margin-left : 0%;}@media only screen and (max-width:1024px) {.fusion-body .fusion-builder-column-0{width:100% !important;order : 0;}.fusion-builder-column-0 > .fusion-column-wrapper {margin-right : 1.92%;margin-left : 1.92%;}}@media only screen and (max-width:640px) {.fusion-body .fusion-builder-column-0{width:100% !important;order : 0;}.fusion-builder-column-0 > .fusion-column-wrapper {margin-right : 1.92%;margin-left : 1.92%;}}<\/style><\/div><\/div><style type=\"text\/css\">.fusion-body .fusion-flex-container.fusion-builder-row-1{ padding-top : 3%;margin-top : 0px;padding-right : 0px;padding-bottom : 2%;margin-bottom : 0px;padding-left : 0px;}<\/style><\/div><div class=\"fusion-fullwidth fullwidth-box fusion-builder-row-2 fusion-flex-container nonhundred-percent-fullwidth non-hundred-percent-height-scrolling\" style=\"background-color: #f3f3f3;background-position: left top;background-repeat: no-repeat;border-width: 0px 0px 0px 0px;border-color:#eae9e9;border-style:solid;\" ><div class=\"fusion-builder-row fusion-row fusion-flex-align-items-flex-start\" style=\"max-width:1216.8px;margin-left: calc(-4% \/ 2 );margin-right: calc(-4% \/ 2 );\"><div class=\"fusion-layout-column fusion_builder_column fusion-builder-column-1 fusion_builder_column_2_3 2_3 fusion-flex-column\"><div class=\"fusion-column-wrapper fusion-flex-justify-content-flex-start fusion-content-layout-column\" style=\"background-position:left top;background-repeat:no-repeat;-webkit-background-size:cover;-moz-background-size:cover;-o-background-size:cover;background-size:cover;padding: 0px 0px 0px 0px;\"><div class=\"fusion-text fusion-text-2\" style=\"color:#000000;\"><div><\/div>\n<h2 class=\"\" style=\"--fontsize: 32; line-height: 1.31; font-size: 47px; font-family: Ruda; letter-spacing: 7px; color: rgb(255, 186, 73);\" data-fontsize=\"32\" data-lineheight=\"41.92px\" data-fusion-font=\"true\" data-fusion-google-font=\"Ruda\" data-fusion-google-variant=\"400\"><b>Kariyer F\u0131rsatlar\u0131<\/b><\/h2>\n<p>\u00d6zg\u00fcveni y\u00fcksek, hayallerinin pe\u015finden giden ve bu hayallerini hayata ge\u00e7iren insanlar\u0131n daha mutlu olaca\u011f\u0131na inan\u0131yoruz. Hedeflerimize ula\u015fman\u0131n en \u00f6nemli unsurunun, kalifiye ve mutlu \u00e7al\u0131\u015fanlar oldu\u011funun bilincindeyiz. \u0130nsan Kaynaklar\u0131 y\u00f6netimimizi de bu do\u011frultuda \u015fekillendiriyoruz. \u015eirketimizin ihtiya\u00e7 duydu\u011fu insan kayna\u011f\u0131n\u0131n se\u00e7imini, i\u015f kollar\u0131m\u0131z\u0131n ihtiya\u00e7lar\u0131n\u0131n yan\u0131 s\u0131ra geli\u015fmeye a\u00e7\u0131k, de\u011ferlerimizi benimseyip ya\u015fatacak ki\u015filer aras\u0131ndan e\u015fit f\u0131rsat ilkesini g\u00f6zeterek yap\u0131yoruz.<\/p>\n<p>A\u00e7\u0131labilecek pozisyonlarda de\u011ferlendirilmek \u00fczere \u00f6zge\u00e7mi\u015finizi bize a\u015fa\u011f\u0131daki mail adresimiz \u00fczerinden ula\u015ft\u0131rabilirsiniz.<\/p>\n<p>ik@akarsolar.com.tr<\/p>\n<\/div><\/div><style type=\"text\/css\">.fusion-body .fusion-builder-column-1{width:66.666666666667% !important;margin-top : 0px;margin-bottom : 0px;}.fusion-builder-column-1 > .fusion-column-wrapper {padding-top : 0px !important;padding-right : 0px !important;margin-right : 0%;padding-bottom : 0px !important;padding-left : 0px !important;margin-left : 0%;}@media only screen and (max-width:1024px) {.fusion-body .fusion-builder-column-1{width:100% !important;order : 0;}.fusion-builder-column-1 > .fusion-column-wrapper {margin-right : 1.92%;margin-left : 1.92%;}}@media only screen and (max-width:640px) {.fusion-body .fusion-builder-column-1{width:100% !important;order : 0;}.fusion-builder-column-1 > .fusion-column-wrapper {margin-right : 1.92%;margin-left : 1.92%;}}<\/style><\/div><\/div><style type=\"text\/css\">.fusion-body .fusion-flex-container.fusion-builder-row-2{ padding-top : 3%;margin-top : 0px;padding-right : 0px;padding-bottom : 2%;margin-bottom : 0px;padding-left : 0px;}<\/style><\/div><div class=\"fusion-fullwidth fullwidth-box fusion-builder-row-3 fusion-flex-container hundred-percent-fullwidth non-hundred-percent-height-scrolling\" style=\"background-color: rgba(255,255,255,0);background-position: center center;background-repeat: no-repeat;border-width: 0px 0px 0px 0px;border-color:#eae9e9;border-style:solid;\" ><div class=\"fusion-builder-row fusion-row fusion-flex-align-items-flex-start\" style=\"width:104% !important;max-width:104% !important;margin-left: calc(-4% \/ 2 );margin-right: calc(-4% \/ 2 );\"><div class=\"fusion-layout-column fusion_builder_column fusion-builder-column-2 fusion_builder_column_1_1 1_1 fusion-flex-column\"><div class=\"fusion-column-wrapper fusion-flex-justify-content-flex-start fusion-content-layout-column\" style=\"background-position:left top;background-repeat:no-repeat;-webkit-background-size:cover;-moz-background-size:cover;-o-background-size:cover;background-size:cover;padding: 0px 0px 0px 0px;\"><div ><span class=\" fusion-imageframe imageframe-none imageframe-2 hover-type-none kariyer-absolute-image\"><img decoding=\"async\" width=\"991\" height=\"753\" title=\"kariyer-right\" src=\"https:\/\/akarsolar.com.tr\/wp-content\/uploads\/2022\/01\/kariyer-right.png\" data-orig-src=\"https:\/\/akarsolar.com.tr\/wp-content\/uploads\/2022\/01\/kariyer-right.png\" alt class=\"lazyload img-responsive wp-image-2988\" srcset=\"data:image\/svg+xml,%3Csvg%20xmlns%3D%27http%3A%2F%2Fwww.w3.org%2F2000%2Fsvg%27%20width%3D%27991%27%20height%3D%27753%27%20viewBox%3D%270%200%20991%20753%27%3E%3Crect%20width%3D%27991%27%20height%3D%27753%27%20fill-opacity%3D%220%22%2F%3E%3C%2Fsvg%3E\" data-srcset=\"https:\/\/akarsolar.com.tr\/wp-content\/uploads\/2022\/01\/kariyer-right-200x152.png 200w, https:\/\/akarsolar.com.tr\/wp-content\/uploads\/2022\/01\/kariyer-right-400x304.png 400w, https:\/\/akarsolar.com.tr\/wp-content\/uploads\/2022\/01\/kariyer-right-600x456.png 600w, https:\/\/akarsolar.com.tr\/wp-content\/uploads\/2022\/01\/kariyer-right-800x608.png 800w, https:\/\/akarsolar.com.tr\/wp-content\/uploads\/2022\/01\/kariyer-right.png 991w\" data-sizes=\"auto\" data-orig-sizes=\"(max-width: 1024px) 100vw, (max-width: 640px) 100vw, 991px\" \/><\/span><\/div><\/div><style type=\"text\/css\">.fusion-body .fusion-builder-column-2{width:100% !important;margin-top : 0px;margin-bottom : 0px;}.fusion-builder-column-2 > .fusion-column-wrapper {padding-top : 0px !important;padding-right : 0px !important;margin-right : 1.92%;padding-bottom : 0px !important;padding-left : 0px !important;margin-left : 1.92%;}@media only screen and (max-width:1024px) {.fusion-body .fusion-builder-column-2{width:100% !important;order : 0;}.fusion-builder-column-2 > .fusion-column-wrapper {margin-right : 1.92%;margin-left : 1.92%;}}@media only screen and (max-width:640px) {.fusion-body .fusion-builder-column-2{width:100% !important;order : 0;}.fusion-builder-column-2 > .fusion-column-wrapper {margin-right : 1.92%;margin-left : 1.92%;}}<\/style><\/div><\/div><style type=\"text\/css\">.fusion-body .fusion-flex-container.fusion-builder-row-3{ padding-top : 0px;margin-top : 0px;padding-right : 0px;padding-bottom : 0px;margin-bottom : 0px;padding-left : 0px;}<\/style><\/div><\/p>\n","protected":false},"excerpt":{"rendered":"","protected":false},"author":1,"featured_media":0,"parent":0,"menu_order":0,"comment_status":"closed","ping_status":"closed","template":"100-width.php","meta":{"footnotes":""},"yoast_head":"<!-- This site is optimized with the Yoast SEO plugin v21.4 - https:\/\/yoast.com\/wordpress\/plugins\/seo\/ -->\n<title>\u0130nsan Kaynaklar\u0131 - Akar Solar Enerji Sistemleri<\/title>\n<meta name=\"robots\" content=\"index, follow, max-snippet:-1, max-image-preview:large, max-video-preview:-1\" \/>\n<link rel=\"canonical\" href=\"https:\/\/akarsolar.com.tr\/tr\/insan-kaynaklari\/\" \/>\n<meta property=\"og:locale\" content=\"tr_TR\" \/>\n<meta property=\"og:type\" content=\"article\" \/>\n<meta property=\"og:title\" content=\"\u0130nsan Kaynaklar\u0131 - Akar Solar Enerji Sistemleri\" \/>\n<meta property=\"og:url\" content=\"https:\/\/akarsolar.com.tr\/tr\/insan-kaynaklari\/\" \/>\n<meta property=\"og:site_name\" content=\"Akar Solar Enerji Sistemleri\" \/>\n<meta property=\"article:modified_time\" content=\"2022-01-22T20:00:18+00:00\" \/>\n<meta name=\"twitter:card\" content=\"summary_large_image\" \/>\n<meta name=\"twitter:label1\" content=\"Tahmini okuma s\u00fcresi\" \/>\n\t<meta name=\"twitter:data1\" content=\"7 dakika\" \/>\n<script type=\"application\/ld+json\" class=\"yoast-schema-graph\">{\"@context\":\"https:\/\/schema.org\",\"@graph\":[{\"@type\":\"WebPage\",\"@id\":\"https:\/\/akarsolar.com.tr\/tr\/insan-kaynaklari\/\",\"url\":\"https:\/\/akarsolar.com.tr\/tr\/insan-kaynaklari\/\",\"name\":\"\u0130nsan Kaynaklar\u0131 - Akar Solar Enerji Sistemleri\",\"isPartOf\":{\"@id\":\"https:\/\/akarsolar.com.tr\/tr\/#website\"},\"datePublished\":\"2021-06-05T20:13:07+00:00\",\"dateModified\":\"2022-01-22T20:00:18+00:00\",\"breadcrumb\":{\"@id\":\"https:\/\/akarsolar.com.tr\/tr\/insan-kaynaklari\/#breadcrumb\"},\"inLanguage\":\"tr\",\"potentialAction\":[{\"@type\":\"ReadAction\",\"target\":[\"https:\/\/akarsolar.com.tr\/tr\/insan-kaynaklari\/\"]}]},{\"@type\":\"BreadcrumbList\",\"@id\":\"https:\/\/akarsolar.com.tr\/tr\/insan-kaynaklari\/#breadcrumb\",\"itemListElement\":[{\"@type\":\"ListItem\",\"position\":1,\"name\":\"Anasayfa\",\"item\":\"https:\/\/akarsolar.com.tr\/tr\/\"},{\"@type\":\"ListItem\",\"position\":2,\"name\":\"\u0130nsan Kaynaklar\u0131\"}]},{\"@type\":\"WebSite\",\"@id\":\"https:\/\/akarsolar.com.tr\/tr\/#website\",\"url\":\"https:\/\/akarsolar.com.tr\/tr\/\",\"name\":\"Akar Solar Enerji Sistemleri\",\"description\":\"G\u00fcne\u015f Enerjisi\",\"publisher\":{\"@id\":\"https:\/\/akarsolar.com.tr\/tr\/#organization\"},\"potentialAction\":[{\"@type\":\"SearchAction\",\"target\":{\"@type\":\"EntryPoint\",\"urlTemplate\":\"https:\/\/akarsolar.com.tr\/tr\/?s={search_term_string}\"},\"query-input\":\"required name=search_term_string\"}],\"inLanguage\":\"tr\"},{\"@type\":\"Organization\",\"@id\":\"https:\/\/akarsolar.com.tr\/tr\/#organization\",\"name\":\"Akar Solar Enerji Sistemleri\",\"url\":\"https:\/\/akarsolar.com.tr\/tr\/\",\"logo\":{\"@type\":\"ImageObject\",\"inLanguage\":\"tr\",\"@id\":\"https:\/\/akarsolar.com.tr\/tr\/#\/schema\/logo\/image\/\",\"url\":\"https:\/\/akarsolar.com.tr\/wp-content\/uploads\/2022\/01\/akarsolar_logo_v6.png\",\"contentUrl\":\"https:\/\/akarsolar.com.tr\/wp-content\/uploads\/2022\/01\/akarsolar_logo_v6.png\",\"width\":648,\"height\":156,\"caption\":\"Akar Solar Enerji Sistemleri\"},\"image\":{\"@id\":\"https:\/\/akarsolar.com.tr\/tr\/#\/schema\/logo\/image\/\"},\"sameAs\":[\"https:\/\/www.linkedin.com\/company\/akarsolar\/\"]}]}<\/script>\n<!-- \/ Yoast SEO plugin. -->","yoast_head_json":{"title":"\u0130nsan Kaynaklar\u0131 - Akar Solar Enerji Sistemleri","robots":{"index":"index","follow":"follow","max-snippet":"max-snippet:-1","max-image-preview":"max-image-preview:large","max-video-preview":"max-video-preview:-1"},"canonical":"https:\/\/akarsolar.com.tr\/tr\/insan-kaynaklari\/","og_locale":"tr_TR","og_type":"article","og_title":"\u0130nsan Kaynaklar\u0131 - Akar Solar Enerji Sistemleri","og_url":"https:\/\/akarsolar.com.tr\/tr\/insan-kaynaklari\/","og_site_name":"Akar Solar Enerji Sistemleri","article_modified_time":"2022-01-22T20:00:18+00:00","twitter_card":"summary_large_image","twitter_misc":{"Tahmini okuma s\u00fcresi":"7 dakika"},"schema":{"@context":"https:\/\/schema.org","@graph":[{"@type":"WebPage","@id":"https:\/\/akarsolar.com.tr\/tr\/insan-kaynaklari\/","url":"https:\/\/akarsolar.com.tr\/tr\/insan-kaynaklari\/","name":"\u0130nsan Kaynaklar\u0131 - Akar Solar Enerji Sistemleri","isPartOf":{"@id":"https:\/\/akarsolar.com.tr\/tr\/#website"},"datePublished":"2021-06-05T20:13:07+00:00","dateModified":"2022-01-22T20:00:18+00:00","breadcrumb":{"@id":"https:\/\/akarsolar.com.tr\/tr\/insan-kaynaklari\/#breadcrumb"},"inLanguage":"tr","potentialAction":[{"@type":"ReadAction","target":["https:\/\/akarsolar.com.tr\/tr\/insan-kaynaklari\/"]}]},{"@type":"BreadcrumbList","@id":"https:\/\/akarsolar.com.tr\/tr\/insan-kaynaklari\/#breadcrumb","itemListElement":[{"@type":"ListItem","position":1,"name":"Anasayfa","item":"https:\/\/akarsolar.com.tr\/tr\/"},{"@type":"ListItem","position":2,"name":"\u0130nsan Kaynaklar\u0131"}]},{"@type":"WebSite","@id":"https:\/\/akarsolar.com.tr\/tr\/#website","url":"https:\/\/akarsolar.com.tr\/tr\/","name":"Akar Solar Enerji Sistemleri","description":"G\u00fcne\u015f Enerjisi","publisher":{"@id":"https:\/\/akarsolar.com.tr\/tr\/#organization"},"potentialAction":[{"@type":"SearchAction","target":{"@type":"EntryPoint","urlTemplate":"https:\/\/akarsolar.com.tr\/tr\/?s={search_term_string}"},"query-input":"required name=search_term_string"}],"inLanguage":"tr"},{"@type":"Organization","@id":"https:\/\/akarsolar.com.tr\/tr\/#organization","name":"Akar Solar Enerji Sistemleri","url":"https:\/\/akarsolar.com.tr\/tr\/","logo":{"@type":"ImageObject","inLanguage":"tr","@id":"https:\/\/akarsolar.com.tr\/tr\/#\/schema\/logo\/image\/","url":"https:\/\/akarsolar.com.tr\/wp-content\/uploads\/2022\/01\/akarsolar_logo_v6.png","contentUrl":"https:\/\/akarsolar.com.tr\/wp-content\/uploads\/2022\/01\/akarsolar_logo_v6.png","width":648,"height":156,"caption":"Akar Solar Enerji Sistemleri"},"image":{"@id":"https:\/\/akarsolar.com.tr\/tr\/#\/schema\/logo\/image\/"},"sameAs":["https:\/\/www.linkedin.com\/company\/akarsolar\/"]}]}},"_links":{"self":[{"href":"https:\/\/akarsolar.com.tr\/tr\/wp-json\/wp\/v2\/pages\/1485"}],"collection":[{"href":"https:\/\/akarsolar.com.tr\/tr\/wp-json\/wp\/v2\/pages"}],"about":[{"href":"https:\/\/akarsolar.com.tr\/tr\/wp-json\/wp\/v2\/types\/page"}],"author":[{"embeddable":true,"href":"https:\/\/akarsolar.com.tr\/tr\/wp-json\/wp\/v2\/users\/1"}],"replies":[{"embeddable":true,"href":"https:\/\/akarsolar.com.tr\/tr\/wp-json\/wp\/v2\/comments?post=1485"}],"version-history":[{"count":24,"href":"https:\/\/akarsolar.com.tr\/tr\/wp-json\/wp\/v2\/pages\/1485\/revisions"}],"predecessor-version":[{"id":3273,"href":"https:\/\/akarsolar.com.tr\/tr\/wp-json\/wp\/v2\/pages\/1485\/revisions\/3273"}],"wp:attachment":[{"href":"https:\/\/akarsolar.com.tr\/tr\/wp-json\/wp\/v2\/media?parent=1485"}],"curies":[{"name":"wp","href":"https:\/\/api.w.org\/{rel}","templated":true}]}}